{"id":16382,"date":"2020-05-11T15:55:41","date_gmt":"2020-05-11T13:55:41","guid":{"rendered":"https:\/\/thebiopool.com\/?post_type=product&#038;p=16382"},"modified":"2026-01-27T10:53:09","modified_gmt":"2026-01-27T09:53:09","slug":"brush-biber-22","status":"publish","type":"product","link":"https:\/\/thebiopool.com\/es\/product\/brush-biber-22\/","title":{"rendered":"Cepillo BIBER 22"},"content":{"rendered":"<p>Ventajas del BIBER 22 BRUSH \u2013 variante con fuente de alimentaci\u00f3n:<br \/>\nLimpieza eficiente y f\u00e1cil<br \/>\nTrabajo sin nube<br \/>\nLa unidad de interruptor controla la direcci\u00f3n de rotaci\u00f3n del accesorio del cepillo.<br \/>\nCompatible con los aspiradores de lodos de estanques FANGO 2000, TORPEDO y TORPEDO ULTRA<br \/>\nTrabajo ininterrumpido gracias al funcionamiento con fuente de alimentaci\u00f3n.<\/p>\n<p>Incluido en el precio:<br \/>\nCEPILLO CASTOR 22<br \/>\nUnidad de conmutaci\u00f3n con cambio de sentido de giro.<br \/>\nP\u00e9rtiga telesc\u00f3pica TRIOVAL GRP 2,5 &#8211; 5,0 m<br \/>\nPincel amarillo (suave)<br \/>\nJuego de fuente de alimentaci\u00f3n (compuesto por 1 fuente de alimentaci\u00f3n y 1 cable de extensi\u00f3n de 7,5 m)<br \/>\nExtractor de cepillos<\/p>\n<p>BIBER 22 BRUSH &#8211; versi\u00f3n con fuente de alimentaci\u00f3n<\/p>\n<p>Incluye barra telesc\u00f3pica extensible TRIOVAL GFK de 2,5-5,0 m, unidad de conmutaci\u00f3n con cambio de direcci\u00f3n de giro, cepillo amarillo (suave) y juego de fuente de alimentaci\u00f3n (compuesto por fuente de alimentaci\u00f3n y cable alargador de 7,5 m)<\/p>\n<p>Datos t\u00e9cnicos:<\/p>\n<p>\u00b7 Conexi\u00f3n de aspiraci\u00f3n integrada para el limpiafondos de estanques por aspiraci\u00f3n de R\u00f6ssle.<\/p>\n<p>\u00b7 Conexi\u00f3n de aspiraci\u00f3n: \u00f8 38 mm \/ \u00f8 50 mm<\/p>\n<p>\u00b7 Ancho de trabajo: 22 cm<\/p>\n<p>\u00b7 Funcionamiento ininterrumpido posible gracias a la fuente de alimentaci\u00f3n<\/p>\n<p>!!! \u00a1\u00a1\u00a1Por favor, preste atenci\u00f3n a las instrucciones de seguridad!!!<\/p>","protected":false},"excerpt":{"rendered":"<p>Incl. 21% de IVA, m\u00e1s env\u00edo<\/p>\n<p>El cepillo el\u00e9ctrico BIBER 22 BRUSH es el aparato ideal para la limpieza eficiente de las paredes verticales de estanques y piscinas.<br \/>\nEl cepillo se aspira a la superficie mediante rotaci\u00f3n y se puede mover de forma f\u00e1cil y sin esfuerzo mediante la barra telesc\u00f3pica, que se puede extender hasta 5 m. La suciedad desprendida se puede aspirar simult\u00e1neamente con un limpiador de estanques mediante una manguera de succi\u00f3n conectada. De este modo, el sistema funciona sin enturbiar. La direcci\u00f3n de rotaci\u00f3n del accesorio de cepillo tambi\u00e9n se puede controlar mediante la unidad de interruptores.<br \/>\nLa amplia gama de accesorios opcionales ofrece varios accesorios de cepillo f\u00e1cilmente intercambiables para diferentes tipos de superficies y niveles de suciedad.<\/p>\n","protected":false},"featured_media":18483,"comment_status":"open","ping_status":"closed","template":"","meta":[],"product_brand":[],"product_cat":[218,214],"product_tag":[],"class_list":{"0":"post-16382","1":"product","2":"type-product","3":"status-publish","4":"has-post-thumbnail","6":"product_cat-electricbrush","7":"product_cat-dusen-bursten","8":"product_shipping_class-bisam","10":"first","11":"instock","12":"taxable","13":"shipping-taxable","14":"purchasable","15":"product-type-simple"},"yoast_head":"<!-- This site is optimized with the Yoast SEO plugin v27.4 - https:\/\/yoast.com\/product\/yoast-seo-wordpress\/ -->\n<title>Cepillo BIBER 22 - expertos en piscinas y estanques naturales<\/title>\n<meta name=\"robots\" content=\"index, follow, max-snippet:-1, max-image-preview:large, max-video-preview:-1\" \/>\n<link rel=\"canonical\" href=\"https:\/\/thebiopool.com\/es\/product\/brush-biber-22\/\" \/>\n<meta property=\"og:locale\" content=\"es_ES\" \/>\n<meta property=\"og:type\" content=\"article\" \/>\n<meta property=\"og:title\" content=\"Cepillo BIBER 22 - expertos en piscinas y estanques naturales\" \/>\n<meta property=\"og:description\" content=\"Incl. 21% de IVA, m\u00e1s env\u00edo  El cepillo el\u00e9ctrico BIBER 22 BRUSH es el aparato ideal para la limpieza eficiente de las paredes verticales de estanques y piscinas. El cepillo se aspira a la superficie mediante rotaci\u00f3n y se puede mover de forma f\u00e1cil y sin esfuerzo mediante la barra telesc\u00f3pica, que se puede extender hasta 5 m. La suciedad desprendida se puede aspirar simult\u00e1neamente con un limpiador de estanques mediante una manguera de succi\u00f3n conectada. De este modo, el sistema funciona sin enturbiar. La direcci\u00f3n de rotaci\u00f3n del accesorio de cepillo tambi\u00e9n se puede controlar mediante la unidad de interruptores. La amplia gama de accesorios opcionales ofrece varios accesorios de cepillo f\u00e1cilmente intercambiables para diferentes tipos de superficies y niveles de suciedad.\" \/>\n<meta property=\"og:url\" content=\"https:\/\/thebiopool.com\/es\/product\/brush-biber-22\/\" \/>\n<meta property=\"og:site_name\" content=\"expertos en piscinas y estanques naturales\" \/>\n<meta property=\"article:publisher\" content=\"https:\/\/www.facebook.com\/Naturaleza-y-Arte-Stefan-Meier-162702410430553\/\" \/>\n<meta property=\"article:modified_time\" content=\"2026-01-27T09:53:09+00:00\" \/>\n<meta property=\"og:image\" content=\"https:\/\/thebiopool.com\/wp-content\/uploads\/image_biber22.jpg\" \/>\n\t<meta property=\"og:image:width\" content=\"1024\" \/>\n\t<meta property=\"og:image:height\" content=\"682\" \/>\n\t<meta property=\"og:image:type\" content=\"image\/jpeg\" \/>\n<meta name=\"twitter:card\" content=\"summary_large_image\" \/>\n<meta name=\"twitter:label1\" content=\"Tiempo de lectura\" \/>\n\t<meta name=\"twitter:data1\" content=\"1 minuto\" \/>\n<script type=\"application\/ld+json\" class=\"yoast-schema-graph\">{\"@context\":\"https:\\\/\\\/schema.org\",\"@graph\":[{\"@type\":\"WebPage\",\"@id\":\"https:\\\/\\\/thebiopool.com\\\/es\\\/product\\\/brush-biber-22\\\/\",\"url\":\"https:\\\/\\\/thebiopool.com\\\/es\\\/product\\\/brush-biber-22\\\/\",\"name\":\"Cepillo BIBER 22 - expertos en piscinas y estanques naturales\",\"isPartOf\":{\"@id\":\"https:\\\/\\\/thebiopool.com\\\/es\\\/#website\"},\"primaryImageOfPage\":{\"@id\":\"https:\\\/\\\/thebiopool.com\\\/es\\\/product\\\/brush-biber-22\\\/#primaryimage\"},\"image\":{\"@id\":\"https:\\\/\\\/thebiopool.com\\\/product\\\/brush-biber-22\\\/#primaryimage\"},\"thumbnailUrl\":\"https:\\\/\\\/thebiopool.com\\\/wp-content\\\/uploads\\\/image_biber22.jpg\",\"datePublished\":\"2020-05-11T13:55:41+00:00\",\"dateModified\":\"2026-01-27T09:53:09+00:00\",\"breadcrumb\":{\"@id\":\"https:\\\/\\\/thebiopool.com\\\/es\\\/product\\\/brush-biber-22\\\/#breadcrumb\"},\"inLanguage\":\"es\",\"potentialAction\":[{\"@type\":\"ReadAction\",\"target\":[[\"https:\\\/\\\/thebiopool.com\\\/es\\\/product\\\/brush-biber-22\\\/\"]]}]},{\"@type\":\"ImageObject\",\"inLanguage\":\"es\",\"@id\":\"https:\\\/\\\/thebiopool.com\\\/es\\\/product\\\/brush-biber-22\\\/#primaryimage\",\"url\":\"https:\\\/\\\/thebiopool.com\\\/wp-content\\\/uploads\\\/image_biber22.jpg\",\"contentUrl\":\"https:\\\/\\\/thebiopool.com\\\/wp-content\\\/uploads\\\/image_biber22.jpg\",\"width\":1024,\"height\":682},{\"@type\":\"BreadcrumbList\",\"@id\":\"https:\\\/\\\/thebiopool.com\\\/es\\\/product\\\/brush-biber-22\\\/#breadcrumb\",\"itemListElement\":[{\"@type\":\"ListItem\",\"position\":1,\"name\":\"Home\",\"item\":\"https:\\\/\\\/thebiopool.com\\\/es\\\/\"},{\"@type\":\"ListItem\",\"position\":2,\"name\":\"Shop\",\"item\":\"https:\\\/\\\/thebiopool.com\\\/es\\\/shop\\\/\"},{\"@type\":\"ListItem\",\"position\":3,\"name\":\"Brush BIBER 22 &#8211; Power supply version\"}]},{\"@type\":\"WebSite\",\"@id\":\"https:\\\/\\\/thebiopool.com\\\/es\\\/#website\",\"url\":\"https:\\\/\\\/thebiopool.com\\\/es\\\/\",\"name\":\"TheBiopool\",\"description\":\"planificamos y creamos su estanque natural\",\"publisher\":{\"@id\":\"https:\\\/\\\/thebiopool.com\\\/es\\\/#organization\"},\"potentialAction\":[{\"@type\":\"SearchAction\",\"target\":{\"@type\":\"EntryPoint\",\"urlTemplate\":\"https:\\\/\\\/thebiopool.com\\\/es\\\/?s={search_term_string}\"},\"query-input\":{\"@type\":\"PropertyValueSpecification\",\"valueRequired\":true,\"valueName\":\"search_term_string\"}}],\"inLanguage\":\"es\"},{\"@type\":\"Organization\",\"@id\":\"https:\\\/\\\/thebiopool.com\\\/es\\\/#organization\",\"name\":\"TheBiopool\",\"url\":\"https:\\\/\\\/thebiopool.com\\\/es\\\/\",\"logo\":{\"@type\":\"ImageObject\",\"inLanguage\":\"es\",\"@id\":\"https:\\\/\\\/thebiopool.com\\\/es\\\/#\\\/schema\\\/logo\\\/image\\\/\",\"url\":\"https:\\\/\\\/thebiopool.com\\\/wp-content\\\/uploads\\\/logo-schatten-website-klein.png\",\"contentUrl\":\"https:\\\/\\\/thebiopool.com\\\/wp-content\\\/uploads\\\/logo-schatten-website-klein.png\",\"width\":220,\"height\":64,\"caption\":\"TheBiopool\"},\"image\":{\"@id\":\"https:\\\/\\\/thebiopool.com\\\/es\\\/#\\\/schema\\\/logo\\\/image\\\/\"},\"sameAs\":[\"https:\\\/\\\/www.facebook.com\\\/Naturaleza-y-Arte-Stefan-Meier-162702410430553\\\/\",\"https:\\\/\\\/www.instagram.com\\\/thebiopool\\\/\"]}]}<\/script>\n<!-- \/ Yoast SEO plugin. -->","yoast_head_json":{"title":"Cepillo BIBER 22 - expertos en piscinas y estanques naturales","robots":{"index":"index","follow":"follow","max-snippet":"max-snippet:-1","max-image-preview":"max-image-preview:large","max-video-preview":"max-video-preview:-1"},"canonical":"https:\/\/thebiopool.com\/es\/product\/brush-biber-22\/","og_locale":"es_ES","og_type":"article","og_title":"Cepillo BIBER 22 - expertos en piscinas y estanques naturales","og_description":"Incl. 21% de IVA, m\u00e1s env\u00edo  El cepillo el\u00e9ctrico BIBER 22 BRUSH es el aparato ideal para la limpieza eficiente de las paredes verticales de estanques y piscinas. El cepillo se aspira a la superficie mediante rotaci\u00f3n y se puede mover de forma f\u00e1cil y sin esfuerzo mediante la barra telesc\u00f3pica, que se puede extender hasta 5 m. La suciedad desprendida se puede aspirar simult\u00e1neamente con un limpiador de estanques mediante una manguera de succi\u00f3n conectada. De este modo, el sistema funciona sin enturbiar. La direcci\u00f3n de rotaci\u00f3n del accesorio de cepillo tambi\u00e9n se puede controlar mediante la unidad de interruptores. La amplia gama de accesorios opcionales ofrece varios accesorios de cepillo f\u00e1cilmente intercambiables para diferentes tipos de superficies y niveles de suciedad.","og_url":"https:\/\/thebiopool.com\/es\/product\/brush-biber-22\/","og_site_name":"expertos en piscinas y estanques naturales","article_publisher":"https:\/\/www.facebook.com\/Naturaleza-y-Arte-Stefan-Meier-162702410430553\/","article_modified_time":"2026-01-27T09:53:09+00:00","og_image":[{"width":1024,"height":682,"url":"https:\/\/thebiopool.com\/wp-content\/uploads\/image_biber22.jpg","type":"image\/jpeg"}],"twitter_card":"summary_large_image","twitter_misc":{"Tiempo de lectura":"1 minuto"},"schema":{"@context":"https:\/\/schema.org","@graph":[{"@type":"WebPage","@id":"https:\/\/thebiopool.com\/es\/product\/brush-biber-22\/","url":"https:\/\/thebiopool.com\/es\/product\/brush-biber-22\/","name":"Cepillo BIBER 22 - expertos en piscinas y estanques naturales","isPartOf":{"@id":"https:\/\/thebiopool.com\/es\/#website"},"primaryImageOfPage":{"@id":"https:\/\/thebiopool.com\/es\/product\/brush-biber-22\/#primaryimage"},"image":{"@id":"https:\/\/thebiopool.com\/product\/brush-biber-22\/#primaryimage"},"thumbnailUrl":"https:\/\/thebiopool.com\/wp-content\/uploads\/image_biber22.jpg","datePublished":"2020-05-11T13:55:41+00:00","dateModified":"2026-01-27T09:53:09+00:00","breadcrumb":{"@id":"https:\/\/thebiopool.com\/es\/product\/brush-biber-22\/#breadcrumb"},"inLanguage":"es","potentialAction":[{"@type":"ReadAction","target":[["https:\/\/thebiopool.com\/es\/product\/brush-biber-22\/"]]}]},{"@type":"ImageObject","inLanguage":"es","@id":"https:\/\/thebiopool.com\/es\/product\/brush-biber-22\/#primaryimage","url":"https:\/\/thebiopool.com\/wp-content\/uploads\/image_biber22.jpg","contentUrl":"https:\/\/thebiopool.com\/wp-content\/uploads\/image_biber22.jpg","width":1024,"height":682},{"@type":"BreadcrumbList","@id":"https:\/\/thebiopool.com\/es\/product\/brush-biber-22\/#breadcrumb","itemListElement":[{"@type":"ListItem","position":1,"name":"Home","item":"https:\/\/thebiopool.com\/es\/"},{"@type":"ListItem","position":2,"name":"Shop","item":"https:\/\/thebiopool.com\/es\/shop\/"},{"@type":"ListItem","position":3,"name":"Brush BIBER 22 &#8211; Power supply version"}]},{"@type":"WebSite","@id":"https:\/\/thebiopool.com\/es\/#website","url":"https:\/\/thebiopool.com\/es\/","name":"TheBiopool","description":"planificamos y creamos su estanque natural","publisher":{"@id":"https:\/\/thebiopool.com\/es\/#organization"},"potentialAction":[{"@type":"SearchAction","target":{"@type":"EntryPoint","urlTemplate":"https:\/\/thebiopool.com\/es\/?s={search_term_string}"},"query-input":{"@type":"PropertyValueSpecification","valueRequired":true,"valueName":"search_term_string"}}],"inLanguage":"es"},{"@type":"Organization","@id":"https:\/\/thebiopool.com\/es\/#organization","name":"TheBiopool","url":"https:\/\/thebiopool.com\/es\/","logo":{"@type":"ImageObject","inLanguage":"es","@id":"https:\/\/thebiopool.com\/es\/#\/schema\/logo\/image\/","url":"https:\/\/thebiopool.com\/wp-content\/uploads\/logo-schatten-website-klein.png","contentUrl":"https:\/\/thebiopool.com\/wp-content\/uploads\/logo-schatten-website-klein.png","width":220,"height":64,"caption":"TheBiopool"},"image":{"@id":"https:\/\/thebiopool.com\/es\/#\/schema\/logo\/image\/"},"sameAs":["https:\/\/www.facebook.com\/Naturaleza-y-Arte-Stefan-Meier-162702410430553\/","https:\/\/www.instagram.com\/thebiopool\/"]}]}},"_links":{"self":[{"href":"https:\/\/thebiopool.com\/es\/wp-json\/wp\/v2\/product\/16382","targetHints":{"allow":["GET"]}}],"collection":[{"href":"https:\/\/thebiopool.com\/es\/wp-json\/wp\/v2\/product"}],"about":[{"href":"https:\/\/thebiopool.com\/es\/wp-json\/wp\/v2\/types\/product"}],"replies":[{"embeddable":true,"href":"https:\/\/thebiopool.com\/es\/wp-json\/wp\/v2\/comments?post=16382"}],"wp:featuredmedia":[{"embeddable":true,"href":"https:\/\/thebiopool.com\/es\/wp-json\/wp\/v2\/media\/18483"}],"wp:attachment":[{"href":"https:\/\/thebiopool.com\/es\/wp-json\/wp\/v2\/media?parent=16382"}],"wp:term":[{"taxonomy":"product_brand","embeddable":true,"href":"https:\/\/thebiopool.com\/es\/wp-json\/wp\/v2\/product_brand?post=16382"},{"taxonomy":"product_cat","embeddable":true,"href":"https:\/\/thebiopool.com\/es\/wp-json\/wp\/v2\/product_cat?post=16382"},{"taxonomy":"product_tag","embeddable":true,"href":"https:\/\/thebiopool.com\/es\/wp-json\/wp\/v2\/product_tag?post=16382"}],"curies":[{"name":"wp","href":"https:\/\/api.w.org\/{rel}","templated":true}]}}