{"id":18486,"date":"2024-10-31T17:54:31","date_gmt":"2024-10-31T16:54:31","guid":{"rendered":"https:\/\/thebiopool.com\/?post_type=product&#038;p=18486"},"modified":"2026-01-27T10:28:10","modified_gmt":"2026-01-27T09:28:10","slug":"brush-head-bisam-2-brush-with-yellow-roller-brush","status":"publish","type":"product","link":"https:\/\/thebiopool.com\/es\/product\/brush-head-bisam-2-brush-with-yellow-roller-brush\/","title":{"rendered":"Cabezal de cepillo BISAM 22 BRUSH con cepillo giratorio amarillo"},"content":{"rendered":"<p>Informaci\u00f3n del producto \u00abCabezal de cepillo BIBER 22 BRUSH con cepillo Vacugrip amarillo\u00bb<\/p>\n<p>Cabezal de cepillo del BIBER 22 BRUSH con cepillo Vacugrip amarillo (sin otros accesorios) para ampliar el sistema del BISAM 44 BRUSH.<\/p>\n<p>Los cabezales de cepillo son intercambiables y pueden utilizarse con los mismos accesorios (barra telesc\u00f3pica, bater\u00eda\/fuente de alimentaci\u00f3n).<\/p>\n<p>Datos t\u00e9cnicos:<\/p>\n<p>&#8211; Conexi\u00f3n de aspiraci\u00f3n integrada para el limpiador de estanques por aspiraci\u00f3n R\u00f6ssle.<\/p>\n<p>&#8211; Conexi\u00f3n de aspiraci\u00f3n: \u00f8 38 mm \/ \u00f8 50 mm<\/p>\n<p>&#8211; Ancho de trabajo: 22 cm<\/p>\n<p>Dimensiones del env\u00edo: 1x caja (58x56x33 cm, 6,5 kg)<\/p>\n<p>!!! \u00a1\u00a1\u00a1Por favor, tenga en cuenta las instrucciones de seguridad!!!<\/p>","protected":false},"excerpt":{"rendered":"<p>Incl. 21% de IVA, <a href=\"https:\/\/thebiopool.com\/deutsch-versandkosten\/\">m\u00e1s env\u00edo<\/a><\/p>\n<p>Con el cabezal del cepillo para estanques BIBER 22 BRUSH, que incluye el cepillo Vacugrip amarillo (sin otros accesorios), puede ampliar su sistema BISAM 44 BRUSH. Los cabezales de los cepillos son intercambiables y pueden utilizarse con los mismos accesorios (varilla telesc\u00f3pica, bater\u00eda\/fuente de alimentaci\u00f3n).<\/p>\n","protected":false},"featured_media":18487,"comment_status":"open","ping_status":"closed","template":"","meta":[],"product_brand":[],"product_cat":[218,214],"product_tag":[],"class_list":{"0":"post-18486","1":"product","2":"type-product","3":"status-publish","4":"has-post-thumbnail","6":"product_cat-electricbrush","7":"product_cat-dusen-bursten","8":"product_shipping_class-dhl-bis-20kg","10":"first","11":"instock","12":"taxable","13":"shipping-taxable","14":"purchasable","15":"product-type-simple"},"yoast_head":"<!-- This site is optimized with the Yoast SEO plugin v27.4 - https:\/\/yoast.com\/product\/yoast-seo-wordpress\/ -->\n<title>Cabezal de cepillo BISAM 22 BRUSH con cepillo giratorio amarillo - expertos en piscinas y estanques naturales<\/title>\n<meta name=\"robots\" content=\"index, follow, max-snippet:-1, max-image-preview:large, max-video-preview:-1\" \/>\n<link rel=\"canonical\" href=\"https:\/\/thebiopool.com\/es\/product\/brush-head-bisam-2-brush-with-yellow-roller-brush\/\" \/>\n<meta property=\"og:locale\" content=\"es_ES\" \/>\n<meta property=\"og:type\" content=\"article\" \/>\n<meta property=\"og:title\" content=\"Cabezal de cepillo BISAM 22 BRUSH con cepillo giratorio amarillo - expertos en piscinas y estanques naturales\" \/>\n<meta property=\"og:description\" content=\"Incl. 21% de IVA, m\u00e1s env\u00edo  Con el cabezal del cepillo para estanques BIBER 22 BRUSH, que incluye el cepillo Vacugrip amarillo (sin otros accesorios), puede ampliar su sistema BISAM 44 BRUSH. Los cabezales de los cepillos son intercambiables y pueden utilizarse con los mismos accesorios (varilla telesc\u00f3pica, bater\u00eda\/fuente de alimentaci\u00f3n).\" \/>\n<meta property=\"og:url\" content=\"https:\/\/thebiopool.com\/es\/product\/brush-head-bisam-2-brush-with-yellow-roller-brush\/\" \/>\n<meta property=\"og:site_name\" content=\"expertos en piscinas y estanques naturales\" \/>\n<meta property=\"article:publisher\" content=\"https:\/\/www.facebook.com\/Naturaleza-y-Arte-Stefan-Meier-162702410430553\/\" \/>\n<meta property=\"article:modified_time\" content=\"2026-01-27T09:28:10+00:00\" \/>\n<meta property=\"og:image\" content=\"https:\/\/thebiopool.com\/wp-content\/uploads\/Biber-22-Burstenkopf.jpg\" \/>\n\t<meta property=\"og:image:width\" content=\"799\" \/>\n\t<meta property=\"og:image:height\" content=\"1024\" \/>\n\t<meta property=\"og:image:type\" content=\"image\/jpeg\" \/>\n<meta name=\"twitter:card\" content=\"summary_large_image\" \/>\n<meta name=\"twitter:label1\" content=\"Tiempo de lectura\" \/>\n\t<meta name=\"twitter:data1\" content=\"1 minuto\" \/>\n<script type=\"application\/ld+json\" class=\"yoast-schema-graph\">{\"@context\":\"https:\\\/\\\/schema.org\",\"@graph\":[{\"@type\":\"WebPage\",\"@id\":\"https:\\\/\\\/thebiopool.com\\\/es\\\/product\\\/brush-head-bisam-2-brush-with-yellow-roller-brush\\\/\",\"url\":\"https:\\\/\\\/thebiopool.com\\\/es\\\/product\\\/brush-head-bisam-2-brush-with-yellow-roller-brush\\\/\",\"name\":\"Cabezal de cepillo BISAM 22 BRUSH con cepillo giratorio amarillo - expertos en piscinas y estanques naturales\",\"isPartOf\":{\"@id\":\"https:\\\/\\\/thebiopool.com\\\/es\\\/#website\"},\"primaryImageOfPage\":{\"@id\":\"https:\\\/\\\/thebiopool.com\\\/es\\\/product\\\/brush-head-bisam-2-brush-with-yellow-roller-brush\\\/#primaryimage\"},\"image\":{\"@id\":\"https:\\\/\\\/thebiopool.com\\\/product\\\/brush-head-bisam-2-brush-with-yellow-roller-brush\\\/#primaryimage\"},\"thumbnailUrl\":\"https:\\\/\\\/thebiopool.com\\\/wp-content\\\/uploads\\\/Biber-22-Burstenkopf.jpg\",\"datePublished\":\"2024-10-31T16:54:31+00:00\",\"dateModified\":\"2026-01-27T09:28:10+00:00\",\"breadcrumb\":{\"@id\":\"https:\\\/\\\/thebiopool.com\\\/es\\\/product\\\/brush-head-bisam-2-brush-with-yellow-roller-brush\\\/#breadcrumb\"},\"inLanguage\":\"es\",\"potentialAction\":[{\"@type\":\"ReadAction\",\"target\":[[\"https:\\\/\\\/thebiopool.com\\\/es\\\/product\\\/brush-head-bisam-2-brush-with-yellow-roller-brush\\\/\"]]}]},{\"@type\":\"ImageObject\",\"inLanguage\":\"es\",\"@id\":\"https:\\\/\\\/thebiopool.com\\\/es\\\/product\\\/brush-head-bisam-2-brush-with-yellow-roller-brush\\\/#primaryimage\",\"url\":\"https:\\\/\\\/thebiopool.com\\\/wp-content\\\/uploads\\\/Biber-22-Burstenkopf.jpg\",\"contentUrl\":\"https:\\\/\\\/thebiopool.com\\\/wp-content\\\/uploads\\\/Biber-22-Burstenkopf.jpg\",\"width\":799,\"height\":1024},{\"@type\":\"BreadcrumbList\",\"@id\":\"https:\\\/\\\/thebiopool.com\\\/es\\\/product\\\/brush-head-bisam-2-brush-with-yellow-roller-brush\\\/#breadcrumb\",\"itemListElement\":[{\"@type\":\"ListItem\",\"position\":1,\"name\":\"Home\",\"item\":\"https:\\\/\\\/thebiopool.com\\\/es\\\/\"},{\"@type\":\"ListItem\",\"position\":2,\"name\":\"Shop\",\"item\":\"https:\\\/\\\/thebiopool.com\\\/es\\\/shop\\\/\"},{\"@type\":\"ListItem\",\"position\":3,\"name\":\"Brush head BISAM 22 BRUSH with yellow roller brush\"}]},{\"@type\":\"WebSite\",\"@id\":\"https:\\\/\\\/thebiopool.com\\\/es\\\/#website\",\"url\":\"https:\\\/\\\/thebiopool.com\\\/es\\\/\",\"name\":\"TheBiopool\",\"description\":\"planificamos y creamos su estanque natural\",\"publisher\":{\"@id\":\"https:\\\/\\\/thebiopool.com\\\/es\\\/#organization\"},\"potentialAction\":[{\"@type\":\"SearchAction\",\"target\":{\"@type\":\"EntryPoint\",\"urlTemplate\":\"https:\\\/\\\/thebiopool.com\\\/es\\\/?s={search_term_string}\"},\"query-input\":{\"@type\":\"PropertyValueSpecification\",\"valueRequired\":true,\"valueName\":\"search_term_string\"}}],\"inLanguage\":\"es\"},{\"@type\":\"Organization\",\"@id\":\"https:\\\/\\\/thebiopool.com\\\/es\\\/#organization\",\"name\":\"TheBiopool\",\"url\":\"https:\\\/\\\/thebiopool.com\\\/es\\\/\",\"logo\":{\"@type\":\"ImageObject\",\"inLanguage\":\"es\",\"@id\":\"https:\\\/\\\/thebiopool.com\\\/es\\\/#\\\/schema\\\/logo\\\/image\\\/\",\"url\":\"https:\\\/\\\/thebiopool.com\\\/wp-content\\\/uploads\\\/logo-schatten-website-klein.png\",\"contentUrl\":\"https:\\\/\\\/thebiopool.com\\\/wp-content\\\/uploads\\\/logo-schatten-website-klein.png\",\"width\":220,\"height\":64,\"caption\":\"TheBiopool\"},\"image\":{\"@id\":\"https:\\\/\\\/thebiopool.com\\\/es\\\/#\\\/schema\\\/logo\\\/image\\\/\"},\"sameAs\":[\"https:\\\/\\\/www.facebook.com\\\/Naturaleza-y-Arte-Stefan-Meier-162702410430553\\\/\",\"https:\\\/\\\/www.instagram.com\\\/thebiopool\\\/\"]}]}<\/script>\n<!-- \/ Yoast SEO plugin. -->","yoast_head_json":{"title":"Cabezal de cepillo BISAM 22 BRUSH con cepillo giratorio amarillo - expertos en piscinas y estanques naturales","robots":{"index":"index","follow":"follow","max-snippet":"max-snippet:-1","max-image-preview":"max-image-preview:large","max-video-preview":"max-video-preview:-1"},"canonical":"https:\/\/thebiopool.com\/es\/product\/brush-head-bisam-2-brush-with-yellow-roller-brush\/","og_locale":"es_ES","og_type":"article","og_title":"Cabezal de cepillo BISAM 22 BRUSH con cepillo giratorio amarillo - expertos en piscinas y estanques naturales","og_description":"Incl. 21% de IVA, m\u00e1s env\u00edo  Con el cabezal del cepillo para estanques BIBER 22 BRUSH, que incluye el cepillo Vacugrip amarillo (sin otros accesorios), puede ampliar su sistema BISAM 44 BRUSH. Los cabezales de los cepillos son intercambiables y pueden utilizarse con los mismos accesorios (varilla telesc\u00f3pica, bater\u00eda\/fuente de alimentaci\u00f3n).","og_url":"https:\/\/thebiopool.com\/es\/product\/brush-head-bisam-2-brush-with-yellow-roller-brush\/","og_site_name":"expertos en piscinas y estanques naturales","article_publisher":"https:\/\/www.facebook.com\/Naturaleza-y-Arte-Stefan-Meier-162702410430553\/","article_modified_time":"2026-01-27T09:28:10+00:00","og_image":[{"width":799,"height":1024,"url":"https:\/\/thebiopool.com\/wp-content\/uploads\/Biber-22-Burstenkopf.jpg","type":"image\/jpeg"}],"twitter_card":"summary_large_image","twitter_misc":{"Tiempo de lectura":"1 minuto"},"schema":{"@context":"https:\/\/schema.org","@graph":[{"@type":"WebPage","@id":"https:\/\/thebiopool.com\/es\/product\/brush-head-bisam-2-brush-with-yellow-roller-brush\/","url":"https:\/\/thebiopool.com\/es\/product\/brush-head-bisam-2-brush-with-yellow-roller-brush\/","name":"Cabezal de cepillo BISAM 22 BRUSH con cepillo giratorio amarillo - expertos en piscinas y estanques naturales","isPartOf":{"@id":"https:\/\/thebiopool.com\/es\/#website"},"primaryImageOfPage":{"@id":"https:\/\/thebiopool.com\/es\/product\/brush-head-bisam-2-brush-with-yellow-roller-brush\/#primaryimage"},"image":{"@id":"https:\/\/thebiopool.com\/product\/brush-head-bisam-2-brush-with-yellow-roller-brush\/#primaryimage"},"thumbnailUrl":"https:\/\/thebiopool.com\/wp-content\/uploads\/Biber-22-Burstenkopf.jpg","datePublished":"2024-10-31T16:54:31+00:00","dateModified":"2026-01-27T09:28:10+00:00","breadcrumb":{"@id":"https:\/\/thebiopool.com\/es\/product\/brush-head-bisam-2-brush-with-yellow-roller-brush\/#breadcrumb"},"inLanguage":"es","potentialAction":[{"@type":"ReadAction","target":[["https:\/\/thebiopool.com\/es\/product\/brush-head-bisam-2-brush-with-yellow-roller-brush\/"]]}]},{"@type":"ImageObject","inLanguage":"es","@id":"https:\/\/thebiopool.com\/es\/product\/brush-head-bisam-2-brush-with-yellow-roller-brush\/#primaryimage","url":"https:\/\/thebiopool.com\/wp-content\/uploads\/Biber-22-Burstenkopf.jpg","contentUrl":"https:\/\/thebiopool.com\/wp-content\/uploads\/Biber-22-Burstenkopf.jpg","width":799,"height":1024},{"@type":"BreadcrumbList","@id":"https:\/\/thebiopool.com\/es\/product\/brush-head-bisam-2-brush-with-yellow-roller-brush\/#breadcrumb","itemListElement":[{"@type":"ListItem","position":1,"name":"Home","item":"https:\/\/thebiopool.com\/es\/"},{"@type":"ListItem","position":2,"name":"Shop","item":"https:\/\/thebiopool.com\/es\/shop\/"},{"@type":"ListItem","position":3,"name":"Brush head BISAM 22 BRUSH with yellow roller brush"}]},{"@type":"WebSite","@id":"https:\/\/thebiopool.com\/es\/#website","url":"https:\/\/thebiopool.com\/es\/","name":"TheBiopool","description":"planificamos y creamos su estanque natural","publisher":{"@id":"https:\/\/thebiopool.com\/es\/#organization"},"potentialAction":[{"@type":"SearchAction","target":{"@type":"EntryPoint","urlTemplate":"https:\/\/thebiopool.com\/es\/?s={search_term_string}"},"query-input":{"@type":"PropertyValueSpecification","valueRequired":true,"valueName":"search_term_string"}}],"inLanguage":"es"},{"@type":"Organization","@id":"https:\/\/thebiopool.com\/es\/#organization","name":"TheBiopool","url":"https:\/\/thebiopool.com\/es\/","logo":{"@type":"ImageObject","inLanguage":"es","@id":"https:\/\/thebiopool.com\/es\/#\/schema\/logo\/image\/","url":"https:\/\/thebiopool.com\/wp-content\/uploads\/logo-schatten-website-klein.png","contentUrl":"https:\/\/thebiopool.com\/wp-content\/uploads\/logo-schatten-website-klein.png","width":220,"height":64,"caption":"TheBiopool"},"image":{"@id":"https:\/\/thebiopool.com\/es\/#\/schema\/logo\/image\/"},"sameAs":["https:\/\/www.facebook.com\/Naturaleza-y-Arte-Stefan-Meier-162702410430553\/","https:\/\/www.instagram.com\/thebiopool\/"]}]}},"_links":{"self":[{"href":"https:\/\/thebiopool.com\/es\/wp-json\/wp\/v2\/product\/18486","targetHints":{"allow":["GET"]}}],"collection":[{"href":"https:\/\/thebiopool.com\/es\/wp-json\/wp\/v2\/product"}],"about":[{"href":"https:\/\/thebiopool.com\/es\/wp-json\/wp\/v2\/types\/product"}],"replies":[{"embeddable":true,"href":"https:\/\/thebiopool.com\/es\/wp-json\/wp\/v2\/comments?post=18486"}],"wp:featuredmedia":[{"embeddable":true,"href":"https:\/\/thebiopool.com\/es\/wp-json\/wp\/v2\/media\/18487"}],"wp:attachment":[{"href":"https:\/\/thebiopool.com\/es\/wp-json\/wp\/v2\/media?parent=18486"}],"wp:term":[{"taxonomy":"product_brand","embeddable":true,"href":"https:\/\/thebiopool.com\/es\/wp-json\/wp\/v2\/product_brand?post=18486"},{"taxonomy":"product_cat","embeddable":true,"href":"https:\/\/thebiopool.com\/es\/wp-json\/wp\/v2\/product_cat?post=18486"},{"taxonomy":"product_tag","embeddable":true,"href":"https:\/\/thebiopool.com\/es\/wp-json\/wp\/v2\/product_tag?post=18486"}],"curies":[{"name":"wp","href":"https:\/\/api.w.org\/{rel}","templated":true}]}}