{"id":18503,"date":"2024-11-12T08:53:22","date_gmt":"2024-11-12T07:53:22","guid":{"rendered":"https:\/\/thebiopool.com\/?post_type=product&#038;p=18503"},"modified":"2026-01-27T09:52:36","modified_gmt":"2026-01-27T08:52:36","slug":"pond-suction-cleaner-fango-2000-with-accessories","status":"publish","type":"product","link":"https:\/\/thebiopool.com\/es\/product\/pond-suction-cleaner-fango-2000-with-accessories\/","title":{"rendered":"Limpiador de succi\u00f3n para estanques FANGO 2000 con accesorios"},"content":{"rendered":"<p>Informaci\u00f3n del producto \u00abAspirador para estanques FANGO 2000 con accesorios\u00bb<\/p>\n<p>Limpiador de succi\u00f3n para estanques FANGO 2000 con accesorios profesionales<\/p>\n<p>incluido manguera de aspiraci\u00f3n de 10 m; manguera de drenaje de 10 m; varilla telesc\u00f3pica de 1,2 &#8211; 3,6 m, extensible, de 3 piezas; cepillo triangular para aspiraci\u00f3n de suelos, \u00f8 38 mm; boquilla de aspiraci\u00f3n, redonda, \u00f8 38 mm<\/p>\n<p>Datos t\u00e9cnicos:<\/p>\n<p>&#8211; Capacidad de aspiraci\u00f3n: 8.000 l\/h<\/p>\n<p>&#8211; Turbina de aspiraci\u00f3n: 1.200 vatios<\/p>\n<p>&#8211; Bomba de aguas residuales: 900 vatios<\/p>\n<p>&#8211; Peso: 18 kg sin accesorios; 33 kg con accesorios<\/p>\n<p>&#8211; Manguera de aspiraci\u00f3n y manguera de desag\u00fce: 10 m \/ \u00f8 38 mm cada una<\/p>\n<p>&#8211; Dimensiones: 52 x 55 x 83 cm (AnxPrxAl),<\/p>\n<p>Enviado en dos paquetes:<\/p>\n<p>Paquete 1: Limpiador de succi\u00f3n para estanques con mangueras 30 kg<\/p>\n<p>Paquete 2: Accesorios: 3 kg<\/p>\n<p>!!! \u00a1\u00a1\u00a1Preste atenci\u00f3n a las instrucciones de seguridad !!!<\/p>","protected":false},"excerpt":{"rendered":"<p>FANGO 2000 \u2013 \u00a1El original!<\/p>\n<p>\u00a1El FANGO 2000 es sin duda el cl\u00e1sico entre los aspiradores de estanques!<br \/>\nEn relaci\u00f3n con su peso reducido y sus dimensiones que ocupan poco espacio, el aspirador para estanques FANGO 2000 tiene una gran potencia de aspiraci\u00f3n, lo que le permite aspirar sedimentos desde una profundidad de hasta 2,5 m. La bolsa de red resistente a desgarros y f\u00e1cil de vaciar, instalada dentro del tanque, separa las part\u00edculas m\u00e1s gruesas, como hojas y piedras peque\u00f1as, antes de que entren en la unidad de bombeo.<br \/>\nLas dimensiones compactas, el precio de compra econ\u00f3mico y una amplia gama de accesorios con m\u00faltiples posibilidades de aplicaci\u00f3n resultan especialmente atractivos para los usuarios privados.<\/p>\n<p>Beneficios del aspirador para estanques FANGO 2000:<br \/>\nPotencia de succi\u00f3n muy alta en relaci\u00f3n con el tama\u00f1o de la unidad.<br \/>\nExcelente transportabilidad gracias a un chasis robusto<br \/>\nIdeal para usuarios privados<br \/>\nPrecio favorable<\/p>\n<p>El precio incluye:<br \/>\nLimpiador de succi\u00f3n para estanques FANGO 2000<br \/>\nManguera de aspiraci\u00f3n 10\u2009m<br \/>\nManguera de drenaje 10\u2009m<br \/>\nVarilla telesc\u00f3pica 1,2\u2009m \u2013 3,6\u2009m<br \/>\nCepillo de aspiraci\u00f3n triangular, \u00f8\u200938\u2009mm<br \/>\nBoquilla de aspiraci\u00f3n, redonda, \u00f8\u200938\u2009mm<\/p>\n","protected":false},"featured_media":18504,"comment_status":"closed","ping_status":"closed","template":"","meta":[],"product_brand":[],"product_cat":[218,204],"product_tag":[],"class_list":{"0":"post-18503","1":"product","2":"type-product","3":"status-publish","4":"has-post-thumbnail","6":"product_cat-electricbrush","7":"product_cat-teichschlammsauger","8":"product_shipping_class-fango-2000","10":"first","11":"instock","12":"taxable","13":"shipping-taxable","14":"purchasable","15":"product-type-simple"},"yoast_head":"<!-- This site is optimized with the Yoast SEO plugin v27.4 - https:\/\/yoast.com\/product\/yoast-seo-wordpress\/ -->\n<title>Limpiador de succi\u00f3n para estanques FANGO 2000 con accesorios - expertos en piscinas y estanques naturales<\/title>\n<meta name=\"robots\" content=\"index, follow, max-snippet:-1, max-image-preview:large, max-video-preview:-1\" \/>\n<link rel=\"canonical\" href=\"https:\/\/thebiopool.com\/es\/product\/pond-suction-cleaner-fango-2000-with-accessories\/\" \/>\n<meta property=\"og:locale\" content=\"es_ES\" \/>\n<meta property=\"og:type\" content=\"article\" \/>\n<meta property=\"og:title\" content=\"Limpiador de succi\u00f3n para estanques FANGO 2000 con accesorios - expertos en piscinas y estanques naturales\" \/>\n<meta property=\"og:description\" content=\"FANGO 2000 \u2013 \u00a1El original!  \u00a1El FANGO 2000 es sin duda el cl\u00e1sico entre los aspiradores de estanques! En relaci\u00f3n con su peso reducido y sus dimensiones que ocupan poco espacio, el aspirador para estanques FANGO 2000 tiene una gran potencia de aspiraci\u00f3n, lo que le permite aspirar sedimentos desde una profundidad de hasta 2,5 m. La bolsa de red resistente a desgarros y f\u00e1cil de vaciar, instalada dentro del tanque, separa las part\u00edculas m\u00e1s gruesas, como hojas y piedras peque\u00f1as, antes de que entren en la unidad de bombeo. Las dimensiones compactas, el precio de compra econ\u00f3mico y una amplia gama de accesorios con m\u00faltiples posibilidades de aplicaci\u00f3n resultan especialmente atractivos para los usuarios privados.  Beneficios del aspirador para estanques FANGO 2000: Potencia de succi\u00f3n muy alta en relaci\u00f3n con el tama\u00f1o de la unidad. Excelente transportabilidad gracias a un chasis robusto Ideal para usuarios privados Precio favorable  El precio incluye: Limpiador de succi\u00f3n para estanques FANGO 2000 Manguera de aspiraci\u00f3n 10\u2009m Manguera de drenaje 10\u2009m Varilla telesc\u00f3pica 1,2\u2009m \u2013 3,6\u2009m Cepillo de aspiraci\u00f3n triangular, \u00f8\u200938\u2009mm Boquilla de aspiraci\u00f3n, redonda, \u00f8\u200938\u2009mm\" \/>\n<meta property=\"og:url\" content=\"https:\/\/thebiopool.com\/es\/product\/pond-suction-cleaner-fango-2000-with-accessories\/\" \/>\n<meta property=\"og:site_name\" content=\"expertos en piscinas y estanques naturales\" \/>\n<meta property=\"article:publisher\" content=\"https:\/\/www.facebook.com\/Naturaleza-y-Arte-Stefan-Meier-162702410430553\/\" \/>\n<meta property=\"article:modified_time\" content=\"2026-01-27T08:52:36+00:00\" \/>\n<meta property=\"og:image\" content=\"https:\/\/thebiopool.com\/wp-content\/uploads\/image_FAN2000_3.jpg\" \/>\n\t<meta property=\"og:image:width\" content=\"683\" \/>\n\t<meta property=\"og:image:height\" content=\"1024\" \/>\n\t<meta property=\"og:image:type\" content=\"image\/jpeg\" \/>\n<meta name=\"twitter:card\" content=\"summary_large_image\" \/>\n<meta name=\"twitter:label1\" content=\"Tiempo de lectura\" \/>\n\t<meta name=\"twitter:data1\" content=\"1 minuto\" \/>\n<script type=\"application\/ld+json\" class=\"yoast-schema-graph\">{\"@context\":\"https:\\\/\\\/schema.org\",\"@graph\":[{\"@type\":\"WebPage\",\"@id\":\"https:\\\/\\\/thebiopool.com\\\/es\\\/product\\\/pond-suction-cleaner-fango-2000-with-accessories\\\/\",\"url\":\"https:\\\/\\\/thebiopool.com\\\/es\\\/product\\\/pond-suction-cleaner-fango-2000-with-accessories\\\/\",\"name\":\"Limpiador de succi\u00f3n para estanques FANGO 2000 con accesorios - expertos en piscinas y estanques naturales\",\"isPartOf\":{\"@id\":\"https:\\\/\\\/thebiopool.com\\\/es\\\/#website\"},\"primaryImageOfPage\":{\"@id\":\"https:\\\/\\\/thebiopool.com\\\/es\\\/product\\\/pond-suction-cleaner-fango-2000-with-accessories\\\/#primaryimage\"},\"image\":{\"@id\":\"https:\\\/\\\/thebiopool.com\\\/product\\\/pond-suction-cleaner-fango-2000-with-accessories\\\/#primaryimage\"},\"thumbnailUrl\":\"https:\\\/\\\/thebiopool.com\\\/wp-content\\\/uploads\\\/image_FAN2000_3.jpg\",\"datePublished\":\"2024-11-12T07:53:22+00:00\",\"dateModified\":\"2026-01-27T08:52:36+00:00\",\"breadcrumb\":{\"@id\":\"https:\\\/\\\/thebiopool.com\\\/es\\\/product\\\/pond-suction-cleaner-fango-2000-with-accessories\\\/#breadcrumb\"},\"inLanguage\":\"es\",\"potentialAction\":[{\"@type\":\"ReadAction\",\"target\":[[\"https:\\\/\\\/thebiopool.com\\\/es\\\/product\\\/pond-suction-cleaner-fango-2000-with-accessories\\\/\"]]}]},{\"@type\":\"ImageObject\",\"inLanguage\":\"es\",\"@id\":\"https:\\\/\\\/thebiopool.com\\\/es\\\/product\\\/pond-suction-cleaner-fango-2000-with-accessories\\\/#primaryimage\",\"url\":\"https:\\\/\\\/thebiopool.com\\\/wp-content\\\/uploads\\\/image_FAN2000_3.jpg\",\"contentUrl\":\"https:\\\/\\\/thebiopool.com\\\/wp-content\\\/uploads\\\/image_FAN2000_3.jpg\",\"width\":683,\"height\":1024,\"caption\":\"Teichschlammsauger FANGO 2000 Ibiza\"},{\"@type\":\"BreadcrumbList\",\"@id\":\"https:\\\/\\\/thebiopool.com\\\/es\\\/product\\\/pond-suction-cleaner-fango-2000-with-accessories\\\/#breadcrumb\",\"itemListElement\":[{\"@type\":\"ListItem\",\"position\":1,\"name\":\"Home\",\"item\":\"https:\\\/\\\/thebiopool.com\\\/es\\\/\"},{\"@type\":\"ListItem\",\"position\":2,\"name\":\"Shop\",\"item\":\"https:\\\/\\\/thebiopool.com\\\/es\\\/shop\\\/\"},{\"@type\":\"ListItem\",\"position\":3,\"name\":\"Pond suction cleaner FANGO 2000 with accessories\"}]},{\"@type\":\"WebSite\",\"@id\":\"https:\\\/\\\/thebiopool.com\\\/es\\\/#website\",\"url\":\"https:\\\/\\\/thebiopool.com\\\/es\\\/\",\"name\":\"TheBiopool\",\"description\":\"planificamos y creamos su estanque natural\",\"publisher\":{\"@id\":\"https:\\\/\\\/thebiopool.com\\\/es\\\/#organization\"},\"potentialAction\":[{\"@type\":\"SearchAction\",\"target\":{\"@type\":\"EntryPoint\",\"urlTemplate\":\"https:\\\/\\\/thebiopool.com\\\/es\\\/?s={search_term_string}\"},\"query-input\":{\"@type\":\"PropertyValueSpecification\",\"valueRequired\":true,\"valueName\":\"search_term_string\"}}],\"inLanguage\":\"es\"},{\"@type\":\"Organization\",\"@id\":\"https:\\\/\\\/thebiopool.com\\\/es\\\/#organization\",\"name\":\"TheBiopool\",\"url\":\"https:\\\/\\\/thebiopool.com\\\/es\\\/\",\"logo\":{\"@type\":\"ImageObject\",\"inLanguage\":\"es\",\"@id\":\"https:\\\/\\\/thebiopool.com\\\/es\\\/#\\\/schema\\\/logo\\\/image\\\/\",\"url\":\"https:\\\/\\\/thebiopool.com\\\/wp-content\\\/uploads\\\/logo-schatten-website-klein.png\",\"contentUrl\":\"https:\\\/\\\/thebiopool.com\\\/wp-content\\\/uploads\\\/logo-schatten-website-klein.png\",\"width\":220,\"height\":64,\"caption\":\"TheBiopool\"},\"image\":{\"@id\":\"https:\\\/\\\/thebiopool.com\\\/es\\\/#\\\/schema\\\/logo\\\/image\\\/\"},\"sameAs\":[\"https:\\\/\\\/www.facebook.com\\\/Naturaleza-y-Arte-Stefan-Meier-162702410430553\\\/\",\"https:\\\/\\\/www.instagram.com\\\/thebiopool\\\/\"]}]}<\/script>\n<!-- \/ Yoast SEO plugin. -->","yoast_head_json":{"title":"Limpiador de succi\u00f3n para estanques FANGO 2000 con accesorios - expertos en piscinas y estanques naturales","robots":{"index":"index","follow":"follow","max-snippet":"max-snippet:-1","max-image-preview":"max-image-preview:large","max-video-preview":"max-video-preview:-1"},"canonical":"https:\/\/thebiopool.com\/es\/product\/pond-suction-cleaner-fango-2000-with-accessories\/","og_locale":"es_ES","og_type":"article","og_title":"Limpiador de succi\u00f3n para estanques FANGO 2000 con accesorios - expertos en piscinas y estanques naturales","og_description":"FANGO 2000 \u2013 \u00a1El original!  \u00a1El FANGO 2000 es sin duda el cl\u00e1sico entre los aspiradores de estanques! En relaci\u00f3n con su peso reducido y sus dimensiones que ocupan poco espacio, el aspirador para estanques FANGO 2000 tiene una gran potencia de aspiraci\u00f3n, lo que le permite aspirar sedimentos desde una profundidad de hasta 2,5 m. La bolsa de red resistente a desgarros y f\u00e1cil de vaciar, instalada dentro del tanque, separa las part\u00edculas m\u00e1s gruesas, como hojas y piedras peque\u00f1as, antes de que entren en la unidad de bombeo. Las dimensiones compactas, el precio de compra econ\u00f3mico y una amplia gama de accesorios con m\u00faltiples posibilidades de aplicaci\u00f3n resultan especialmente atractivos para los usuarios privados.  Beneficios del aspirador para estanques FANGO 2000: Potencia de succi\u00f3n muy alta en relaci\u00f3n con el tama\u00f1o de la unidad. Excelente transportabilidad gracias a un chasis robusto Ideal para usuarios privados Precio favorable  El precio incluye: Limpiador de succi\u00f3n para estanques FANGO 2000 Manguera de aspiraci\u00f3n 10\u2009m Manguera de drenaje 10\u2009m Varilla telesc\u00f3pica 1,2\u2009m \u2013 3,6\u2009m Cepillo de aspiraci\u00f3n triangular, \u00f8\u200938\u2009mm Boquilla de aspiraci\u00f3n, redonda, \u00f8\u200938\u2009mm","og_url":"https:\/\/thebiopool.com\/es\/product\/pond-suction-cleaner-fango-2000-with-accessories\/","og_site_name":"expertos en piscinas y estanques naturales","article_publisher":"https:\/\/www.facebook.com\/Naturaleza-y-Arte-Stefan-Meier-162702410430553\/","article_modified_time":"2026-01-27T08:52:36+00:00","og_image":[{"width":683,"height":1024,"url":"https:\/\/thebiopool.com\/wp-content\/uploads\/image_FAN2000_3.jpg","type":"image\/jpeg"}],"twitter_card":"summary_large_image","twitter_misc":{"Tiempo de lectura":"1 minuto"},"schema":{"@context":"https:\/\/schema.org","@graph":[{"@type":"WebPage","@id":"https:\/\/thebiopool.com\/es\/product\/pond-suction-cleaner-fango-2000-with-accessories\/","url":"https:\/\/thebiopool.com\/es\/product\/pond-suction-cleaner-fango-2000-with-accessories\/","name":"Limpiador de succi\u00f3n para estanques FANGO 2000 con accesorios - expertos en piscinas y estanques naturales","isPartOf":{"@id":"https:\/\/thebiopool.com\/es\/#website"},"primaryImageOfPage":{"@id":"https:\/\/thebiopool.com\/es\/product\/pond-suction-cleaner-fango-2000-with-accessories\/#primaryimage"},"image":{"@id":"https:\/\/thebiopool.com\/product\/pond-suction-cleaner-fango-2000-with-accessories\/#primaryimage"},"thumbnailUrl":"https:\/\/thebiopool.com\/wp-content\/uploads\/image_FAN2000_3.jpg","datePublished":"2024-11-12T07:53:22+00:00","dateModified":"2026-01-27T08:52:36+00:00","breadcrumb":{"@id":"https:\/\/thebiopool.com\/es\/product\/pond-suction-cleaner-fango-2000-with-accessories\/#breadcrumb"},"inLanguage":"es","potentialAction":[{"@type":"ReadAction","target":[["https:\/\/thebiopool.com\/es\/product\/pond-suction-cleaner-fango-2000-with-accessories\/"]]}]},{"@type":"ImageObject","inLanguage":"es","@id":"https:\/\/thebiopool.com\/es\/product\/pond-suction-cleaner-fango-2000-with-accessories\/#primaryimage","url":"https:\/\/thebiopool.com\/wp-content\/uploads\/image_FAN2000_3.jpg","contentUrl":"https:\/\/thebiopool.com\/wp-content\/uploads\/image_FAN2000_3.jpg","width":683,"height":1024,"caption":"Teichschlammsauger FANGO 2000 Ibiza"},{"@type":"BreadcrumbList","@id":"https:\/\/thebiopool.com\/es\/product\/pond-suction-cleaner-fango-2000-with-accessories\/#breadcrumb","itemListElement":[{"@type":"ListItem","position":1,"name":"Home","item":"https:\/\/thebiopool.com\/es\/"},{"@type":"ListItem","position":2,"name":"Shop","item":"https:\/\/thebiopool.com\/es\/shop\/"},{"@type":"ListItem","position":3,"name":"Pond suction cleaner FANGO 2000 with accessories"}]},{"@type":"WebSite","@id":"https:\/\/thebiopool.com\/es\/#website","url":"https:\/\/thebiopool.com\/es\/","name":"TheBiopool","description":"planificamos y creamos su estanque natural","publisher":{"@id":"https:\/\/thebiopool.com\/es\/#organization"},"potentialAction":[{"@type":"SearchAction","target":{"@type":"EntryPoint","urlTemplate":"https:\/\/thebiopool.com\/es\/?s={search_term_string}"},"query-input":{"@type":"PropertyValueSpecification","valueRequired":true,"valueName":"search_term_string"}}],"inLanguage":"es"},{"@type":"Organization","@id":"https:\/\/thebiopool.com\/es\/#organization","name":"TheBiopool","url":"https:\/\/thebiopool.com\/es\/","logo":{"@type":"ImageObject","inLanguage":"es","@id":"https:\/\/thebiopool.com\/es\/#\/schema\/logo\/image\/","url":"https:\/\/thebiopool.com\/wp-content\/uploads\/logo-schatten-website-klein.png","contentUrl":"https:\/\/thebiopool.com\/wp-content\/uploads\/logo-schatten-website-klein.png","width":220,"height":64,"caption":"TheBiopool"},"image":{"@id":"https:\/\/thebiopool.com\/es\/#\/schema\/logo\/image\/"},"sameAs":["https:\/\/www.facebook.com\/Naturaleza-y-Arte-Stefan-Meier-162702410430553\/","https:\/\/www.instagram.com\/thebiopool\/"]}]}},"_links":{"self":[{"href":"https:\/\/thebiopool.com\/es\/wp-json\/wp\/v2\/product\/18503","targetHints":{"allow":["GET"]}}],"collection":[{"href":"https:\/\/thebiopool.com\/es\/wp-json\/wp\/v2\/product"}],"about":[{"href":"https:\/\/thebiopool.com\/es\/wp-json\/wp\/v2\/types\/product"}],"replies":[{"embeddable":true,"href":"https:\/\/thebiopool.com\/es\/wp-json\/wp\/v2\/comments?post=18503"}],"wp:featuredmedia":[{"embeddable":true,"href":"https:\/\/thebiopool.com\/es\/wp-json\/wp\/v2\/media\/18504"}],"wp:attachment":[{"href":"https:\/\/thebiopool.com\/es\/wp-json\/wp\/v2\/media?parent=18503"}],"wp:term":[{"taxonomy":"product_brand","embeddable":true,"href":"https:\/\/thebiopool.com\/es\/wp-json\/wp\/v2\/product_brand?post=18503"},{"taxonomy":"product_cat","embeddable":true,"href":"https:\/\/thebiopool.com\/es\/wp-json\/wp\/v2\/product_cat?post=18503"},{"taxonomy":"product_tag","embeddable":true,"href":"https:\/\/thebiopool.com\/es\/wp-json\/wp\/v2\/product_tag?post=18503"}],"curies":[{"name":"wp","href":"https:\/\/api.w.org\/{rel}","templated":true}]}}