{"id":18509,"date":"2024-11-12T09:12:11","date_gmt":"2024-11-12T08:12:11","guid":{"rendered":"https:\/\/thebiopool.com\/?post_type=product&#038;p=18509"},"modified":"2026-01-21T17:03:45","modified_gmt":"2026-01-21T16:03:45","slug":"torpedo-pond-suction-cleaner-with-accessoires","status":"publish","type":"product","link":"https:\/\/thebiopool.com\/es\/product\/torpedo-pond-suction-cleaner-with-accessoires\/","title":{"rendered":"Limpiador de estanques por succi\u00f3n TORPEDO con accesorios"},"content":{"rendered":"<p>Informaci\u00f3n del producto \u00abLimpiador de estanques con accesorios TORPEDO\u00bb<\/p>\n<p>Limpiador de estanques con accesorios profesionales TORPEDO<\/p>\n<p>Incluye manguera de aspiraci\u00f3n de 12 m; manguera de desag\u00fce de 12 m; barra telesc\u00f3pica de 2,4 &#8211; 4,8 m, extensible, de 2 piezas; cepillo de aspiraci\u00f3n triangular para suelos, \u00f8 50 mm; limpiador de suelos articulado Skelleton, \u00f8 50 mm; boquilla de aspiraci\u00f3n, redonda, \u00f8 50 mm<\/p>\n<p>Datos t\u00e9cnicos:<\/p>\n<p>&#8211; Capacidad de aspiraci\u00f3n de la turbina: hasta 15.000 l\/h, regulable mediante un regulador mec\u00e1nico de la potencia de aspiraci\u00f3n<\/p>\n<p>&#8211; Turbina de aspiraci\u00f3n: 1.200 vatios<\/p>\n<p>&#8211; Bomba de aguas residuales: 1.000 vatios<\/p>\n<p>&#8211; Peso: 30 kg sin accesorios; 50,8 kg con accesorios<\/p>\n<p>&#8211; Manguera de aspiraci\u00f3n y de vaciado: 12 m \/ \u00f8 50 mm cada una<\/p>\n<p>&#8211; Dimensiones: 48 x 62 x 96 cm (Ancho x Profundidad x Alto),<\/p>\n<p>\u00a1\u00a1\u00a1Por favor, preste atenci\u00f3n a las instrucciones de seguridad!!!<\/p>","protected":false},"excerpt":{"rendered":"<p>TORPEDO \u2013 \u00a1El todoterreno!<\/p>\n<p>El aspirador de estanques TORPEDO le ofrece todas las posibilidades para la limpieza de estanques.<br \/>\nSus potentes componentes extraen el agua del estanque hasta el punto de descarga deseado a trav\u00e9s de mangueras de \u00f8 50 mm con un nivel de ruido muy bajo.<br \/>\nSu dise\u00f1o compacto y su chasis estable permiten desplazarlo f\u00e1cilmente incluso por terrenos irregulares. Con la potencia de aspiraci\u00f3n regulable libremente, se puede seleccionar la configuraci\u00f3n adecuada para todos los estanques de nataci\u00f3n o de koi de tama\u00f1o privado.<br \/>\nEl TORPEDO convence desde hace a\u00f1os a los propietarios de estanques y a los usuarios profesionales. Recomendamos el preseparador de PRFV opcional como complemento.<\/p>\n<p>Ventajas del limpiafondos de aspiraci\u00f3n para estanques TORPEDO:<br \/>\nDise\u00f1o robusto<br \/>\nBombeo sin problemas en alturas y distancias<br \/>\nPotencia de aspiraci\u00f3n regulable<br \/>\nCompatible con el preseparador de PRFV ULTRA<\/p>\n<p>El precio incluye:<br \/>\nLimpiador de estanques de aspiraci\u00f3n TORPEDO<br \/>\nManguera de aspiraci\u00f3n de 12 m<br \/>\nManguera de desag\u00fce de 12 m<br \/>\nCa\u00f1a telesc\u00f3pica de 2,4 \u2013 4,8 m<br \/>\nCepillo de aspiraci\u00f3n triangular para suelos, \u00f8 50 mm<br \/>\nLimpiador de suelos articulado Skelleton, \u00f8 50 mm<br \/>\nBoquilla de aspiraci\u00f3n, redonda, \u00f8 50 mm<\/p>\n","protected":false},"featured_media":18513,"comment_status":"closed","ping_status":"closed","template":"","meta":[],"product_brand":[],"product_cat":[218,204],"product_tag":[],"class_list":{"0":"post-18509","1":"product","2":"type-product","3":"status-publish","4":"has-post-thumbnail","6":"product_cat-electricbrush","7":"product_cat-teichschlammsauger","8":"product_shipping_class-toepedo-und-ultra","10":"first","11":"instock","12":"taxable","13":"shipping-taxable","14":"purchasable","15":"product-type-variable"},"yoast_head":"<!-- This site is optimized with the Yoast SEO plugin v27.4 - https:\/\/yoast.com\/product\/yoast-seo-wordpress\/ -->\n<title>Limpiador de estanques por succi\u00f3n TORPEDO con accesorios - expertos en piscinas y estanques naturales<\/title>\n<meta name=\"robots\" content=\"index, follow, max-snippet:-1, max-image-preview:large, max-video-preview:-1\" \/>\n<link rel=\"canonical\" href=\"https:\/\/thebiopool.com\/es\/product\/torpedo-pond-suction-cleaner-with-accessoires\/\" \/>\n<meta property=\"og:locale\" content=\"es_ES\" \/>\n<meta property=\"og:type\" content=\"article\" \/>\n<meta property=\"og:title\" content=\"Limpiador de estanques por succi\u00f3n TORPEDO con accesorios - expertos en piscinas y estanques naturales\" \/>\n<meta property=\"og:description\" content=\"TORPEDO \u2013 \u00a1El todoterreno!  El aspirador de estanques TORPEDO le ofrece todas las posibilidades para la limpieza de estanques. Sus potentes componentes extraen el agua del estanque hasta el punto de descarga deseado a trav\u00e9s de mangueras de \u00f8 50 mm con un nivel de ruido muy bajo. Su dise\u00f1o compacto y su chasis estable permiten desplazarlo f\u00e1cilmente incluso por terrenos irregulares. Con la potencia de aspiraci\u00f3n regulable libremente, se puede seleccionar la configuraci\u00f3n adecuada para todos los estanques de nataci\u00f3n o de koi de tama\u00f1o privado. El TORPEDO convence desde hace a\u00f1os a los propietarios de estanques y a los usuarios profesionales. Recomendamos el preseparador de PRFV opcional como complemento.  Ventajas del limpiafondos de aspiraci\u00f3n para estanques TORPEDO: Dise\u00f1o robusto Bombeo sin problemas en alturas y distancias Potencia de aspiraci\u00f3n regulable Compatible con el preseparador de PRFV ULTRA  El precio incluye: Limpiador de estanques de aspiraci\u00f3n TORPEDO Manguera de aspiraci\u00f3n de 12 m Manguera de desag\u00fce de 12 m Ca\u00f1a telesc\u00f3pica de 2,4 \u2013 4,8 m Cepillo de aspiraci\u00f3n triangular para suelos, \u00f8 50 mm Limpiador de suelos articulado Skelleton, \u00f8 50 mm Boquilla de aspiraci\u00f3n, redonda, \u00f8 50 mm\" \/>\n<meta property=\"og:url\" content=\"https:\/\/thebiopool.com\/es\/product\/torpedo-pond-suction-cleaner-with-accessoires\/\" \/>\n<meta property=\"og:site_name\" content=\"expertos en piscinas y estanques naturales\" \/>\n<meta property=\"article:publisher\" content=\"https:\/\/www.facebook.com\/Naturaleza-y-Arte-Stefan-Meier-162702410430553\/\" \/>\n<meta property=\"article:modified_time\" content=\"2026-01-21T16:03:45+00:00\" \/>\n<meta property=\"og:image\" content=\"https:\/\/thebiopool.com\/wp-content\/uploads\/image_TOR1000_3.jpg\" \/>\n\t<meta property=\"og:image:width\" content=\"683\" \/>\n\t<meta property=\"og:image:height\" content=\"1024\" \/>\n\t<meta property=\"og:image:type\" content=\"image\/jpeg\" \/>\n<meta name=\"twitter:card\" content=\"summary_large_image\" \/>\n<meta name=\"twitter:label1\" content=\"Tiempo de lectura\" \/>\n\t<meta name=\"twitter:data1\" content=\"1 minuto\" \/>\n<script type=\"application\/ld+json\" class=\"yoast-schema-graph\">{\"@context\":\"https:\\\/\\\/schema.org\",\"@graph\":[{\"@type\":\"WebPage\",\"@id\":\"https:\\\/\\\/thebiopool.com\\\/es\\\/product\\\/torpedo-pond-suction-cleaner-with-accessoires\\\/\",\"url\":\"https:\\\/\\\/thebiopool.com\\\/es\\\/product\\\/torpedo-pond-suction-cleaner-with-accessoires\\\/\",\"name\":\"Limpiador de estanques por succi\u00f3n TORPEDO con accesorios - expertos en piscinas y estanques naturales\",\"isPartOf\":{\"@id\":\"https:\\\/\\\/thebiopool.com\\\/es\\\/#website\"},\"primaryImageOfPage\":{\"@id\":\"https:\\\/\\\/thebiopool.com\\\/es\\\/product\\\/torpedo-pond-suction-cleaner-with-accessoires\\\/#primaryimage\"},\"image\":{\"@id\":\"https:\\\/\\\/thebiopool.com\\\/product\\\/torpedo-pond-suction-cleaner-with-accessoires\\\/#primaryimage\"},\"thumbnailUrl\":\"https:\\\/\\\/thebiopool.com\\\/wp-content\\\/uploads\\\/image_TOR1000_3.jpg\",\"datePublished\":\"2024-11-12T08:12:11+00:00\",\"dateModified\":\"2026-01-21T16:03:45+00:00\",\"breadcrumb\":{\"@id\":\"https:\\\/\\\/thebiopool.com\\\/es\\\/product\\\/torpedo-pond-suction-cleaner-with-accessoires\\\/#breadcrumb\"},\"inLanguage\":\"es\",\"potentialAction\":[{\"@type\":\"ReadAction\",\"target\":[[\"https:\\\/\\\/thebiopool.com\\\/es\\\/product\\\/torpedo-pond-suction-cleaner-with-accessoires\\\/\"]]}]},{\"@type\":\"ImageObject\",\"inLanguage\":\"es\",\"@id\":\"https:\\\/\\\/thebiopool.com\\\/es\\\/product\\\/torpedo-pond-suction-cleaner-with-accessoires\\\/#primaryimage\",\"url\":\"https:\\\/\\\/thebiopool.com\\\/wp-content\\\/uploads\\\/image_TOR1000_3.jpg\",\"contentUrl\":\"https:\\\/\\\/thebiopool.com\\\/wp-content\\\/uploads\\\/image_TOR1000_3.jpg\",\"width\":683,\"height\":1024},{\"@type\":\"BreadcrumbList\",\"@id\":\"https:\\\/\\\/thebiopool.com\\\/es\\\/product\\\/torpedo-pond-suction-cleaner-with-accessoires\\\/#breadcrumb\",\"itemListElement\":[{\"@type\":\"ListItem\",\"position\":1,\"name\":\"Home\",\"item\":\"https:\\\/\\\/thebiopool.com\\\/es\\\/\"},{\"@type\":\"ListItem\",\"position\":2,\"name\":\"Shop\",\"item\":\"https:\\\/\\\/thebiopool.com\\\/es\\\/shop\\\/\"},{\"@type\":\"ListItem\",\"position\":3,\"name\":\"TORPEDO pond suction cleaner with accessoires\"}]},{\"@type\":\"WebSite\",\"@id\":\"https:\\\/\\\/thebiopool.com\\\/es\\\/#website\",\"url\":\"https:\\\/\\\/thebiopool.com\\\/es\\\/\",\"name\":\"TheBiopool\",\"description\":\"planificamos y creamos su estanque natural\",\"publisher\":{\"@id\":\"https:\\\/\\\/thebiopool.com\\\/es\\\/#organization\"},\"potentialAction\":[{\"@type\":\"SearchAction\",\"target\":{\"@type\":\"EntryPoint\",\"urlTemplate\":\"https:\\\/\\\/thebiopool.com\\\/es\\\/?s={search_term_string}\"},\"query-input\":{\"@type\":\"PropertyValueSpecification\",\"valueRequired\":true,\"valueName\":\"search_term_string\"}}],\"inLanguage\":\"es\"},{\"@type\":\"Organization\",\"@id\":\"https:\\\/\\\/thebiopool.com\\\/es\\\/#organization\",\"name\":\"TheBiopool\",\"url\":\"https:\\\/\\\/thebiopool.com\\\/es\\\/\",\"logo\":{\"@type\":\"ImageObject\",\"inLanguage\":\"es\",\"@id\":\"https:\\\/\\\/thebiopool.com\\\/es\\\/#\\\/schema\\\/logo\\\/image\\\/\",\"url\":\"https:\\\/\\\/thebiopool.com\\\/wp-content\\\/uploads\\\/logo-schatten-website-klein.png\",\"contentUrl\":\"https:\\\/\\\/thebiopool.com\\\/wp-content\\\/uploads\\\/logo-schatten-website-klein.png\",\"width\":220,\"height\":64,\"caption\":\"TheBiopool\"},\"image\":{\"@id\":\"https:\\\/\\\/thebiopool.com\\\/es\\\/#\\\/schema\\\/logo\\\/image\\\/\"},\"sameAs\":[\"https:\\\/\\\/www.facebook.com\\\/Naturaleza-y-Arte-Stefan-Meier-162702410430553\\\/\",\"https:\\\/\\\/www.instagram.com\\\/thebiopool\\\/\"]}]}<\/script>\n<!-- \/ Yoast SEO plugin. -->","yoast_head_json":{"title":"Limpiador de estanques por succi\u00f3n TORPEDO con accesorios - expertos en piscinas y estanques naturales","robots":{"index":"index","follow":"follow","max-snippet":"max-snippet:-1","max-image-preview":"max-image-preview:large","max-video-preview":"max-video-preview:-1"},"canonical":"https:\/\/thebiopool.com\/es\/product\/torpedo-pond-suction-cleaner-with-accessoires\/","og_locale":"es_ES","og_type":"article","og_title":"Limpiador de estanques por succi\u00f3n TORPEDO con accesorios - expertos en piscinas y estanques naturales","og_description":"TORPEDO \u2013 \u00a1El todoterreno!  El aspirador de estanques TORPEDO le ofrece todas las posibilidades para la limpieza de estanques. Sus potentes componentes extraen el agua del estanque hasta el punto de descarga deseado a trav\u00e9s de mangueras de \u00f8 50 mm con un nivel de ruido muy bajo. Su dise\u00f1o compacto y su chasis estable permiten desplazarlo f\u00e1cilmente incluso por terrenos irregulares. Con la potencia de aspiraci\u00f3n regulable libremente, se puede seleccionar la configuraci\u00f3n adecuada para todos los estanques de nataci\u00f3n o de koi de tama\u00f1o privado. El TORPEDO convence desde hace a\u00f1os a los propietarios de estanques y a los usuarios profesionales. Recomendamos el preseparador de PRFV opcional como complemento.  Ventajas del limpiafondos de aspiraci\u00f3n para estanques TORPEDO: Dise\u00f1o robusto Bombeo sin problemas en alturas y distancias Potencia de aspiraci\u00f3n regulable Compatible con el preseparador de PRFV ULTRA  El precio incluye: Limpiador de estanques de aspiraci\u00f3n TORPEDO Manguera de aspiraci\u00f3n de 12 m Manguera de desag\u00fce de 12 m Ca\u00f1a telesc\u00f3pica de 2,4 \u2013 4,8 m Cepillo de aspiraci\u00f3n triangular para suelos, \u00f8 50 mm Limpiador de suelos articulado Skelleton, \u00f8 50 mm Boquilla de aspiraci\u00f3n, redonda, \u00f8 50 mm","og_url":"https:\/\/thebiopool.com\/es\/product\/torpedo-pond-suction-cleaner-with-accessoires\/","og_site_name":"expertos en piscinas y estanques naturales","article_publisher":"https:\/\/www.facebook.com\/Naturaleza-y-Arte-Stefan-Meier-162702410430553\/","article_modified_time":"2026-01-21T16:03:45+00:00","og_image":[{"width":683,"height":1024,"url":"https:\/\/thebiopool.com\/wp-content\/uploads\/image_TOR1000_3.jpg","type":"image\/jpeg"}],"twitter_card":"summary_large_image","twitter_misc":{"Tiempo de lectura":"1 minuto"},"schema":{"@context":"https:\/\/schema.org","@graph":[{"@type":"WebPage","@id":"https:\/\/thebiopool.com\/es\/product\/torpedo-pond-suction-cleaner-with-accessoires\/","url":"https:\/\/thebiopool.com\/es\/product\/torpedo-pond-suction-cleaner-with-accessoires\/","name":"Limpiador de estanques por succi\u00f3n TORPEDO con accesorios - expertos en piscinas y estanques naturales","isPartOf":{"@id":"https:\/\/thebiopool.com\/es\/#website"},"primaryImageOfPage":{"@id":"https:\/\/thebiopool.com\/es\/product\/torpedo-pond-suction-cleaner-with-accessoires\/#primaryimage"},"image":{"@id":"https:\/\/thebiopool.com\/product\/torpedo-pond-suction-cleaner-with-accessoires\/#primaryimage"},"thumbnailUrl":"https:\/\/thebiopool.com\/wp-content\/uploads\/image_TOR1000_3.jpg","datePublished":"2024-11-12T08:12:11+00:00","dateModified":"2026-01-21T16:03:45+00:00","breadcrumb":{"@id":"https:\/\/thebiopool.com\/es\/product\/torpedo-pond-suction-cleaner-with-accessoires\/#breadcrumb"},"inLanguage":"es","potentialAction":[{"@type":"ReadAction","target":[["https:\/\/thebiopool.com\/es\/product\/torpedo-pond-suction-cleaner-with-accessoires\/"]]}]},{"@type":"ImageObject","inLanguage":"es","@id":"https:\/\/thebiopool.com\/es\/product\/torpedo-pond-suction-cleaner-with-accessoires\/#primaryimage","url":"https:\/\/thebiopool.com\/wp-content\/uploads\/image_TOR1000_3.jpg","contentUrl":"https:\/\/thebiopool.com\/wp-content\/uploads\/image_TOR1000_3.jpg","width":683,"height":1024},{"@type":"BreadcrumbList","@id":"https:\/\/thebiopool.com\/es\/product\/torpedo-pond-suction-cleaner-with-accessoires\/#breadcrumb","itemListElement":[{"@type":"ListItem","position":1,"name":"Home","item":"https:\/\/thebiopool.com\/es\/"},{"@type":"ListItem","position":2,"name":"Shop","item":"https:\/\/thebiopool.com\/es\/shop\/"},{"@type":"ListItem","position":3,"name":"TORPEDO pond suction cleaner with accessoires"}]},{"@type":"WebSite","@id":"https:\/\/thebiopool.com\/es\/#website","url":"https:\/\/thebiopool.com\/es\/","name":"TheBiopool","description":"planificamos y creamos su estanque natural","publisher":{"@id":"https:\/\/thebiopool.com\/es\/#organization"},"potentialAction":[{"@type":"SearchAction","target":{"@type":"EntryPoint","urlTemplate":"https:\/\/thebiopool.com\/es\/?s={search_term_string}"},"query-input":{"@type":"PropertyValueSpecification","valueRequired":true,"valueName":"search_term_string"}}],"inLanguage":"es"},{"@type":"Organization","@id":"https:\/\/thebiopool.com\/es\/#organization","name":"TheBiopool","url":"https:\/\/thebiopool.com\/es\/","logo":{"@type":"ImageObject","inLanguage":"es","@id":"https:\/\/thebiopool.com\/es\/#\/schema\/logo\/image\/","url":"https:\/\/thebiopool.com\/wp-content\/uploads\/logo-schatten-website-klein.png","contentUrl":"https:\/\/thebiopool.com\/wp-content\/uploads\/logo-schatten-website-klein.png","width":220,"height":64,"caption":"TheBiopool"},"image":{"@id":"https:\/\/thebiopool.com\/es\/#\/schema\/logo\/image\/"},"sameAs":["https:\/\/www.facebook.com\/Naturaleza-y-Arte-Stefan-Meier-162702410430553\/","https:\/\/www.instagram.com\/thebiopool\/"]}]}},"_links":{"self":[{"href":"https:\/\/thebiopool.com\/es\/wp-json\/wp\/v2\/product\/18509","targetHints":{"allow":["GET"]}}],"collection":[{"href":"https:\/\/thebiopool.com\/es\/wp-json\/wp\/v2\/product"}],"about":[{"href":"https:\/\/thebiopool.com\/es\/wp-json\/wp\/v2\/types\/product"}],"replies":[{"embeddable":true,"href":"https:\/\/thebiopool.com\/es\/wp-json\/wp\/v2\/comments?post=18509"}],"wp:featuredmedia":[{"embeddable":true,"href":"https:\/\/thebiopool.com\/es\/wp-json\/wp\/v2\/media\/18513"}],"wp:attachment":[{"href":"https:\/\/thebiopool.com\/es\/wp-json\/wp\/v2\/media?parent=18509"}],"wp:term":[{"taxonomy":"product_brand","embeddable":true,"href":"https:\/\/thebiopool.com\/es\/wp-json\/wp\/v2\/product_brand?post=18509"},{"taxonomy":"product_cat","embeddable":true,"href":"https:\/\/thebiopool.com\/es\/wp-json\/wp\/v2\/product_cat?post=18509"},{"taxonomy":"product_tag","embeddable":true,"href":"https:\/\/thebiopool.com\/es\/wp-json\/wp\/v2\/product_tag?post=18509"}],"curies":[{"name":"wp","href":"https:\/\/api.w.org\/{rel}","templated":true}]}}