{"id":18911,"date":"2025-01-08T14:09:04","date_gmt":"2025-01-08T13:09:04","guid":{"rendered":"https:\/\/thebiopool.com\/?post_type=product&#038;p=18911"},"modified":"2026-01-27T09:50:17","modified_gmt":"2026-01-27T08:50:17","slug":"cleaning-robot-tt-rb","status":"publish","type":"product","link":"https:\/\/thebiopool.com\/es\/product\/cleaning-robot-tt-rb\/","title":{"rendered":"Robot de limpieza TT-RB"},"content":{"rendered":"<p><\/p>\n<h2>Nuestro todoterreno<\/h2>\n<p>No es una ilusi\u00f3n: gracias a su enorme potencia de succi\u00f3n, el robot de limpieza TT-RB, desarrollado especialmente para piscinas naturales y estanques, no s\u00f3lo sube por las paredes, sino que tambi\u00e9n las limpia a fondo, de forma silenciosa y suave en la superficie.<\/p>\n<p>El TT-RB tiene 2 c\u00e1maras y cinco sensores, lo que lo convierte en el dispositivo m\u00e1s inteligente del mercado. Gracias a sus \u201csiete sentidos\u201d, limpia tu piscina en modo autom\u00e1tico, no al azar como un robot aspirador, sino carril por carril.<\/p>\n<p>El dispositivo acciona las paredes de la piscina de forma totalmente autom\u00e1tica en el sentido de las agujas del reloj. Al final de una semana de barrido bajo el agua, el suelo de la piscina tambi\u00e9n se limpia carril por carril. Lo hace perfectamente con piscinas geom\u00e9tricas.<\/p>\n<p>En el modo manual, puede limpiar el robot mediante una aplicaci\u00f3n de tel\u00e9fono inteligente o un control remoto, por ejemplo, en escalones grandes o en nichos donde el robot no puede moverse de forma independiente. Y a\u00fan m\u00e1s: puedes quitar el chasis del robot en solo dos pasos y guiar el dispositivo con la mano sin ning\u00fan esfuerzo.<\/p>\n<p>La barra telesc\u00f3pica especialmente desarrollada est\u00e1 disponible individualmente en nuestra tienda web. El juego TT-RB ya incluye la varilla telesc\u00f3pica TOSSTEC y muchos otros accesorios, como por ejemplo la campana de aspiraci\u00f3n transparente y la bolsa de filtro grueso de malla fina y resistente. Gracias a su bien pensada modularidad y a sus numerosos accesorios, en el futuro s\u00f3lo necesitar\u00e1 este dispositivo para limpiar su piscina natural o estanque de nataci\u00f3n. \u00a1Palabra de honor! Con los accesorios adecuados, el TT-RB puede aspirar barro, eliminar dep\u00f3sitos de paredes y suelos de piscinas y filtrar part\u00edculas en suspensi\u00f3n del agua. \u00a1Todo sin p\u00e9rdida de agua!<\/p>\n<p>El TT-RB funciona con una unidad de filtrado interna que se limpia sola durante la limpieza de la piscina. Como el filtro no puede obstruirse, el dispositivo nunca pierde potencia de succi\u00f3n.<\/p>\n<p>El control de aplicaciones gratuito es posible para todos los dispositivos TOSSTEC; puede encontrar la gama de funciones en nuestro blog.<br \/>\nLas ventajas del robot de limpieza TOSSTEC TT-RB de un vistazo:<\/p>\n<ul>\n<li>Solo se requiere un dispositivo para limpiar todas las \u00e1reas de la piscina (con los accesorios adecuados), dise\u00f1o modular<\/li>\n<li>alta eficiencia y por lo tanto menor tiempo de limpieza<\/li>\n<li>50 por ciento de ahorro de energ\u00eda en comparaci\u00f3n con otros sistemas<\/li>\n<li>Limpieza sin p\u00e9rdida de agua, la biolog\u00eda del estanque se mantiene estable<\/li>\n<li>funciona casi en silencio<\/li>\n<li>Se entrega preprogramado para el plano de planta individual de su piscina.<\/li>\n<li>configuraci\u00f3n sencilla a trav\u00e9s de la aplicaci\u00f3n para smartphone<\/li>\n<li>Manejo mediante aplicaci\u00f3n o mando a distancia, incluso desde una tumbona<\/li>\n<li>Las actualizaciones de software seguir\u00e1n ampliando la funcionalidad del dispositivo y siempre ser\u00e1n gratuitas.<\/li>\n<\/ul>\n<p><\/p>","protected":false},"excerpt":{"rendered":"<p>(m\u00e1s gastos de env\u00edo ver carrito de compra)<br \/>\nAlcance de la entrega:<\/p>\n<p>1 dispositivo b\u00e1sico con accesorio de cepillo modelo TT-BS-Plus con una longitud de cable de 18 m<br \/>\n1 chasis<br \/>\n4 discos filtrantes (2 piezas de 45 \u00b5m + 2 piezas de 110 \u00b5m)<br \/>\n1 adaptador<br \/>\n1 fuente de alimentaci\u00f3n incluido cable de alimentaci\u00f3n de 1,5 m<br \/>\n1 mando a distancia con 2 pilas<\/p>\n","protected":false},"featured_media":18912,"comment_status":"closed","ping_status":"closed","template":"","meta":[],"product_brand":[],"product_cat":[213],"product_tag":[],"class_list":{"0":"post-18911","1":"product","2":"type-product","3":"status-publish","4":"has-post-thumbnail","6":"product_cat-poolroboter","7":"product_shipping_class-dhl-bis-20kg","9":"first","10":"instock","11":"taxable","12":"shipping-taxable","13":"purchasable","14":"product-type-simple"},"yoast_head":"<!-- This site is optimized with the Yoast SEO plugin v27.4 - https:\/\/yoast.com\/product\/yoast-seo-wordpress\/ -->\n<title>Robot de limpieza TT-RB - expertos en piscinas y estanques naturales<\/title>\n<meta name=\"robots\" content=\"index, follow, max-snippet:-1, max-image-preview:large, max-video-preview:-1\" \/>\n<link rel=\"canonical\" href=\"https:\/\/thebiopool.com\/es\/product\/cleaning-robot-tt-rb\/\" \/>\n<meta property=\"og:locale\" content=\"es_ES\" \/>\n<meta property=\"og:type\" content=\"article\" \/>\n<meta property=\"og:title\" content=\"Robot de limpieza TT-RB - expertos en piscinas y estanques naturales\" \/>\n<meta property=\"og:description\" content=\"(m\u00e1s gastos de env\u00edo ver carrito de compra) Alcance de la entrega:  1 dispositivo b\u00e1sico con accesorio de cepillo modelo TT-BS-Plus con una longitud de cable de 18 m 1 chasis 4 discos filtrantes (2 piezas de 45 \u00b5m + 2 piezas de 110 \u00b5m) 1 adaptador 1 fuente de alimentaci\u00f3n incluido cable de alimentaci\u00f3n de 1,5 m 1 mando a distancia con 2 pilas\" \/>\n<meta property=\"og:url\" content=\"https:\/\/thebiopool.com\/es\/product\/cleaning-robot-tt-rb\/\" \/>\n<meta property=\"og:site_name\" content=\"expertos en piscinas y estanques naturales\" \/>\n<meta property=\"article:publisher\" content=\"https:\/\/www.facebook.com\/Naturaleza-y-Arte-Stefan-Meier-162702410430553\/\" \/>\n<meta property=\"article:modified_time\" content=\"2026-01-27T08:50:17+00:00\" \/>\n<meta property=\"og:image\" content=\"https:\/\/thebiopool.com\/wp-content\/uploads\/500700-tt-rb-tosstec-naturpoolroboter-linke-seite-vorschau-1030x827-1.jpg\" \/>\n\t<meta property=\"og:image:width\" content=\"1030\" \/>\n\t<meta property=\"og:image:height\" content=\"827\" \/>\n\t<meta property=\"og:image:type\" content=\"image\/jpeg\" \/>\n<meta name=\"twitter:card\" content=\"summary_large_image\" \/>\n<meta name=\"twitter:label1\" content=\"Tiempo de lectura\" \/>\n\t<meta name=\"twitter:data1\" content=\"2 minutos\" \/>\n<script type=\"application\/ld+json\" class=\"yoast-schema-graph\">{\"@context\":\"https:\\\/\\\/schema.org\",\"@graph\":[{\"@type\":\"WebPage\",\"@id\":\"https:\\\/\\\/thebiopool.com\\\/es\\\/product\\\/cleaning-robot-tt-rb\\\/\",\"url\":\"https:\\\/\\\/thebiopool.com\\\/es\\\/product\\\/cleaning-robot-tt-rb\\\/\",\"name\":\"Robot de limpieza TT-RB - expertos en piscinas y estanques naturales\",\"isPartOf\":{\"@id\":\"https:\\\/\\\/thebiopool.com\\\/es\\\/#website\"},\"primaryImageOfPage\":{\"@id\":\"https:\\\/\\\/thebiopool.com\\\/es\\\/product\\\/cleaning-robot-tt-rb\\\/#primaryimage\"},\"image\":{\"@id\":\"https:\\\/\\\/thebiopool.com\\\/product\\\/cleaning-robot-tt-rb\\\/#primaryimage\"},\"thumbnailUrl\":\"https:\\\/\\\/thebiopool.com\\\/wp-content\\\/uploads\\\/500700-tt-rb-tosstec-naturpoolroboter-linke-seite-vorschau-1030x827-1.jpg\",\"datePublished\":\"2025-01-08T13:09:04+00:00\",\"dateModified\":\"2026-01-27T08:50:17+00:00\",\"breadcrumb\":{\"@id\":\"https:\\\/\\\/thebiopool.com\\\/es\\\/product\\\/cleaning-robot-tt-rb\\\/#breadcrumb\"},\"inLanguage\":\"es\",\"potentialAction\":[{\"@type\":\"ReadAction\",\"target\":[[\"https:\\\/\\\/thebiopool.com\\\/es\\\/product\\\/cleaning-robot-tt-rb\\\/\"]]}]},{\"@type\":\"ImageObject\",\"inLanguage\":\"es\",\"@id\":\"https:\\\/\\\/thebiopool.com\\\/es\\\/product\\\/cleaning-robot-tt-rb\\\/#primaryimage\",\"url\":\"https:\\\/\\\/thebiopool.com\\\/wp-content\\\/uploads\\\/500700-tt-rb-tosstec-naturpoolroboter-linke-seite-vorschau-1030x827-1.jpg\",\"contentUrl\":\"https:\\\/\\\/thebiopool.com\\\/wp-content\\\/uploads\\\/500700-tt-rb-tosstec-naturpoolroboter-linke-seite-vorschau-1030x827-1.jpg\",\"width\":1030,\"height\":827,\"caption\":\"Natural pool robot-tosstec-by theBIOPOOL\"},{\"@type\":\"BreadcrumbList\",\"@id\":\"https:\\\/\\\/thebiopool.com\\\/es\\\/product\\\/cleaning-robot-tt-rb\\\/#breadcrumb\",\"itemListElement\":[{\"@type\":\"ListItem\",\"position\":1,\"name\":\"Home\",\"item\":\"https:\\\/\\\/thebiopool.com\\\/es\\\/\"},{\"@type\":\"ListItem\",\"position\":2,\"name\":\"Shop\",\"item\":\"https:\\\/\\\/thebiopool.com\\\/es\\\/shop\\\/\"},{\"@type\":\"ListItem\",\"position\":3,\"name\":\"Cleaning Robot TT-RB\"}]},{\"@type\":\"WebSite\",\"@id\":\"https:\\\/\\\/thebiopool.com\\\/es\\\/#website\",\"url\":\"https:\\\/\\\/thebiopool.com\\\/es\\\/\",\"name\":\"TheBiopool\",\"description\":\"planificamos y creamos su estanque natural\",\"publisher\":{\"@id\":\"https:\\\/\\\/thebiopool.com\\\/es\\\/#organization\"},\"potentialAction\":[{\"@type\":\"SearchAction\",\"target\":{\"@type\":\"EntryPoint\",\"urlTemplate\":\"https:\\\/\\\/thebiopool.com\\\/es\\\/?s={search_term_string}\"},\"query-input\":{\"@type\":\"PropertyValueSpecification\",\"valueRequired\":true,\"valueName\":\"search_term_string\"}}],\"inLanguage\":\"es\"},{\"@type\":\"Organization\",\"@id\":\"https:\\\/\\\/thebiopool.com\\\/es\\\/#organization\",\"name\":\"TheBiopool\",\"url\":\"https:\\\/\\\/thebiopool.com\\\/es\\\/\",\"logo\":{\"@type\":\"ImageObject\",\"inLanguage\":\"es\",\"@id\":\"https:\\\/\\\/thebiopool.com\\\/es\\\/#\\\/schema\\\/logo\\\/image\\\/\",\"url\":\"https:\\\/\\\/thebiopool.com\\\/wp-content\\\/uploads\\\/logo-schatten-website-klein.png\",\"contentUrl\":\"https:\\\/\\\/thebiopool.com\\\/wp-content\\\/uploads\\\/logo-schatten-website-klein.png\",\"width\":220,\"height\":64,\"caption\":\"TheBiopool\"},\"image\":{\"@id\":\"https:\\\/\\\/thebiopool.com\\\/es\\\/#\\\/schema\\\/logo\\\/image\\\/\"},\"sameAs\":[\"https:\\\/\\\/www.facebook.com\\\/Naturaleza-y-Arte-Stefan-Meier-162702410430553\\\/\",\"https:\\\/\\\/www.instagram.com\\\/thebiopool\\\/\"]}]}<\/script>\n<!-- \/ Yoast SEO plugin. -->","yoast_head_json":{"title":"Robot de limpieza TT-RB - expertos en piscinas y estanques naturales","robots":{"index":"index","follow":"follow","max-snippet":"max-snippet:-1","max-image-preview":"max-image-preview:large","max-video-preview":"max-video-preview:-1"},"canonical":"https:\/\/thebiopool.com\/es\/product\/cleaning-robot-tt-rb\/","og_locale":"es_ES","og_type":"article","og_title":"Robot de limpieza TT-RB - expertos en piscinas y estanques naturales","og_description":"(m\u00e1s gastos de env\u00edo ver carrito de compra) Alcance de la entrega:  1 dispositivo b\u00e1sico con accesorio de cepillo modelo TT-BS-Plus con una longitud de cable de 18 m 1 chasis 4 discos filtrantes (2 piezas de 45 \u00b5m + 2 piezas de 110 \u00b5m) 1 adaptador 1 fuente de alimentaci\u00f3n incluido cable de alimentaci\u00f3n de 1,5 m 1 mando a distancia con 2 pilas","og_url":"https:\/\/thebiopool.com\/es\/product\/cleaning-robot-tt-rb\/","og_site_name":"expertos en piscinas y estanques naturales","article_publisher":"https:\/\/www.facebook.com\/Naturaleza-y-Arte-Stefan-Meier-162702410430553\/","article_modified_time":"2026-01-27T08:50:17+00:00","og_image":[{"width":1030,"height":827,"url":"https:\/\/thebiopool.com\/wp-content\/uploads\/500700-tt-rb-tosstec-naturpoolroboter-linke-seite-vorschau-1030x827-1.jpg","type":"image\/jpeg"}],"twitter_card":"summary_large_image","twitter_misc":{"Tiempo de lectura":"2 minutos"},"schema":{"@context":"https:\/\/schema.org","@graph":[{"@type":"WebPage","@id":"https:\/\/thebiopool.com\/es\/product\/cleaning-robot-tt-rb\/","url":"https:\/\/thebiopool.com\/es\/product\/cleaning-robot-tt-rb\/","name":"Robot de limpieza TT-RB - expertos en piscinas y estanques naturales","isPartOf":{"@id":"https:\/\/thebiopool.com\/es\/#website"},"primaryImageOfPage":{"@id":"https:\/\/thebiopool.com\/es\/product\/cleaning-robot-tt-rb\/#primaryimage"},"image":{"@id":"https:\/\/thebiopool.com\/product\/cleaning-robot-tt-rb\/#primaryimage"},"thumbnailUrl":"https:\/\/thebiopool.com\/wp-content\/uploads\/500700-tt-rb-tosstec-naturpoolroboter-linke-seite-vorschau-1030x827-1.jpg","datePublished":"2025-01-08T13:09:04+00:00","dateModified":"2026-01-27T08:50:17+00:00","breadcrumb":{"@id":"https:\/\/thebiopool.com\/es\/product\/cleaning-robot-tt-rb\/#breadcrumb"},"inLanguage":"es","potentialAction":[{"@type":"ReadAction","target":[["https:\/\/thebiopool.com\/es\/product\/cleaning-robot-tt-rb\/"]]}]},{"@type":"ImageObject","inLanguage":"es","@id":"https:\/\/thebiopool.com\/es\/product\/cleaning-robot-tt-rb\/#primaryimage","url":"https:\/\/thebiopool.com\/wp-content\/uploads\/500700-tt-rb-tosstec-naturpoolroboter-linke-seite-vorschau-1030x827-1.jpg","contentUrl":"https:\/\/thebiopool.com\/wp-content\/uploads\/500700-tt-rb-tosstec-naturpoolroboter-linke-seite-vorschau-1030x827-1.jpg","width":1030,"height":827,"caption":"Natural pool robot-tosstec-by theBIOPOOL"},{"@type":"BreadcrumbList","@id":"https:\/\/thebiopool.com\/es\/product\/cleaning-robot-tt-rb\/#breadcrumb","itemListElement":[{"@type":"ListItem","position":1,"name":"Home","item":"https:\/\/thebiopool.com\/es\/"},{"@type":"ListItem","position":2,"name":"Shop","item":"https:\/\/thebiopool.com\/es\/shop\/"},{"@type":"ListItem","position":3,"name":"Cleaning Robot TT-RB"}]},{"@type":"WebSite","@id":"https:\/\/thebiopool.com\/es\/#website","url":"https:\/\/thebiopool.com\/es\/","name":"TheBiopool","description":"planificamos y creamos su estanque natural","publisher":{"@id":"https:\/\/thebiopool.com\/es\/#organization"},"potentialAction":[{"@type":"SearchAction","target":{"@type":"EntryPoint","urlTemplate":"https:\/\/thebiopool.com\/es\/?s={search_term_string}"},"query-input":{"@type":"PropertyValueSpecification","valueRequired":true,"valueName":"search_term_string"}}],"inLanguage":"es"},{"@type":"Organization","@id":"https:\/\/thebiopool.com\/es\/#organization","name":"TheBiopool","url":"https:\/\/thebiopool.com\/es\/","logo":{"@type":"ImageObject","inLanguage":"es","@id":"https:\/\/thebiopool.com\/es\/#\/schema\/logo\/image\/","url":"https:\/\/thebiopool.com\/wp-content\/uploads\/logo-schatten-website-klein.png","contentUrl":"https:\/\/thebiopool.com\/wp-content\/uploads\/logo-schatten-website-klein.png","width":220,"height":64,"caption":"TheBiopool"},"image":{"@id":"https:\/\/thebiopool.com\/es\/#\/schema\/logo\/image\/"},"sameAs":["https:\/\/www.facebook.com\/Naturaleza-y-Arte-Stefan-Meier-162702410430553\/","https:\/\/www.instagram.com\/thebiopool\/"]}]}},"_links":{"self":[{"href":"https:\/\/thebiopool.com\/es\/wp-json\/wp\/v2\/product\/18911","targetHints":{"allow":["GET"]}}],"collection":[{"href":"https:\/\/thebiopool.com\/es\/wp-json\/wp\/v2\/product"}],"about":[{"href":"https:\/\/thebiopool.com\/es\/wp-json\/wp\/v2\/types\/product"}],"replies":[{"embeddable":true,"href":"https:\/\/thebiopool.com\/es\/wp-json\/wp\/v2\/comments?post=18911"}],"wp:featuredmedia":[{"embeddable":true,"href":"https:\/\/thebiopool.com\/es\/wp-json\/wp\/v2\/media\/18912"}],"wp:attachment":[{"href":"https:\/\/thebiopool.com\/es\/wp-json\/wp\/v2\/media?parent=18911"}],"wp:term":[{"taxonomy":"product_brand","embeddable":true,"href":"https:\/\/thebiopool.com\/es\/wp-json\/wp\/v2\/product_brand?post=18911"},{"taxonomy":"product_cat","embeddable":true,"href":"https:\/\/thebiopool.com\/es\/wp-json\/wp\/v2\/product_cat?post=18911"},{"taxonomy":"product_tag","embeddable":true,"href":"https:\/\/thebiopool.com\/es\/wp-json\/wp\/v2\/product_tag?post=18911"}],"curies":[{"name":"wp","href":"https:\/\/api.w.org\/{rel}","templated":true}]}}