{"id":54317,"date":"2026-01-27T12:35:29","date_gmt":"2026-01-27T11:35:29","guid":{"rendered":"https:\/\/thebiopool.com\/?post_type=product&#038;p=54317"},"modified":"2026-04-30T11:17:31","modified_gmt":"2026-04-30T09:17:31","slug":"teichmax-phase-1","status":"publish","type":"product","link":"https:\/\/thebiopool.com\/es\/product\/teichmax-phase-1\/","title":{"rendered":"TEICHMAX PHASE 1"},"content":{"rendered":"<p><\/p>\n<p style=\"text-align: left; padding-left: 40px;\">FILTRACI\u00d3N Y RECICLAJE DE AGUA EFICACES<\/p>\n<p style=\"padding-left: 40px;\">Tras importantes mejoras, nuestro sistema de recirculaci\u00f3n de agua TEICHMAX Phase 1 regresa a nuestra gama de productos.<\/p>\n<p style=\"padding-left: 40px;\">El TEICHMAX Phase 1 se utiliza en combinaci\u00f3n con un aspirador de estanques y permite la recirculaci\u00f3n del agua extra\u00edda durante la limpieza. La malla filtrante de acero inoxidable de alta resistencia del filtro de tambor elimina eficazmente del agua materiales gruesos como suciedad, arena y lodos.<\/p>\n<p style=\"padding-left: 40px;\">La unidad de filtrado se alimenta con agua fresca a trav\u00e9s de una conexi\u00f3n Gardena, lo que permite una filtraci\u00f3n ajustable. El filtro de tambor se limpia mediante boquillas de pulverizaci\u00f3n integradas.<\/p>\n<p style=\"padding-left: 40px;\">Adem\u00e1s de las optimizaciones t\u00e9cnicas, el nuevo TEICHMAX Phase 1 tambi\u00e9n presenta una nueva construcci\u00f3n de pl\u00e1stico ligero y resistente a los impactos, as\u00ed como un chasis todoterreno con neum\u00e1ticos de goma maciza y dos frenos de estacionamiento.<\/p>\n<p style=\"padding-left: 40px;\">Con el TEICHMAX Phase 1, puede minimizar la p\u00e9rdida de agua durante la limpieza del estanque.<\/p>\n<p style=\"padding-left: 80px;\">Dise\u00f1o sin electr\u00f3nica y, por lo tanto, de bajo mantenimiento<\/p>\n<p style=\"padding-left: 80px;\">Suministro de agua dulce de regulaci\u00f3n continua<\/p>\n<p style=\"padding-left: 80px;\">Autolimpieza mediante boquillas de pulverizaci\u00f3n integradas<\/p>\n<p style=\"padding-left: 80px;\">\u00a0Funcionamiento ininterrumpido<\/p>\n<p style=\"padding-left: 40px;\">DATOS T\u00c9CNICOS<br \/>\nCONSUMO DE ENERG\u00cdA: 90 vatios<br \/>\nVOLTAJE: 230 V CA<br \/>\nCONEXI\u00d3N DE AGUA: Gardena de 0,5 pulgadas<br \/>\nCALIDAD DEL FILTRO: Malla fina de acero inoxidable de 70 \u03bcm<br \/>\nPESO: 53 kg<br \/>\nDIMENSIONES: 106 x 59 x 79 cm (An x P x Al)<\/p>\n<p><\/p>","protected":false},"excerpt":{"rendered":"<p>M\u00e1s gastos de env\u00edo (ver caja)<\/p>\n<p><strong>Filtraci\u00f3n y recirculaci\u00f3n de agua eficaces<\/strong><\/p>\n","protected":false},"featured_media":54323,"comment_status":"closed","ping_status":"closed","template":"","meta":[],"product_brand":[],"product_cat":[204],"product_tag":[],"class_list":{"0":"post-54317","1":"product","2":"type-product","3":"status-publish","4":"has-post-thumbnail","6":"product_cat-teichschlammsauger","7":"product_shipping_class-bisam","9":"first","10":"instock","11":"taxable","12":"shipping-taxable","13":"purchasable","14":"product-type-simple"},"yoast_head":"<!-- This site is optimized with the Yoast SEO plugin v27.5 - https:\/\/yoast.com\/product\/yoast-seo-wordpress\/ -->\n<title>TEICHMAX PHASE 1 - expertos en piscinas y estanques naturales<\/title>\n<meta name=\"robots\" content=\"index, follow, max-snippet:-1, max-image-preview:large, max-video-preview:-1\" \/>\n<link rel=\"canonical\" href=\"https:\/\/thebiopool.com\/es\/product\/teichmax-phase-1\/\" \/>\n<meta property=\"og:locale\" content=\"es_ES\" \/>\n<meta property=\"og:type\" content=\"article\" \/>\n<meta property=\"og:title\" content=\"TEICHMAX PHASE 1 - expertos en piscinas y estanques naturales\" \/>\n<meta property=\"og:description\" content=\"M\u00e1s gastos de env\u00edo (ver caja)  Filtraci\u00f3n y recirculaci\u00f3n de agua eficaces\" \/>\n<meta property=\"og:url\" content=\"https:\/\/thebiopool.com\/es\/product\/teichmax-phase-1\/\" \/>\n<meta property=\"og:site_name\" content=\"expertos en piscinas y estanques naturales\" \/>\n<meta property=\"article:publisher\" content=\"https:\/\/www.facebook.com\/Naturaleza-y-Arte-Stefan-Meier-162702410430553\/\" \/>\n<meta property=\"article:modified_time\" content=\"2026-04-30T09:17:31+00:00\" \/>\n<meta property=\"og:image\" content=\"https:\/\/thebiopool.com\/wp-content\/uploads\/teichmax-pic.jpg\" \/>\n\t<meta property=\"og:image:width\" content=\"830\" \/>\n\t<meta property=\"og:image:height\" content=\"588\" \/>\n\t<meta property=\"og:image:type\" content=\"image\/jpeg\" \/>\n<meta name=\"twitter:card\" content=\"summary_large_image\" \/>\n<meta name=\"twitter:label1\" content=\"Tiempo de lectura\" \/>\n\t<meta name=\"twitter:data1\" content=\"2 minutos\" \/>\n<script type=\"application\/ld+json\" class=\"yoast-schema-graph\">{\"@context\":\"https:\\\/\\\/schema.org\",\"@graph\":[{\"@type\":\"WebPage\",\"@id\":\"https:\\\/\\\/thebiopool.com\\\/es\\\/product\\\/teichmax-phase-1\\\/\",\"url\":\"https:\\\/\\\/thebiopool.com\\\/es\\\/product\\\/teichmax-phase-1\\\/\",\"name\":\"TEICHMAX PHASE 1 - expertos en piscinas y estanques naturales\",\"isPartOf\":{\"@id\":\"https:\\\/\\\/thebiopool.com\\\/es\\\/#website\"},\"primaryImageOfPage\":{\"@id\":\"https:\\\/\\\/thebiopool.com\\\/es\\\/product\\\/teichmax-phase-1\\\/#primaryimage\"},\"image\":{\"@id\":\"https:\\\/\\\/thebiopool.com\\\/product\\\/teichmax-phase-1\\\/#primaryimage\"},\"thumbnailUrl\":\"https:\\\/\\\/thebiopool.com\\\/wp-content\\\/uploads\\\/teichmax-pic.jpg\",\"datePublished\":\"2026-01-27T11:35:29+00:00\",\"dateModified\":\"2026-04-30T09:17:31+00:00\",\"breadcrumb\":{\"@id\":\"https:\\\/\\\/thebiopool.com\\\/es\\\/product\\\/teichmax-phase-1\\\/#breadcrumb\"},\"inLanguage\":\"es\",\"potentialAction\":[{\"@type\":\"ReadAction\",\"target\":[[\"https:\\\/\\\/thebiopool.com\\\/es\\\/product\\\/teichmax-phase-1\\\/\"]]}]},{\"@type\":\"ImageObject\",\"inLanguage\":\"es\",\"@id\":\"https:\\\/\\\/thebiopool.com\\\/es\\\/product\\\/teichmax-phase-1\\\/#primaryimage\",\"url\":\"https:\\\/\\\/thebiopool.com\\\/wp-content\\\/uploads\\\/teichmax-pic.jpg\",\"contentUrl\":\"https:\\\/\\\/thebiopool.com\\\/wp-content\\\/uploads\\\/teichmax-pic.jpg\",\"width\":830,\"height\":588},{\"@type\":\"BreadcrumbList\",\"@id\":\"https:\\\/\\\/thebiopool.com\\\/es\\\/product\\\/teichmax-phase-1\\\/#breadcrumb\",\"itemListElement\":[{\"@type\":\"ListItem\",\"position\":1,\"name\":\"Home\",\"item\":\"https:\\\/\\\/thebiopool.com\\\/es\\\/\"},{\"@type\":\"ListItem\",\"position\":2,\"name\":\"Shop\",\"item\":\"https:\\\/\\\/thebiopool.com\\\/es\\\/shop\\\/\"},{\"@type\":\"ListItem\",\"position\":3,\"name\":\"TEICHMAX PHASE 1\"}]},{\"@type\":\"WebSite\",\"@id\":\"https:\\\/\\\/thebiopool.com\\\/es\\\/#website\",\"url\":\"https:\\\/\\\/thebiopool.com\\\/es\\\/\",\"name\":\"TheBiopool\",\"description\":\"planificamos y creamos su estanque natural\",\"publisher\":{\"@id\":\"https:\\\/\\\/thebiopool.com\\\/es\\\/#organization\"},\"potentialAction\":[{\"@type\":\"SearchAction\",\"target\":{\"@type\":\"EntryPoint\",\"urlTemplate\":\"https:\\\/\\\/thebiopool.com\\\/es\\\/?s={search_term_string}\"},\"query-input\":{\"@type\":\"PropertyValueSpecification\",\"valueRequired\":true,\"valueName\":\"search_term_string\"}}],\"inLanguage\":\"es\"},{\"@type\":\"Organization\",\"@id\":\"https:\\\/\\\/thebiopool.com\\\/es\\\/#organization\",\"name\":\"TheBiopool\",\"url\":\"https:\\\/\\\/thebiopool.com\\\/es\\\/\",\"logo\":{\"@type\":\"ImageObject\",\"inLanguage\":\"es\",\"@id\":\"https:\\\/\\\/thebiopool.com\\\/es\\\/#\\\/schema\\\/logo\\\/image\\\/\",\"url\":\"https:\\\/\\\/thebiopool.com\\\/wp-content\\\/uploads\\\/logo-schatten-website-klein.png\",\"contentUrl\":\"https:\\\/\\\/thebiopool.com\\\/wp-content\\\/uploads\\\/logo-schatten-website-klein.png\",\"width\":220,\"height\":64,\"caption\":\"TheBiopool\"},\"image\":{\"@id\":\"https:\\\/\\\/thebiopool.com\\\/es\\\/#\\\/schema\\\/logo\\\/image\\\/\"},\"sameAs\":[\"https:\\\/\\\/www.facebook.com\\\/Naturaleza-y-Arte-Stefan-Meier-162702410430553\\\/\",\"https:\\\/\\\/www.instagram.com\\\/thebiopool\\\/\"]}]}<\/script>\n<!-- \/ Yoast SEO plugin. -->","yoast_head_json":{"title":"TEICHMAX PHASE 1 - expertos en piscinas y estanques naturales","robots":{"index":"index","follow":"follow","max-snippet":"max-snippet:-1","max-image-preview":"max-image-preview:large","max-video-preview":"max-video-preview:-1"},"canonical":"https:\/\/thebiopool.com\/es\/product\/teichmax-phase-1\/","og_locale":"es_ES","og_type":"article","og_title":"TEICHMAX PHASE 1 - expertos en piscinas y estanques naturales","og_description":"M\u00e1s gastos de env\u00edo (ver caja)  Filtraci\u00f3n y recirculaci\u00f3n de agua eficaces","og_url":"https:\/\/thebiopool.com\/es\/product\/teichmax-phase-1\/","og_site_name":"expertos en piscinas y estanques naturales","article_publisher":"https:\/\/www.facebook.com\/Naturaleza-y-Arte-Stefan-Meier-162702410430553\/","article_modified_time":"2026-04-30T09:17:31+00:00","og_image":[{"width":830,"height":588,"url":"https:\/\/thebiopool.com\/wp-content\/uploads\/teichmax-pic.jpg","type":"image\/jpeg"}],"twitter_card":"summary_large_image","twitter_misc":{"Tiempo de lectura":"2 minutos"},"schema":{"@context":"https:\/\/schema.org","@graph":[{"@type":"WebPage","@id":"https:\/\/thebiopool.com\/es\/product\/teichmax-phase-1\/","url":"https:\/\/thebiopool.com\/es\/product\/teichmax-phase-1\/","name":"TEICHMAX PHASE 1 - expertos en piscinas y estanques naturales","isPartOf":{"@id":"https:\/\/thebiopool.com\/es\/#website"},"primaryImageOfPage":{"@id":"https:\/\/thebiopool.com\/es\/product\/teichmax-phase-1\/#primaryimage"},"image":{"@id":"https:\/\/thebiopool.com\/product\/teichmax-phase-1\/#primaryimage"},"thumbnailUrl":"https:\/\/thebiopool.com\/wp-content\/uploads\/teichmax-pic.jpg","datePublished":"2026-01-27T11:35:29+00:00","dateModified":"2026-04-30T09:17:31+00:00","breadcrumb":{"@id":"https:\/\/thebiopool.com\/es\/product\/teichmax-phase-1\/#breadcrumb"},"inLanguage":"es","potentialAction":[{"@type":"ReadAction","target":[["https:\/\/thebiopool.com\/es\/product\/teichmax-phase-1\/"]]}]},{"@type":"ImageObject","inLanguage":"es","@id":"https:\/\/thebiopool.com\/es\/product\/teichmax-phase-1\/#primaryimage","url":"https:\/\/thebiopool.com\/wp-content\/uploads\/teichmax-pic.jpg","contentUrl":"https:\/\/thebiopool.com\/wp-content\/uploads\/teichmax-pic.jpg","width":830,"height":588},{"@type":"BreadcrumbList","@id":"https:\/\/thebiopool.com\/es\/product\/teichmax-phase-1\/#breadcrumb","itemListElement":[{"@type":"ListItem","position":1,"name":"Home","item":"https:\/\/thebiopool.com\/es\/"},{"@type":"ListItem","position":2,"name":"Shop","item":"https:\/\/thebiopool.com\/es\/shop\/"},{"@type":"ListItem","position":3,"name":"TEICHMAX PHASE 1"}]},{"@type":"WebSite","@id":"https:\/\/thebiopool.com\/es\/#website","url":"https:\/\/thebiopool.com\/es\/","name":"TheBiopool","description":"planificamos y creamos su estanque natural","publisher":{"@id":"https:\/\/thebiopool.com\/es\/#organization"},"potentialAction":[{"@type":"SearchAction","target":{"@type":"EntryPoint","urlTemplate":"https:\/\/thebiopool.com\/es\/?s={search_term_string}"},"query-input":{"@type":"PropertyValueSpecification","valueRequired":true,"valueName":"search_term_string"}}],"inLanguage":"es"},{"@type":"Organization","@id":"https:\/\/thebiopool.com\/es\/#organization","name":"TheBiopool","url":"https:\/\/thebiopool.com\/es\/","logo":{"@type":"ImageObject","inLanguage":"es","@id":"https:\/\/thebiopool.com\/es\/#\/schema\/logo\/image\/","url":"https:\/\/thebiopool.com\/wp-content\/uploads\/logo-schatten-website-klein.png","contentUrl":"https:\/\/thebiopool.com\/wp-content\/uploads\/logo-schatten-website-klein.png","width":220,"height":64,"caption":"TheBiopool"},"image":{"@id":"https:\/\/thebiopool.com\/es\/#\/schema\/logo\/image\/"},"sameAs":["https:\/\/www.facebook.com\/Naturaleza-y-Arte-Stefan-Meier-162702410430553\/","https:\/\/www.instagram.com\/thebiopool\/"]}]}},"_links":{"self":[{"href":"https:\/\/thebiopool.com\/es\/wp-json\/wp\/v2\/product\/54317","targetHints":{"allow":["GET"]}}],"collection":[{"href":"https:\/\/thebiopool.com\/es\/wp-json\/wp\/v2\/product"}],"about":[{"href":"https:\/\/thebiopool.com\/es\/wp-json\/wp\/v2\/types\/product"}],"replies":[{"embeddable":true,"href":"https:\/\/thebiopool.com\/es\/wp-json\/wp\/v2\/comments?post=54317"}],"wp:featuredmedia":[{"embeddable":true,"href":"https:\/\/thebiopool.com\/es\/wp-json\/wp\/v2\/media\/54323"}],"wp:attachment":[{"href":"https:\/\/thebiopool.com\/es\/wp-json\/wp\/v2\/media?parent=54317"}],"wp:term":[{"taxonomy":"product_brand","embeddable":true,"href":"https:\/\/thebiopool.com\/es\/wp-json\/wp\/v2\/product_brand?post=54317"},{"taxonomy":"product_cat","embeddable":true,"href":"https:\/\/thebiopool.com\/es\/wp-json\/wp\/v2\/product_cat?post=54317"},{"taxonomy":"product_tag","embeddable":true,"href":"https:\/\/thebiopool.com\/es\/wp-json\/wp\/v2\/product_tag?post=54317"}],"curies":[{"name":"wp","href":"https:\/\/api.w.org\/{rel}","templated":true}]}}