{"id":16829,"date":"2022-01-25T22:03:33","date_gmt":"2022-01-25T21:03:33","guid":{"rendered":"https:\/\/thebiopool.com\/?page_id=16829"},"modified":"2022-01-26T09:01:01","modified_gmt":"2022-01-26T08:01:01","slug":"construction","status":"publish","type":"page","link":"https:\/\/thebiopool.com\/it\/construction\/","title":{"rendered":"(Deutsch) Bauweise"},"content":{"rendered":"<div id=\"pl-16829\"  class=\"panel-layout\" ><div id=\"pg-16829-0\"  class=\"panel-grid panel-has-style\" ><div class=\"siteorigin-panels-stretch panel-row-style panel-row-style-for-16829-0\" data-stretch-type=\"full-stretched\" ><div id=\"pgc-16829-0-0\"  class=\"panel-grid-cell panel-grid-cell-empty\" ><\/div><div id=\"pgc-16829-0-1\"  class=\"panel-grid-cell\" ><div id=\"panel-16829-0-1-0\" class=\"so-panel widget widget_sow-editor panel-first-child panel-last-child\" data-index=\"0\" ><div class=\"panel-widget-style panel-widget-style-for-16829-0-1-0\" ><div\n\t\t\t\n\t\t\tclass=\"so-widget-sow-editor so-widget-sow-editor-base\"\n\t\t\t\n\t\t>\n<div class=\"siteorigin-widget-tinymce textwidget\">\n\t<\/div>\n<\/div><\/div><\/div><\/div><div id=\"pgc-16829-0-2\"  class=\"panel-grid-cell panel-grid-cell-mobile-last\" ><div id=\"panel-16829-0-2-0\" class=\"so-panel widget widget_sow-editor panel-first-child panel-last-child\" data-index=\"1\" ><div\n\t\t\t\n\t\t\tclass=\"so-widget-sow-editor so-widget-sow-editor-base\"\n\t\t\t\n\t\t>\n<div class=\"siteorigin-widget-tinymce textwidget\">\n\t<p><span id=\"page1R_mcid1\" class=\"markedContent\"><span dir=\"ltr\" role=\"presentation\">J<\/span><\/span><span id=\"page1R_mcid2\" class=\"markedContent\"><span dir=\"ltr\" role=\"presentation\">e nach Bauweise k\u00f6nnen sie v\u00f6llig nat\u00fcrlich wie ein kleiner See wirken, mit \u00fcppiger, bl\u00fchender<br role=\"presentation\" \/>Ufervegetation, der sich v\u00f6llig in die Natur integriert. Der Badende kann Fr\u00f6sche und Libellen<br role=\"presentation\" \/>beobachten, ebenso wie Bienen und V\u00f6gel die zum Trinken und Baden kommen. <\/span> <\/span><\/p>\n<\/div>\n<\/div><\/div><\/div><div id=\"pgc-16829-0-3\"  class=\"panel-grid-cell panel-grid-cell-empty\" ><\/div><\/div><\/div><\/div>","protected":false},"excerpt":{"rendered":"<p>Je nach Bauweise k&ouml;nnen sie v&ouml;llig nat&uuml;rlich wie ein kleiner See wirken, mit &uuml;ppiger, bl&uuml;henderUfervegetation, der sich v&ouml;llig in die Natur integriert. Der Badende kann Fr&ouml;sche und Libellenbeobachten, ebenso wie Bienen und V&ouml;gel die zum Trinken und Baden kommen.<\/p>\n","protected":false},"author":1,"featured_media":16733,"parent":0,"menu_order":0,"comment_status":"closed","ping_status":"closed","template":"","meta":{"footnotes":""},"class_list":["post-16829","page","type-page","status-publish","has-post-thumbnail","hentry"],"yoast_head":"<!-- This site is optimized with the Yoast SEO plugin v27.5 - https:\/\/yoast.com\/product\/yoast-seo-wordpress\/ -->\n<title>(Deutsch) Bauweise - esperti per piscine e stagni naturali<\/title>\n<meta name=\"robots\" content=\"index, follow, max-snippet:-1, max-image-preview:large, max-video-preview:-1\" \/>\n<link rel=\"canonical\" href=\"https:\/\/thebiopool.com\/it\/construction\/\" \/>\n<meta property=\"og:locale\" content=\"it_IT\" \/>\n<meta property=\"og:type\" content=\"article\" \/>\n<meta property=\"og:title\" content=\"(Deutsch) Bauweise - esperti per piscine e stagni naturali\" \/>\n<meta property=\"og:description\" content=\"Je nach Bauweise k&ouml;nnen sie v&ouml;llig nat&uuml;rlich wie ein kleiner See wirken, mit &uuml;ppiger, bl&uuml;henderUfervegetation, der sich v&ouml;llig in die Natur integriert. Der Badende kann Fr&ouml;sche und Libellenbeobachten, ebenso wie Bienen und V&ouml;gel die zum Trinken und Baden kommen.\" \/>\n<meta property=\"og:url\" content=\"https:\/\/thebiopool.com\/it\/construction\/\" \/>\n<meta property=\"og:site_name\" content=\"esperti per piscine e stagni naturali\" \/>\n<meta property=\"article:publisher\" content=\"https:\/\/www.facebook.com\/Naturaleza-y-Arte-Stefan-Meier-162702410430553\/\" \/>\n<meta property=\"article:modified_time\" content=\"2022-01-26T08:01:01+00:00\" \/>\n<meta property=\"og:image\" content=\"https:\/\/thebiopool.com\/wp-content\/uploads\/natural_pool_over_Genoa_Italy.jpg\" \/>\n\t<meta property=\"og:image:width\" content=\"1067\" \/>\n\t<meta property=\"og:image:height\" content=\"800\" \/>\n\t<meta property=\"og:image:type\" content=\"image\/jpeg\" \/>\n<meta name=\"twitter:card\" content=\"summary_large_image\" \/>\n<script type=\"application\/ld+json\" class=\"yoast-schema-graph\">{\"@context\":\"https:\\\/\\\/schema.org\",\"@graph\":[{\"@type\":\"WebPage\",\"@id\":\"https:\\\/\\\/thebiopool.com\\\/it\\\/construction\\\/\",\"url\":\"https:\\\/\\\/thebiopool.com\\\/it\\\/construction\\\/\",\"name\":\"(Deutsch) Bauweise - esperti per piscine e stagni naturali\",\"isPartOf\":{\"@id\":\"https:\\\/\\\/thebiopool.com\\\/it\\\/#website\"},\"primaryImageOfPage\":{\"@id\":\"https:\\\/\\\/thebiopool.com\\\/it\\\/construction\\\/#primaryimage\"},\"image\":{\"@id\":\"https:\\\/\\\/thebiopool.com\\\/construction\\\/#primaryimage\"},\"thumbnailUrl\":\"https:\\\/\\\/thebiopool.com\\\/wp-content\\\/uploads\\\/natural_pool_over_Genoa_Italy.jpg\",\"datePublished\":\"2022-01-25T21:03:33+00:00\",\"dateModified\":\"2022-01-26T08:01:01+00:00\",\"breadcrumb\":{\"@id\":\"https:\\\/\\\/thebiopool.com\\\/it\\\/construction\\\/#breadcrumb\"},\"inLanguage\":\"it-IT\",\"potentialAction\":[{\"@type\":\"ReadAction\",\"target\":[[\"https:\\\/\\\/thebiopool.com\\\/it\\\/construction\\\/\"]]}]},{\"@type\":\"ImageObject\",\"inLanguage\":\"it-IT\",\"@id\":\"https:\\\/\\\/thebiopool.com\\\/it\\\/construction\\\/#primaryimage\",\"url\":\"https:\\\/\\\/thebiopool.com\\\/wp-content\\\/uploads\\\/natural_pool_over_Genoa_Italy.jpg\",\"contentUrl\":\"https:\\\/\\\/thebiopool.com\\\/wp-content\\\/uploads\\\/natural_pool_over_Genoa_Italy.jpg\",\"width\":1067,\"height\":800,\"caption\":\"natural pool over Genoa, Italy by theBIOPOOL\"},{\"@type\":\"BreadcrumbList\",\"@id\":\"https:\\\/\\\/thebiopool.com\\\/it\\\/construction\\\/#breadcrumb\",\"itemListElement\":[{\"@type\":\"ListItem\",\"position\":1,\"name\":\"Home\",\"item\":\"https:\\\/\\\/thebiopool.com\\\/it\\\/\"},{\"@type\":\"ListItem\",\"position\":2,\"name\":\"(Deutsch) Bauweise\"}]},{\"@type\":\"WebSite\",\"@id\":\"https:\\\/\\\/thebiopool.com\\\/it\\\/#website\",\"url\":\"https:\\\/\\\/thebiopool.com\\\/it\\\/\",\"name\":\"TheBiopool\",\"description\":\"progettiamo e creiamo il vostro stagno naturale\",\"publisher\":{\"@id\":\"https:\\\/\\\/thebiopool.com\\\/it\\\/#organization\"},\"potentialAction\":[{\"@type\":\"SearchAction\",\"target\":{\"@type\":\"EntryPoint\",\"urlTemplate\":\"https:\\\/\\\/thebiopool.com\\\/it\\\/?s={search_term_string}\"},\"query-input\":{\"@type\":\"PropertyValueSpecification\",\"valueRequired\":true,\"valueName\":\"search_term_string\"}}],\"inLanguage\":\"it-IT\"},{\"@type\":\"Organization\",\"@id\":\"https:\\\/\\\/thebiopool.com\\\/it\\\/#organization\",\"name\":\"TheBiopool\",\"url\":\"https:\\\/\\\/thebiopool.com\\\/it\\\/\",\"logo\":{\"@type\":\"ImageObject\",\"inLanguage\":\"it-IT\",\"@id\":\"https:\\\/\\\/thebiopool.com\\\/it\\\/#\\\/schema\\\/logo\\\/image\\\/\",\"url\":\"https:\\\/\\\/thebiopool.com\\\/wp-content\\\/uploads\\\/logo-schatten-website-klein.png\",\"contentUrl\":\"https:\\\/\\\/thebiopool.com\\\/wp-content\\\/uploads\\\/logo-schatten-website-klein.png\",\"width\":220,\"height\":64,\"caption\":\"TheBiopool\"},\"image\":{\"@id\":\"https:\\\/\\\/thebiopool.com\\\/it\\\/#\\\/schema\\\/logo\\\/image\\\/\"},\"sameAs\":[\"https:\\\/\\\/www.facebook.com\\\/Naturaleza-y-Arte-Stefan-Meier-162702410430553\\\/\",\"https:\\\/\\\/www.instagram.com\\\/thebiopool\\\/\"]}]}<\/script>\n<!-- \/ Yoast SEO plugin. -->","yoast_head_json":{"title":"(Deutsch) Bauweise - esperti per piscine e stagni naturali","robots":{"index":"index","follow":"follow","max-snippet":"max-snippet:-1","max-image-preview":"max-image-preview:large","max-video-preview":"max-video-preview:-1"},"canonical":"https:\/\/thebiopool.com\/it\/construction\/","og_locale":"it_IT","og_type":"article","og_title":"(Deutsch) Bauweise - esperti per piscine e stagni naturali","og_description":"Je nach Bauweise k&ouml;nnen sie v&ouml;llig nat&uuml;rlich wie ein kleiner See wirken, mit &uuml;ppiger, bl&uuml;henderUfervegetation, der sich v&ouml;llig in die Natur integriert. Der Badende kann Fr&ouml;sche und Libellenbeobachten, ebenso wie Bienen und V&ouml;gel die zum Trinken und Baden kommen.","og_url":"https:\/\/thebiopool.com\/it\/construction\/","og_site_name":"esperti per piscine e stagni naturali","article_publisher":"https:\/\/www.facebook.com\/Naturaleza-y-Arte-Stefan-Meier-162702410430553\/","article_modified_time":"2022-01-26T08:01:01+00:00","og_image":[{"width":1067,"height":800,"url":"https:\/\/thebiopool.com\/wp-content\/uploads\/natural_pool_over_Genoa_Italy.jpg","type":"image\/jpeg"}],"twitter_card":"summary_large_image","schema":{"@context":"https:\/\/schema.org","@graph":[{"@type":"WebPage","@id":"https:\/\/thebiopool.com\/it\/construction\/","url":"https:\/\/thebiopool.com\/it\/construction\/","name":"(Deutsch) Bauweise - esperti per piscine e stagni naturali","isPartOf":{"@id":"https:\/\/thebiopool.com\/it\/#website"},"primaryImageOfPage":{"@id":"https:\/\/thebiopool.com\/it\/construction\/#primaryimage"},"image":{"@id":"https:\/\/thebiopool.com\/construction\/#primaryimage"},"thumbnailUrl":"https:\/\/thebiopool.com\/wp-content\/uploads\/natural_pool_over_Genoa_Italy.jpg","datePublished":"2022-01-25T21:03:33+00:00","dateModified":"2022-01-26T08:01:01+00:00","breadcrumb":{"@id":"https:\/\/thebiopool.com\/it\/construction\/#breadcrumb"},"inLanguage":"it-IT","potentialAction":[{"@type":"ReadAction","target":[["https:\/\/thebiopool.com\/it\/construction\/"]]}]},{"@type":"ImageObject","inLanguage":"it-IT","@id":"https:\/\/thebiopool.com\/it\/construction\/#primaryimage","url":"https:\/\/thebiopool.com\/wp-content\/uploads\/natural_pool_over_Genoa_Italy.jpg","contentUrl":"https:\/\/thebiopool.com\/wp-content\/uploads\/natural_pool_over_Genoa_Italy.jpg","width":1067,"height":800,"caption":"natural pool over Genoa, Italy by theBIOPOOL"},{"@type":"BreadcrumbList","@id":"https:\/\/thebiopool.com\/it\/construction\/#breadcrumb","itemListElement":[{"@type":"ListItem","position":1,"name":"Home","item":"https:\/\/thebiopool.com\/it\/"},{"@type":"ListItem","position":2,"name":"(Deutsch) Bauweise"}]},{"@type":"WebSite","@id":"https:\/\/thebiopool.com\/it\/#website","url":"https:\/\/thebiopool.com\/it\/","name":"TheBiopool","description":"progettiamo e creiamo il vostro stagno naturale","publisher":{"@id":"https:\/\/thebiopool.com\/it\/#organization"},"potentialAction":[{"@type":"SearchAction","target":{"@type":"EntryPoint","urlTemplate":"https:\/\/thebiopool.com\/it\/?s={search_term_string}"},"query-input":{"@type":"PropertyValueSpecification","valueRequired":true,"valueName":"search_term_string"}}],"inLanguage":"it-IT"},{"@type":"Organization","@id":"https:\/\/thebiopool.com\/it\/#organization","name":"TheBiopool","url":"https:\/\/thebiopool.com\/it\/","logo":{"@type":"ImageObject","inLanguage":"it-IT","@id":"https:\/\/thebiopool.com\/it\/#\/schema\/logo\/image\/","url":"https:\/\/thebiopool.com\/wp-content\/uploads\/logo-schatten-website-klein.png","contentUrl":"https:\/\/thebiopool.com\/wp-content\/uploads\/logo-schatten-website-klein.png","width":220,"height":64,"caption":"TheBiopool"},"image":{"@id":"https:\/\/thebiopool.com\/it\/#\/schema\/logo\/image\/"},"sameAs":["https:\/\/www.facebook.com\/Naturaleza-y-Arte-Stefan-Meier-162702410430553\/","https:\/\/www.instagram.com\/thebiopool\/"]}]}},"_links":{"self":[{"href":"https:\/\/thebiopool.com\/it\/wp-json\/wp\/v2\/pages\/16829","targetHints":{"allow":["GET"]}}],"collection":[{"href":"https:\/\/thebiopool.com\/it\/wp-json\/wp\/v2\/pages"}],"about":[{"href":"https:\/\/thebiopool.com\/it\/wp-json\/wp\/v2\/types\/page"}],"author":[{"embeddable":true,"href":"https:\/\/thebiopool.com\/it\/wp-json\/wp\/v2\/users\/1"}],"replies":[{"embeddable":true,"href":"https:\/\/thebiopool.com\/it\/wp-json\/wp\/v2\/comments?post=16829"}],"version-history":[{"count":0,"href":"https:\/\/thebiopool.com\/it\/wp-json\/wp\/v2\/pages\/16829\/revisions"}],"wp:featuredmedia":[{"embeddable":true,"href":"https:\/\/thebiopool.com\/it\/wp-json\/wp\/v2\/media\/16733"}],"wp:attachment":[{"href":"https:\/\/thebiopool.com\/it\/wp-json\/wp\/v2\/media?parent=16829"}],"curies":[{"name":"wp","href":"https:\/\/api.w.org\/{rel}","templated":true}]}}