{"id":16913,"date":"2022-02-02T17:19:45","date_gmt":"2022-02-02T16:19:45","guid":{"rendered":"https:\/\/thebiopool.com\/?page_id=16913"},"modified":"2022-03-21T11:19:31","modified_gmt":"2022-03-21T10:19:31","slug":"biological","status":"publish","type":"page","link":"https:\/\/thebiopool.com\/it\/biological\/","title":{"rendered":"(English) Biological"},"content":{"rendered":"<div id=\"pl-16913\"  class=\"panel-layout\" ><div id=\"pg-16913-0\"  class=\"panel-grid panel-has-style\" ><div class=\"siteorigin-panels-stretch panel-row-style panel-row-style-for-16913-0\" data-stretch-type=\"full-stretched\" ><div id=\"pgc-16913-0-0\"  class=\"panel-grid-cell panel-grid-cell-empty\" ><\/div><div id=\"pgc-16913-0-1\"  class=\"panel-grid-cell panel-grid-cell-mobile-last\" ><div id=\"panel-16913-0-1-0\" class=\"so-panel widget widget_sow-editor panel-first-child panel-last-child\" data-index=\"0\" ><div\n\t\t\t\n\t\t\tclass=\"so-widget-sow-editor so-widget-sow-editor-base\"\n\t\t\t\n\t\t>\n<div class=\"siteorigin-widget-tinymce textwidget\">\n\t<p>Il trattamento delle acque \u00e8 puramente biologico-meccanico basato sul modello della natura.<br \/>\nLa piramide alimentare in bagno con trattamento biologico dell\u2019acqua:<\/p>\n<\/p>\n<table border=\"0\" width=\"100%\" cellspacing=\"0\" cellpadding=\"4\">\n<tbody>\n<tr valign=\"TOP\">\n<td width=\"50%\"><img decoding=\"async\" class=\"alignleft wp-image-16903 size-medium lazyload\" data-src=\"https:\/\/thebiopool.com\/wp-content\/uploads\/plankton-the-biopool-1-300x194.jpg\" alt=\"\" width=\"300\" height=\"194\" data-srcset=\"https:\/\/thebiopool.com\/wp-content\/uploads\/plankton-the-biopool-1-300x194.jpg 300w, https:\/\/thebiopool.com\/wp-content\/uploads\/plankton-the-biopool-1-600x388.jpg 600w, https:\/\/thebiopool.com\/wp-content\/uploads\/plankton-the-biopool-1-768x496.jpg 768w, https:\/\/thebiopool.com\/wp-content\/uploads\/plankton-the-biopool-1-350x226.jpg 350w, https:\/\/thebiopool.com\/wp-content\/uploads\/plankton-the-biopool-1.jpg 1000w\" data-sizes=\"(max-width: 300px) 100vw, 300px\" src=\"data:image\/svg+xml;base64,PHN2ZyB3aWR0aD0iMSIgaGVpZ2h0PSIxIiB4bWxucz0iaHR0cDovL3d3dy53My5vcmcvMjAwMC9zdmciPjwvc3ZnPg==\" style=\"--smush-placeholder-width: 300px; --smush-placeholder-aspect-ratio: 300\/194;\" \/><\/td>\n<td width=\"50%\">\n<p lang=\"de-DE\" align=\"LEFT\"><span style=\"color: #000000;\"><span style=\"font-family: Helvetica Neue, Helvetica Neue, sans-serif;\"><span style=\"font-size: small;\">La qualit\u00e0 dell'acqua deve essere raggiunta attraverso la gestione dei nutrienti al \ufb01ne di raggiungere il livello tro\ufb01co piani\ufb01cato utilizzando la catena alimentare naturale.<\/span><\/span><\/span><\/p>\n<p lang=\"de-DE\" align=\"LEFT\"><span style=\"color: #000000;\"><span style=\"font-family: Helvetica Neue, Helvetica Neue, sans-serif;\"><span style=\"font-size: small;\">L'ampia base della piramide alimentare \u00e8 costituita da protozoi come batteri, alghe e funghi. Dove l'acqua naturale e la luce si uniscono, le piccole alghe crescono rapidamente. Estraggono i nutrienti dall'acqua e li utilizzano per formare biomassa e produrre ossigeno, base per molti altri processi di pulizia<\/p>\n<p><\/span><\/span><\/span><\/p>\n<\/td>\n<\/tr>\n<tr valign=\"TOP\">\n<td width=\"50%\">\n<p lang=\"de-DE\" align=\"LEFT\"><span style=\"color: #000000;\"><span style=\"font-family: Helvetica Neue, Helvetica Neue, sans-serif;\"><span style=\"font-size: small;\">Lo zooplancton \u00e8 il prossimo anello della catena alimentare. Sono principalmente piccoli crostacei che \ufb01ltrano e mangiano continuamente le alghe e i batteri dall'acqua. Sono quindi un elemento importante nella \"prestazione igienica\", l'eliminazione dei germi patogeni. Quasi tutti i potenziali agenti patogeni non si formano nell'acqua ma sono batteri intestinali introdotti dagli utenti o dai vertebrati.<br \/>\nNell'acqua ricca di ossigeno di uno stagno balneabile, i batteri intestinali non possono moltiplicarsi e vengono rapidamente eliminati dallo zooplancton.<\/span><\/span><\/span><\/p>\n<\/td>\n<td width=\"50%\"><img decoding=\"async\" class=\"alignleft wp-image-16927 size-medium lazyload\" data-src=\"https:\/\/thebiopool.com\/wp-content\/uploads\/zooplankton-6.Seite2_-300x198.jpg\" alt=\"\" width=\"300\" height=\"198\" data-srcset=\"https:\/\/thebiopool.com\/wp-content\/uploads\/zooplankton-6.Seite2_-300x198.jpg 300w, https:\/\/thebiopool.com\/wp-content\/uploads\/zooplankton-6.Seite2_-600x397.jpg 600w, https:\/\/thebiopool.com\/wp-content\/uploads\/zooplankton-6.Seite2_-768x508.jpg 768w, https:\/\/thebiopool.com\/wp-content\/uploads\/zooplankton-6.Seite2_-350x231.jpg 350w, https:\/\/thebiopool.com\/wp-content\/uploads\/zooplankton-6.Seite2_.jpg 900w\" data-sizes=\"(max-width: 300px) 100vw, 300px\" src=\"data:image\/svg+xml;base64,PHN2ZyB3aWR0aD0iMSIgaGVpZ2h0PSIxIiB4bWxucz0iaHR0cDovL3d3dy53My5vcmcvMjAwMC9zdmciPjwvc3ZnPg==\" style=\"--smush-placeholder-width: 300px; --smush-placeholder-aspect-ratio: 300\/198;\" \/><\/td>\n<\/tr>\n<tr valign=\"TOP\">\n<td width=\"50%\"><img decoding=\"async\" class=\"alignleft wp-image-16924 size-medium lazyload\" data-src=\"https:\/\/thebiopool.com\/wp-content\/uploads\/stechmucken-6.Seite2_-300x200.jpg\" alt=\"\" width=\"300\" height=\"200\" data-srcset=\"https:\/\/thebiopool.com\/wp-content\/uploads\/stechmucken-6.Seite2_-300x200.jpg 300w, https:\/\/thebiopool.com\/wp-content\/uploads\/stechmucken-6.Seite2_-600x400.jpg 600w, https:\/\/thebiopool.com\/wp-content\/uploads\/stechmucken-6.Seite2_-768x512.jpg 768w, https:\/\/thebiopool.com\/wp-content\/uploads\/stechmucken-6.Seite2_-350x233.jpg 350w, https:\/\/thebiopool.com\/wp-content\/uploads\/stechmucken-6.Seite2_-272x182.jpg 272w, https:\/\/thebiopool.com\/wp-content\/uploads\/stechmucken-6.Seite2_.jpg 1000w\" data-sizes=\"(max-width: 300px) 100vw, 300px\" src=\"data:image\/svg+xml;base64,PHN2ZyB3aWR0aD0iMSIgaGVpZ2h0PSIxIiB4bWxucz0iaHR0cDovL3d3dy53My5vcmcvMjAwMC9zdmciPjwvc3ZnPg==\" style=\"--smush-placeholder-width: 300px; --smush-placeholder-aspect-ratio: 300\/200;\" \/><\/td>\n<td width=\"50%\">\n<p lang=\"de-DE\" align=\"LEFT\"><span style=\"color: #000000;\"><span style=\"font-family: Helvetica Neue, Helvetica Neue, sans-serif;\"><span style=\"font-size: small;\">Le larve di zanzara mangiano anche plancton e detriti (materia organica in decomposizione).<br \/>\nRespirano aria in super\ufb01cie e possono quindi prosperare anche in acque prive di ossigeno e eccessivamente fertilizzate. Tuttavia, sono facili prede per tutti i predatori e vengono immediatamente mangiati in acque povere di nutrienti con una biologia consolidata. Pertanto non compaiono negli stagni balneabili e nelle piscine naturali ben usurati.<br \/>\nMa possono moltiplicarsi rapidamente in piccole pozzanghere e sottovasi di vasi di \ufb01ori della porta accanto.<\/span><\/span><\/span><\/p>\n<\/td>\n<\/tr>\n<tr valign=\"TOP\">\n<td width=\"50%\">\n<p lang=\"de-DE\" align=\"LEFT\"><span style=\"color: #000000;\"><span style=\"font-family: Helvetica Neue, Helvetica Neue, sans-serif;\"><span style=\"font-size: small;\">A loro volta, lo zooplancton viene mangiato dagli insetti e dalle loro larve, oltre che da larve di tritone e piccoli pesci. Piccoli pesci che si moltiplicano rapidamente senza altri predatori (ad esempio gambusia invasiva) possono decimare lo zooplancton a tal punto da fallire come regolatore naturale del \ufb01toplancton. Questo porta a una forte proliferazione di alghe e acqua verde. Pertanto, nel laghetto o nella piscina naturale non vengono utilizzati pesci.<\/span><\/span><\/span><\/p>\n<\/td>\n<td width=\"50%\"><img decoding=\"async\" class=\"alignleft wp-image-16923 size-medium lazyload\" data-src=\"https:\/\/thebiopool.com\/wp-content\/uploads\/kleine-fische-6.Seite2_-300x200.jpg\" alt=\"\" width=\"300\" height=\"200\" data-srcset=\"https:\/\/thebiopool.com\/wp-content\/uploads\/kleine-fische-6.Seite2_-300x200.jpg 300w, https:\/\/thebiopool.com\/wp-content\/uploads\/kleine-fische-6.Seite2_-600x400.jpg 600w, https:\/\/thebiopool.com\/wp-content\/uploads\/kleine-fische-6.Seite2_-350x233.jpg 350w, https:\/\/thebiopool.com\/wp-content\/uploads\/kleine-fische-6.Seite2_-272x182.jpg 272w, https:\/\/thebiopool.com\/wp-content\/uploads\/kleine-fische-6.Seite2_.jpg 680w\" data-sizes=\"(max-width: 300px) 100vw, 300px\" src=\"data:image\/svg+xml;base64,PHN2ZyB3aWR0aD0iMSIgaGVpZ2h0PSIxIiB4bWxucz0iaHR0cDovL3d3dy53My5vcmcvMjAwMC9zdmciPjwvc3ZnPg==\" style=\"--smush-placeholder-width: 300px; --smush-placeholder-aspect-ratio: 300\/200;\" \/><\/td>\n<\/tr>\n<tr valign=\"TOP\">\n<td width=\"50%\"><img decoding=\"async\" class=\"alignleft wp-image-16925 size-medium lazyload\" data-src=\"https:\/\/thebiopool.com\/wp-content\/uploads\/Unterwasserpflanzen-6.Seite2_-300x225.jpg\" alt=\"\" width=\"300\" height=\"225\" data-srcset=\"https:\/\/thebiopool.com\/wp-content\/uploads\/Unterwasserpflanzen-6.Seite2_-300x225.jpg 300w, https:\/\/thebiopool.com\/wp-content\/uploads\/Unterwasserpflanzen-6.Seite2_-600x450.jpg 600w, https:\/\/thebiopool.com\/wp-content\/uploads\/Unterwasserpflanzen-6.Seite2_-768x576.jpg 768w, https:\/\/thebiopool.com\/wp-content\/uploads\/Unterwasserpflanzen-6.Seite2_-350x263.jpg 350w, https:\/\/thebiopool.com\/wp-content\/uploads\/Unterwasserpflanzen-6.Seite2_.jpg 800w\" data-sizes=\"(max-width: 300px) 100vw, 300px\" src=\"data:image\/svg+xml;base64,PHN2ZyB3aWR0aD0iMSIgaGVpZ2h0PSIxIiB4bWxucz0iaHR0cDovL3d3dy53My5vcmcvMjAwMC9zdmciPjwvc3ZnPg==\" style=\"--smush-placeholder-width: 300px; --smush-placeholder-aspect-ratio: 300\/225;\" \/><\/td>\n<td width=\"50%\">\n<p lang=\"de-DE\" align=\"LEFT\"><span style=\"color: #000000;\"><span style=\"font-family: Helvetica Neue, Helvetica Neue, sans-serif;\"><span style=\"font-size: small;\"><span lang=\"it-IT\">Le piante subacquee sono in competizione naturale con le alghe e svolgono un ruolo di primo piano nella \ufb01ssazione del fosforo. In condizioni favorevoli, le piante dominano e impediscono una forte crescita delle alghe, in condizioni sfavorevoli, le alghe dominano. Tuttavia, le piante subacquee richiedono un certo livello di nutrienti nella gamma da mesotro\ufb01ca a oligotro\ufb01ca, motivo per cui sono utilizzate negli stagni balneabili di categoria 1-3.<\/span><\/span><\/span><\/span><\/p>\n<\/td>\n<\/tr>\n<tr valign=\"TOP\">\n<td width=\"50%\">\n<p lang=\"de-DE\" align=\"LEFT\"><span style=\"color: #000000;\"><span style=\"font-family: Helvetica Neue, Helvetica Neue, sans-serif;\"><span style=\"font-size: small;\">Se l'obiettivo della piani\ufb01cazione \u00e8 una trasparenza ottimale dell'acqua (piscina naturale, categoria 4-5), vengono utilizzati \ufb01ltri rapidi biologici. Il bio\ufb01lm, una colorata comunit\u00e0 di microrganismi che assumono il ruolo di zooplancton e piante acquatiche, cresce su super\ufb01ci esposte a forti correnti. Il bio\ufb01lm \ufb01ltra le alghe e i batteri dall'acqua e \ufb01ssa i nutrienti. I \ufb01ltri devono essere dotati di un dispositivo di risciacquo per poter raccogliere il bio\ufb01lm e rimuovere cos\u00ec i nutrienti immagazzinati dal sistema chiuso della piscina naturale.<\/span><\/span><\/span><\/p>\n<\/td>\n<td width=\"50%\"><img decoding=\"async\" class=\"alignleft wp-image-16926 size-medium lazyload\" data-src=\"https:\/\/thebiopool.com\/wp-content\/uploads\/wassertransparenz-6.Seite2_-300x158.jpg\" alt=\"\" width=\"300\" height=\"158\" data-srcset=\"https:\/\/thebiopool.com\/wp-content\/uploads\/wassertransparenz-6.Seite2_-300x158.jpg 300w, https:\/\/thebiopool.com\/wp-content\/uploads\/wassertransparenz-6.Seite2_-600x315.jpg 600w, https:\/\/thebiopool.com\/wp-content\/uploads\/wassertransparenz-6.Seite2_-350x184.jpg 350w, https:\/\/thebiopool.com\/wp-content\/uploads\/wassertransparenz-6.Seite2_.jpg 636w\" data-sizes=\"(max-width: 300px) 100vw, 300px\" src=\"data:image\/svg+xml;base64,PHN2ZyB3aWR0aD0iMSIgaGVpZ2h0PSIxIiB4bWxucz0iaHR0cDovL3d3dy53My5vcmcvMjAwMC9zdmciPjwvc3ZnPg==\" style=\"--smush-placeholder-width: 300px; --smush-placeholder-aspect-ratio: 300\/158;\" \/><\/td>\n<\/tr>\n<tr valign=\"TOP\">\n<td width=\"50%\"><img decoding=\"async\" class=\"alignleft wp-image-16922 size-medium lazyload\" data-src=\"https:\/\/thebiopool.com\/wp-content\/uploads\/Blaetter-6.Seite2_-300x225.jpg\" alt=\"\" width=\"300\" height=\"225\" data-srcset=\"https:\/\/thebiopool.com\/wp-content\/uploads\/Blaetter-6.Seite2_-300x225.jpg 300w, https:\/\/thebiopool.com\/wp-content\/uploads\/Blaetter-6.Seite2_-600x450.jpg 600w, https:\/\/thebiopool.com\/wp-content\/uploads\/Blaetter-6.Seite2_-768x576.jpg 768w, https:\/\/thebiopool.com\/wp-content\/uploads\/Blaetter-6.Seite2_-350x263.jpg 350w, https:\/\/thebiopool.com\/wp-content\/uploads\/Blaetter-6.Seite2_.jpg 800w\" data-sizes=\"(max-width: 300px) 100vw, 300px\" src=\"data:image\/svg+xml;base64,PHN2ZyB3aWR0aD0iMSIgaGVpZ2h0PSIxIiB4bWxucz0iaHR0cDovL3d3dy53My5vcmcvMjAwMC9zdmciPjwvc3ZnPg==\" style=\"--smush-placeholder-width: 300px; --smush-placeholder-aspect-ratio: 300\/225;\" \/><\/td>\n<td width=\"50%\">\n<p lang=\"de-DE\" align=\"LEFT\"><span style=\"color: #000000;\"><span style=\"font-family: Helvetica Neue, Helvetica Neue, sans-serif;\"><span style=\"font-size: small;\">Foglie e pollini trasportati dal vento, cos\u00ec come organismi morti, a\ufb00ondano sul fondo e vi formano un sedimento organico. Questo viene decomposto e mineralizzato da altre piccole creature, per cui i nutrienti legati vengono nuovamente rilasciati e tornano nel ciclo dell'acqua. Aspirando il sedimento, che viene utilizzato come fertilizzante naturale nei letti, vengono sottratte al ciclograndi quantit\u00e0 di nutrienti.<\/span><\/span><\/span><\/p>\n<\/td>\n<\/tr>\n<\/tbody>\n<\/table>\n<p>La depuraci\u00f3n del agua en un estanque de nataci\u00f3n y piscina natural se basa en una depuraci\u00f3n<br \/>\npuramente mec\u00e1nico-biol\u00f3gica y copia los mecanismos de la naturaleza. Con la ayuda de la<br \/>\ncadena de alimentaci\u00f3n y la extracci\u00f3n continua de nutrientes, se logra agua sana y \u201cpura\u201d.<\/p>\n<p>Esto contrasta absolutamente con la desinfecci\u00f3n qu\u00edmica en el <a href=\"https:\/\/thebiopool.com\/seite-7\/\" target=\"_blank\" rel=\"noopener\">ba\u00f1o de cloro cl\u00e1sico<\/a> o en la <a href=\"https:\/\/thebiopool.com\/hybrid-pool\/\" target=\"_blank\" rel=\"noopener\">piscina h\u00edbrida<\/a>.<\/p>\n<\/div>\n<\/div><\/div><\/div><div id=\"pgc-16913-0-2\"  class=\"panel-grid-cell panel-grid-cell-empty\" ><\/div><\/div><\/div><\/div>","protected":false},"excerpt":{"rendered":"<p>Il trattamento delle acque &egrave; puramente biologico-meccanico basato sul modello della natura. La piramide alimentare in bagno con trattamento biologico dell&rsquo;acqua: La qualit&agrave; dell&#8217;acqua deve essere raggiunta attraverso la gestione dei nutrienti al &#64257;ne di raggiungere il livello tro&#64257;co piani&#64257;cato utilizzando la catena alimentare naturale. L&#8217;ampia base della piramide alimentare &egrave; costituita da protozoi come batteri, alghe e funghi. Dove l&#8217;acqua naturale e la luce si uniscono, le piccole alghe crescono rapidamente. Estraggono i nutrienti dall&#8217;acqua e li utilizzano per formare biomassa e produrre ossigeno, base per molti altri processi di pulizia Lo zooplancton &egrave; il prossimo anello della catena&hellip;<\/p>\n","protected":false},"author":1,"featured_media":0,"parent":0,"menu_order":0,"comment_status":"closed","ping_status":"closed","template":"","meta":{"footnotes":""},"class_list":["post-16913","page","type-page","status-publish","hentry"],"yoast_head":"<!-- This site is optimized with the Yoast SEO plugin v27.5 - https:\/\/yoast.com\/product\/yoast-seo-wordpress\/ -->\n<title>(English) Biological - esperti per piscine e stagni naturali<\/title>\n<meta name=\"robots\" content=\"index, follow, max-snippet:-1, max-image-preview:large, max-video-preview:-1\" \/>\n<link rel=\"canonical\" href=\"https:\/\/thebiopool.com\/it\/biological\/\" \/>\n<meta property=\"og:locale\" content=\"it_IT\" \/>\n<meta property=\"og:type\" content=\"article\" \/>\n<meta property=\"og:title\" content=\"(English) Biological - esperti per piscine e stagni naturali\" \/>\n<meta property=\"og:description\" content=\"Il trattamento delle acque &egrave; puramente biologico-meccanico basato sul modello della natura. La piramide alimentare in bagno con trattamento biologico dell&rsquo;acqua: La qualit&agrave; dell&#039;acqua deve essere raggiunta attraverso la gestione dei nutrienti al &#64257;ne di raggiungere il livello tro&#64257;co piani&#64257;cato utilizzando la catena alimentare naturale. L&#039;ampia base della piramide alimentare &egrave; costituita da protozoi come batteri, alghe e funghi. Dove l&#039;acqua naturale e la luce si uniscono, le piccole alghe crescono rapidamente. Estraggono i nutrienti dall&#039;acqua e li utilizzano per formare biomassa e produrre ossigeno, base per molti altri processi di pulizia Lo zooplancton &egrave; il prossimo anello della catena&hellip;\" \/>\n<meta property=\"og:url\" content=\"https:\/\/thebiopool.com\/it\/biological\/\" \/>\n<meta property=\"og:site_name\" content=\"esperti per piscine e stagni naturali\" \/>\n<meta property=\"article:publisher\" content=\"https:\/\/www.facebook.com\/Naturaleza-y-Arte-Stefan-Meier-162702410430553\/\" \/>\n<meta property=\"article:modified_time\" content=\"2022-03-21T10:19:31+00:00\" \/>\n<meta property=\"og:image\" content=\"https:\/\/thebiopool.com\/wp-content\/uploads\/plankton-the-biopool-1-300x194.jpg\" \/>\n<meta name=\"twitter:card\" content=\"summary_large_image\" \/>\n<meta name=\"twitter:label1\" content=\"Tempo di lettura stimato\" \/>\n\t<meta name=\"twitter:data1\" content=\"4 minuti\" \/>\n<script type=\"application\/ld+json\" class=\"yoast-schema-graph\">{\"@context\":\"https:\\\/\\\/schema.org\",\"@graph\":[{\"@type\":\"WebPage\",\"@id\":\"https:\\\/\\\/thebiopool.com\\\/it\\\/biological\\\/\",\"url\":\"https:\\\/\\\/thebiopool.com\\\/it\\\/biological\\\/\",\"name\":\"(English) Biological - esperti per piscine e stagni naturali\",\"isPartOf\":{\"@id\":\"https:\\\/\\\/thebiopool.com\\\/it\\\/#website\"},\"primaryImageOfPage\":{\"@id\":\"https:\\\/\\\/thebiopool.com\\\/it\\\/biological\\\/#primaryimage\"},\"image\":{\"@id\":\"https:\\\/\\\/thebiopool.com\\\/biological\\\/#primaryimage\"},\"thumbnailUrl\":\"https:\\\/\\\/thebiopool.com\\\/wp-content\\\/uploads\\\/plankton-the-biopool-1-300x194.jpg\",\"datePublished\":\"2022-02-02T16:19:45+00:00\",\"dateModified\":\"2022-03-21T10:19:31+00:00\",\"breadcrumb\":{\"@id\":\"https:\\\/\\\/thebiopool.com\\\/it\\\/biological\\\/#breadcrumb\"},\"inLanguage\":\"it-IT\",\"potentialAction\":[{\"@type\":\"ReadAction\",\"target\":[[\"https:\\\/\\\/thebiopool.com\\\/it\\\/biological\\\/\"]]}]},{\"@type\":\"ImageObject\",\"inLanguage\":\"it-IT\",\"@id\":\"https:\\\/\\\/thebiopool.com\\\/it\\\/biological\\\/#primaryimage\",\"url\":\"https:\\\/\\\/thebiopool.com\\\/wp-content\\\/uploads\\\/plankton-the-biopool-1-300x194.jpg\",\"contentUrl\":\"https:\\\/\\\/thebiopool.com\\\/wp-content\\\/uploads\\\/plankton-the-biopool-1-300x194.jpg\"},{\"@type\":\"BreadcrumbList\",\"@id\":\"https:\\\/\\\/thebiopool.com\\\/it\\\/biological\\\/#breadcrumb\",\"itemListElement\":[{\"@type\":\"ListItem\",\"position\":1,\"name\":\"Home\",\"item\":\"https:\\\/\\\/thebiopool.com\\\/it\\\/\"},{\"@type\":\"ListItem\",\"position\":2,\"name\":\"Biological\"}]},{\"@type\":\"WebSite\",\"@id\":\"https:\\\/\\\/thebiopool.com\\\/it\\\/#website\",\"url\":\"https:\\\/\\\/thebiopool.com\\\/it\\\/\",\"name\":\"TheBiopool\",\"description\":\"progettiamo e creiamo il vostro stagno naturale\",\"publisher\":{\"@id\":\"https:\\\/\\\/thebiopool.com\\\/it\\\/#organization\"},\"potentialAction\":[{\"@type\":\"SearchAction\",\"target\":{\"@type\":\"EntryPoint\",\"urlTemplate\":\"https:\\\/\\\/thebiopool.com\\\/it\\\/?s={search_term_string}\"},\"query-input\":{\"@type\":\"PropertyValueSpecification\",\"valueRequired\":true,\"valueName\":\"search_term_string\"}}],\"inLanguage\":\"it-IT\"},{\"@type\":\"Organization\",\"@id\":\"https:\\\/\\\/thebiopool.com\\\/it\\\/#organization\",\"name\":\"TheBiopool\",\"url\":\"https:\\\/\\\/thebiopool.com\\\/it\\\/\",\"logo\":{\"@type\":\"ImageObject\",\"inLanguage\":\"it-IT\",\"@id\":\"https:\\\/\\\/thebiopool.com\\\/it\\\/#\\\/schema\\\/logo\\\/image\\\/\",\"url\":\"https:\\\/\\\/thebiopool.com\\\/wp-content\\\/uploads\\\/logo-schatten-website-klein.png\",\"contentUrl\":\"https:\\\/\\\/thebiopool.com\\\/wp-content\\\/uploads\\\/logo-schatten-website-klein.png\",\"width\":220,\"height\":64,\"caption\":\"TheBiopool\"},\"image\":{\"@id\":\"https:\\\/\\\/thebiopool.com\\\/it\\\/#\\\/schema\\\/logo\\\/image\\\/\"},\"sameAs\":[\"https:\\\/\\\/www.facebook.com\\\/Naturaleza-y-Arte-Stefan-Meier-162702410430553\\\/\",\"https:\\\/\\\/www.instagram.com\\\/thebiopool\\\/\"]}]}<\/script>\n<!-- \/ Yoast SEO plugin. -->","yoast_head_json":{"title":"(English) Biological - esperti per piscine e stagni naturali","robots":{"index":"index","follow":"follow","max-snippet":"max-snippet:-1","max-image-preview":"max-image-preview:large","max-video-preview":"max-video-preview:-1"},"canonical":"https:\/\/thebiopool.com\/it\/biological\/","og_locale":"it_IT","og_type":"article","og_title":"(English) Biological - esperti per piscine e stagni naturali","og_description":"Il trattamento delle acque &egrave; puramente biologico-meccanico basato sul modello della natura. La piramide alimentare in bagno con trattamento biologico dell&rsquo;acqua: La qualit&agrave; dell'acqua deve essere raggiunta attraverso la gestione dei nutrienti al &#64257;ne di raggiungere il livello tro&#64257;co piani&#64257;cato utilizzando la catena alimentare naturale. L'ampia base della piramide alimentare &egrave; costituita da protozoi come batteri, alghe e funghi. Dove l'acqua naturale e la luce si uniscono, le piccole alghe crescono rapidamente. Estraggono i nutrienti dall'acqua e li utilizzano per formare biomassa e produrre ossigeno, base per molti altri processi di pulizia Lo zooplancton &egrave; il prossimo anello della catena&hellip;","og_url":"https:\/\/thebiopool.com\/it\/biological\/","og_site_name":"esperti per piscine e stagni naturali","article_publisher":"https:\/\/www.facebook.com\/Naturaleza-y-Arte-Stefan-Meier-162702410430553\/","article_modified_time":"2022-03-21T10:19:31+00:00","og_image":[{"url":"https:\/\/thebiopool.com\/wp-content\/uploads\/plankton-the-biopool-1-300x194.jpg","type":"","width":"","height":""}],"twitter_card":"summary_large_image","twitter_misc":{"Tempo di lettura stimato":"4 minuti"},"schema":{"@context":"https:\/\/schema.org","@graph":[{"@type":"WebPage","@id":"https:\/\/thebiopool.com\/it\/biological\/","url":"https:\/\/thebiopool.com\/it\/biological\/","name":"(English) Biological - esperti per piscine e stagni naturali","isPartOf":{"@id":"https:\/\/thebiopool.com\/it\/#website"},"primaryImageOfPage":{"@id":"https:\/\/thebiopool.com\/it\/biological\/#primaryimage"},"image":{"@id":"https:\/\/thebiopool.com\/biological\/#primaryimage"},"thumbnailUrl":"https:\/\/thebiopool.com\/wp-content\/uploads\/plankton-the-biopool-1-300x194.jpg","datePublished":"2022-02-02T16:19:45+00:00","dateModified":"2022-03-21T10:19:31+00:00","breadcrumb":{"@id":"https:\/\/thebiopool.com\/it\/biological\/#breadcrumb"},"inLanguage":"it-IT","potentialAction":[{"@type":"ReadAction","target":[["https:\/\/thebiopool.com\/it\/biological\/"]]}]},{"@type":"ImageObject","inLanguage":"it-IT","@id":"https:\/\/thebiopool.com\/it\/biological\/#primaryimage","url":"https:\/\/thebiopool.com\/wp-content\/uploads\/plankton-the-biopool-1-300x194.jpg","contentUrl":"https:\/\/thebiopool.com\/wp-content\/uploads\/plankton-the-biopool-1-300x194.jpg"},{"@type":"BreadcrumbList","@id":"https:\/\/thebiopool.com\/it\/biological\/#breadcrumb","itemListElement":[{"@type":"ListItem","position":1,"name":"Home","item":"https:\/\/thebiopool.com\/it\/"},{"@type":"ListItem","position":2,"name":"Biological"}]},{"@type":"WebSite","@id":"https:\/\/thebiopool.com\/it\/#website","url":"https:\/\/thebiopool.com\/it\/","name":"TheBiopool","description":"progettiamo e creiamo il vostro stagno naturale","publisher":{"@id":"https:\/\/thebiopool.com\/it\/#organization"},"potentialAction":[{"@type":"SearchAction","target":{"@type":"EntryPoint","urlTemplate":"https:\/\/thebiopool.com\/it\/?s={search_term_string}"},"query-input":{"@type":"PropertyValueSpecification","valueRequired":true,"valueName":"search_term_string"}}],"inLanguage":"it-IT"},{"@type":"Organization","@id":"https:\/\/thebiopool.com\/it\/#organization","name":"TheBiopool","url":"https:\/\/thebiopool.com\/it\/","logo":{"@type":"ImageObject","inLanguage":"it-IT","@id":"https:\/\/thebiopool.com\/it\/#\/schema\/logo\/image\/","url":"https:\/\/thebiopool.com\/wp-content\/uploads\/logo-schatten-website-klein.png","contentUrl":"https:\/\/thebiopool.com\/wp-content\/uploads\/logo-schatten-website-klein.png","width":220,"height":64,"caption":"TheBiopool"},"image":{"@id":"https:\/\/thebiopool.com\/it\/#\/schema\/logo\/image\/"},"sameAs":["https:\/\/www.facebook.com\/Naturaleza-y-Arte-Stefan-Meier-162702410430553\/","https:\/\/www.instagram.com\/thebiopool\/"]}]}},"_links":{"self":[{"href":"https:\/\/thebiopool.com\/it\/wp-json\/wp\/v2\/pages\/16913","targetHints":{"allow":["GET"]}}],"collection":[{"href":"https:\/\/thebiopool.com\/it\/wp-json\/wp\/v2\/pages"}],"about":[{"href":"https:\/\/thebiopool.com\/it\/wp-json\/wp\/v2\/types\/page"}],"author":[{"embeddable":true,"href":"https:\/\/thebiopool.com\/it\/wp-json\/wp\/v2\/users\/1"}],"replies":[{"embeddable":true,"href":"https:\/\/thebiopool.com\/it\/wp-json\/wp\/v2\/comments?post=16913"}],"version-history":[{"count":0,"href":"https:\/\/thebiopool.com\/it\/wp-json\/wp\/v2\/pages\/16913\/revisions"}],"wp:attachment":[{"href":"https:\/\/thebiopool.com\/it\/wp-json\/wp\/v2\/media?parent=16913"}],"curies":[{"name":"wp","href":"https:\/\/api.w.org\/{rel}","templated":true}]}}