{"id":16935,"date":"2022-02-04T13:27:39","date_gmt":"2022-02-04T12:27:39","guid":{"rendered":"https:\/\/thebiopool.com\/?page_id=16935"},"modified":"2022-03-21T12:48:29","modified_gmt":"2022-03-21T11:48:29","slug":"seite-7","status":"publish","type":"page","link":"https:\/\/thebiopool.com\/it\/seite-7\/","title":{"rendered":"(English) Chemical disinfection by chlorine."},"content":{"rendered":"<div id=\"pl-16935\"  class=\"panel-layout\" ><div id=\"pg-16935-0\"  class=\"panel-grid panel-has-style\" ><div class=\"siteorigin-panels-stretch panel-row-style panel-row-style-for-16935-0\" data-stretch-type=\"full-stretched\" ><div id=\"pgc-16935-0-0\"  class=\"panel-grid-cell panel-grid-cell-empty\" ><\/div><div id=\"pgc-16935-0-1\"  class=\"panel-grid-cell\" ><div id=\"panel-16935-0-1-0\" class=\"so-panel widget widget_sow-editor panel-first-child panel-last-child\" data-index=\"0\" ><div class=\"panel-widget-style panel-widget-style-for-16935-0-1-0\" ><div\n\t\t\t\n\t\t\tclass=\"so-widget-sow-editor so-widget-sow-editor-base\"\n\t\t\t\n\t\t>\n<div class=\"siteorigin-widget-tinymce textwidget\">\n\t<p>Disinfezione chimica mediante cloro.<\/p>\n<p>Il metodo standard per mantenere pulita l'acqua della piscina \u00e8 la disinfezione chimica, principalmente con cloro. Questo pu\u00f2 essere aggiunto all'acqua sotto forma di gas, liquido, polvere o compresse. Tuttavia, pu\u00f2 anche essere ottenuto per elettrolisi nel ciclo dell'acqua della piscina, spesso indicato come \"piscina di acqua salata\".<\/p>\n<p>Il cloro e altri disinfettanti sono tossici e mirano a uccidere tutta la vita nell'acqua. I batteri e le alghe hanno una super\ufb01cie molto ampia e un metabolismo veloce e quindi muoiono molto rapidamente. Ma vengono attaccati anche la nostra pelle, gli occhi e le mucose.<\/p>\n<p>A\ufb03nch\u00e9 il cloro sviluppi il suo e\ufb00etto mortale, il valore del pH deve essere regolato nell'intervallo 7,2-7,6. Questo viene fatto automaticamente nella piscina di acqua salata aggiungendo acido cloridrico.<\/p>\n<p>Ad esempio, il cloro reagisce con l'azoto di creme solari, particelle di pelle e urina per formare composti cancerogeni.<\/p>\n<p>Soprattutto alle alte temperature e all'uso intenso, l'e\ufb00etto disinfettante \u00e8 spesso troppo debole per prevenire in modo a\ufb03dabile le alghe. \u00c8 necessario aggiungere alghicidi, solitamente a base di rame, quindi ancora pi\u00f9 veleno. Dopo una pioggia sahariana, l'acqua diventa torbida e la polvere<br \/>\n\u00e8 cos\u00ec \ufb01ne che non pu\u00f2 essere catturata dal \ufb01ltro. Ora \u00e8 necessario utilizzare un \ufb02occulante chimico.<\/p>\n<p>Non puoi pi\u00f9 vedere i nutrienti, ma le impurit\u00e0 rimangono nell'acqua e l\u00ec si accumulano.<\/p>\n<p>A proposito, il cloro \u00e8 un gas inodore. Il tipico \u201codore di cloro\u201d nelle piscine \u00e8 causato dai prodotti di reazione del cloro.<\/p>\n<p>Poich\u00e9 tutti questi prodotti di reazione e le tossine si accumulano nell'acqua della piscina, l'acqua deve essere parzialmente sostituita costantemente. Le piscine pubbliche devono quindi scambiare ogni giorno il 5% del volume totale dell\u2019acqua!<\/p>\n<p>&nbsp;<\/p>\n<\/div>\n<\/div><\/div><\/div><\/div><div id=\"pgc-16935-0-2\"  class=\"panel-grid-cell panel-grid-cell-empty panel-grid-cell-mobile-last\" ><\/div><div id=\"pgc-16935-0-3\"  class=\"panel-grid-cell panel-grid-cell-empty\" ><\/div><\/div><\/div><div id=\"pg-16935-1\"  class=\"panel-grid panel-has-style\" ><div class=\"siteorigin-panels-stretch panel-row-style panel-row-style-for-16935-1\" data-stretch-type=\"full-stretched\" ><div id=\"pgc-16935-1-0\"  class=\"panel-grid-cell panel-grid-cell-empty\" ><\/div><div id=\"pgc-16935-1-1\"  class=\"panel-grid-cell panel-grid-cell-empty\" ><\/div><div id=\"pgc-16935-1-2\"  class=\"panel-grid-cell panel-grid-cell-mobile-last\" ><div id=\"panel-16935-1-2-0\" class=\"so-panel widget widget_sow-editor panel-first-child panel-last-child\" data-index=\"1\" ><div class=\"panel-widget-style panel-widget-style-for-16935-1-2-0\" ><div\n\t\t\t\n\t\t\tclass=\"so-widget-sow-editor so-widget-sow-editor-base\"\n\t\t\t\n\t\t>\n<div class=\"siteorigin-widget-tinymce textwidget\">\n\t<p>Acqua disinfettata chimicamente non signi\ufb01ca acqua pulita, signi\ufb01ca solo ACQUA MORTA. Non appena il disinfettante manca o il valore del pH si sposta al di fuori dell'intervallo necessario, alghe e batteri iniziano a moltiplicarsi in modo esponenziale, l'acqua diventa verde e mostra il suo grado di inquinamento.<\/p>\n<p>L'immagine mostra la stessa piscina 7 giorni prima (blu, trasparente) e dopo la mancata disinfezione (verde e nuvoloso).<\/p>\n<p>&nbsp;<\/p>\n<\/div>\n<\/div><\/div><\/div><\/div><div id=\"pgc-16935-1-3\"  class=\"panel-grid-cell panel-grid-cell-empty\" ><\/div><\/div><\/div><\/div>","protected":false},"excerpt":{"rendered":"<p>Disinfezione chimica mediante cloro. Il metodo standard per mantenere pulita l&#8217;acqua della piscina &egrave; la disinfezione chimica, principalmente con cloro. Questo pu&ograve; essere aggiunto all&#8217;acqua sotto forma di gas, liquido, polvere o compresse. Tuttavia, pu&ograve; anche essere ottenuto per elettrolisi nel ciclo dell&#8217;acqua della piscina, spesso indicato come &#8220;piscina di acqua salata&#8221;. Il cloro e altri disinfettanti sono tossici e mirano a uccidere tutta la vita nell&#8217;acqua. I batteri e le alghe hanno una super&#64257;cie molto ampia e un metabolismo veloce e quindi muoiono molto rapidamente. Ma vengono attaccati anche la nostra pelle, gli occhi e le mucose. A&#64259;nch&eacute; il&hellip;<\/p>\n","protected":false},"author":1,"featured_media":0,"parent":0,"menu_order":0,"comment_status":"closed","ping_status":"closed","template":"","meta":{"footnotes":""},"class_list":["post-16935","page","type-page","status-publish","hentry"],"yoast_head":"<!-- This site is optimized with the Yoast SEO plugin v27.5 - https:\/\/yoast.com\/product\/yoast-seo-wordpress\/ -->\n<title>(English) Chemical disinfection by chlorine. - esperti per piscine e stagni naturali<\/title>\n<meta name=\"robots\" content=\"index, follow, max-snippet:-1, max-image-preview:large, max-video-preview:-1\" \/>\n<link rel=\"canonical\" href=\"https:\/\/thebiopool.com\/it\/seite-7\/\" \/>\n<meta property=\"og:locale\" content=\"it_IT\" \/>\n<meta property=\"og:type\" content=\"article\" \/>\n<meta property=\"og:title\" content=\"(English) Chemical disinfection by chlorine. - esperti per piscine e stagni naturali\" \/>\n<meta property=\"og:description\" content=\"Disinfezione chimica mediante cloro. Il metodo standard per mantenere pulita l&#039;acqua della piscina &egrave; la disinfezione chimica, principalmente con cloro. Questo pu&ograve; essere aggiunto all&#039;acqua sotto forma di gas, liquido, polvere o compresse. Tuttavia, pu&ograve; anche essere ottenuto per elettrolisi nel ciclo dell&#039;acqua della piscina, spesso indicato come &quot;piscina di acqua salata&quot;. Il cloro e altri disinfettanti sono tossici e mirano a uccidere tutta la vita nell&#039;acqua. I batteri e le alghe hanno una super&#64257;cie molto ampia e un metabolismo veloce e quindi muoiono molto rapidamente. Ma vengono attaccati anche la nostra pelle, gli occhi e le mucose. A&#64259;nch&eacute; il&hellip;\" \/>\n<meta property=\"og:url\" content=\"https:\/\/thebiopool.com\/it\/seite-7\/\" \/>\n<meta property=\"og:site_name\" content=\"esperti per piscine e stagni naturali\" \/>\n<meta property=\"article:publisher\" content=\"https:\/\/www.facebook.com\/Naturaleza-y-Arte-Stefan-Meier-162702410430553\/\" \/>\n<meta property=\"article:modified_time\" content=\"2022-03-21T11:48:29+00:00\" \/>\n<meta name=\"twitter:card\" content=\"summary_large_image\" \/>\n<meta name=\"twitter:label1\" content=\"Tempo di lettura stimato\" \/>\n\t<meta name=\"twitter:data1\" content=\"7 minuti\" \/>\n<script type=\"application\/ld+json\" class=\"yoast-schema-graph\">{\"@context\":\"https:\\\/\\\/schema.org\",\"@graph\":[{\"@type\":\"WebPage\",\"@id\":\"https:\\\/\\\/thebiopool.com\\\/it\\\/seite-7\\\/\",\"url\":\"https:\\\/\\\/thebiopool.com\\\/it\\\/seite-7\\\/\",\"name\":\"(English) Chemical disinfection by chlorine. - esperti per piscine e stagni naturali\",\"isPartOf\":{\"@id\":\"https:\\\/\\\/thebiopool.com\\\/it\\\/#website\"},\"datePublished\":\"2022-02-04T12:27:39+00:00\",\"dateModified\":\"2022-03-21T11:48:29+00:00\",\"breadcrumb\":{\"@id\":\"https:\\\/\\\/thebiopool.com\\\/it\\\/seite-7\\\/#breadcrumb\"},\"inLanguage\":\"it-IT\",\"potentialAction\":[{\"@type\":\"ReadAction\",\"target\":[[\"https:\\\/\\\/thebiopool.com\\\/it\\\/seite-7\\\/\"]]}]},{\"@type\":\"BreadcrumbList\",\"@id\":\"https:\\\/\\\/thebiopool.com\\\/it\\\/seite-7\\\/#breadcrumb\",\"itemListElement\":[{\"@type\":\"ListItem\",\"position\":1,\"name\":\"Home\",\"item\":\"https:\\\/\\\/thebiopool.com\\\/it\\\/\"},{\"@type\":\"ListItem\",\"position\":2,\"name\":\"Chemical disinfection by chlorine.\"}]},{\"@type\":\"WebSite\",\"@id\":\"https:\\\/\\\/thebiopool.com\\\/it\\\/#website\",\"url\":\"https:\\\/\\\/thebiopool.com\\\/it\\\/\",\"name\":\"TheBiopool\",\"description\":\"progettiamo e creiamo il vostro stagno naturale\",\"publisher\":{\"@id\":\"https:\\\/\\\/thebiopool.com\\\/it\\\/#organization\"},\"potentialAction\":[{\"@type\":\"SearchAction\",\"target\":{\"@type\":\"EntryPoint\",\"urlTemplate\":\"https:\\\/\\\/thebiopool.com\\\/it\\\/?s={search_term_string}\"},\"query-input\":{\"@type\":\"PropertyValueSpecification\",\"valueRequired\":true,\"valueName\":\"search_term_string\"}}],\"inLanguage\":\"it-IT\"},{\"@type\":\"Organization\",\"@id\":\"https:\\\/\\\/thebiopool.com\\\/it\\\/#organization\",\"name\":\"TheBiopool\",\"url\":\"https:\\\/\\\/thebiopool.com\\\/it\\\/\",\"logo\":{\"@type\":\"ImageObject\",\"inLanguage\":\"it-IT\",\"@id\":\"https:\\\/\\\/thebiopool.com\\\/it\\\/#\\\/schema\\\/logo\\\/image\\\/\",\"url\":\"https:\\\/\\\/thebiopool.com\\\/wp-content\\\/uploads\\\/logo-schatten-website-klein.png\",\"contentUrl\":\"https:\\\/\\\/thebiopool.com\\\/wp-content\\\/uploads\\\/logo-schatten-website-klein.png\",\"width\":220,\"height\":64,\"caption\":\"TheBiopool\"},\"image\":{\"@id\":\"https:\\\/\\\/thebiopool.com\\\/it\\\/#\\\/schema\\\/logo\\\/image\\\/\"},\"sameAs\":[\"https:\\\/\\\/www.facebook.com\\\/Naturaleza-y-Arte-Stefan-Meier-162702410430553\\\/\",\"https:\\\/\\\/www.instagram.com\\\/thebiopool\\\/\"]}]}<\/script>\n<!-- \/ Yoast SEO plugin. -->","yoast_head_json":{"title":"(English) Chemical disinfection by chlorine. - esperti per piscine e stagni naturali","robots":{"index":"index","follow":"follow","max-snippet":"max-snippet:-1","max-image-preview":"max-image-preview:large","max-video-preview":"max-video-preview:-1"},"canonical":"https:\/\/thebiopool.com\/it\/seite-7\/","og_locale":"it_IT","og_type":"article","og_title":"(English) Chemical disinfection by chlorine. - esperti per piscine e stagni naturali","og_description":"Disinfezione chimica mediante cloro. Il metodo standard per mantenere pulita l'acqua della piscina &egrave; la disinfezione chimica, principalmente con cloro. Questo pu&ograve; essere aggiunto all'acqua sotto forma di gas, liquido, polvere o compresse. Tuttavia, pu&ograve; anche essere ottenuto per elettrolisi nel ciclo dell'acqua della piscina, spesso indicato come \"piscina di acqua salata\". Il cloro e altri disinfettanti sono tossici e mirano a uccidere tutta la vita nell'acqua. I batteri e le alghe hanno una super&#64257;cie molto ampia e un metabolismo veloce e quindi muoiono molto rapidamente. Ma vengono attaccati anche la nostra pelle, gli occhi e le mucose. A&#64259;nch&eacute; il&hellip;","og_url":"https:\/\/thebiopool.com\/it\/seite-7\/","og_site_name":"esperti per piscine e stagni naturali","article_publisher":"https:\/\/www.facebook.com\/Naturaleza-y-Arte-Stefan-Meier-162702410430553\/","article_modified_time":"2022-03-21T11:48:29+00:00","twitter_card":"summary_large_image","twitter_misc":{"Tempo di lettura stimato":"7 minuti"},"schema":{"@context":"https:\/\/schema.org","@graph":[{"@type":"WebPage","@id":"https:\/\/thebiopool.com\/it\/seite-7\/","url":"https:\/\/thebiopool.com\/it\/seite-7\/","name":"(English) Chemical disinfection by chlorine. - esperti per piscine e stagni naturali","isPartOf":{"@id":"https:\/\/thebiopool.com\/it\/#website"},"datePublished":"2022-02-04T12:27:39+00:00","dateModified":"2022-03-21T11:48:29+00:00","breadcrumb":{"@id":"https:\/\/thebiopool.com\/it\/seite-7\/#breadcrumb"},"inLanguage":"it-IT","potentialAction":[{"@type":"ReadAction","target":[["https:\/\/thebiopool.com\/it\/seite-7\/"]]}]},{"@type":"BreadcrumbList","@id":"https:\/\/thebiopool.com\/it\/seite-7\/#breadcrumb","itemListElement":[{"@type":"ListItem","position":1,"name":"Home","item":"https:\/\/thebiopool.com\/it\/"},{"@type":"ListItem","position":2,"name":"Chemical disinfection by chlorine."}]},{"@type":"WebSite","@id":"https:\/\/thebiopool.com\/it\/#website","url":"https:\/\/thebiopool.com\/it\/","name":"TheBiopool","description":"progettiamo e creiamo il vostro stagno naturale","publisher":{"@id":"https:\/\/thebiopool.com\/it\/#organization"},"potentialAction":[{"@type":"SearchAction","target":{"@type":"EntryPoint","urlTemplate":"https:\/\/thebiopool.com\/it\/?s={search_term_string}"},"query-input":{"@type":"PropertyValueSpecification","valueRequired":true,"valueName":"search_term_string"}}],"inLanguage":"it-IT"},{"@type":"Organization","@id":"https:\/\/thebiopool.com\/it\/#organization","name":"TheBiopool","url":"https:\/\/thebiopool.com\/it\/","logo":{"@type":"ImageObject","inLanguage":"it-IT","@id":"https:\/\/thebiopool.com\/it\/#\/schema\/logo\/image\/","url":"https:\/\/thebiopool.com\/wp-content\/uploads\/logo-schatten-website-klein.png","contentUrl":"https:\/\/thebiopool.com\/wp-content\/uploads\/logo-schatten-website-klein.png","width":220,"height":64,"caption":"TheBiopool"},"image":{"@id":"https:\/\/thebiopool.com\/it\/#\/schema\/logo\/image\/"},"sameAs":["https:\/\/www.facebook.com\/Naturaleza-y-Arte-Stefan-Meier-162702410430553\/","https:\/\/www.instagram.com\/thebiopool\/"]}]}},"_links":{"self":[{"href":"https:\/\/thebiopool.com\/it\/wp-json\/wp\/v2\/pages\/16935","targetHints":{"allow":["GET"]}}],"collection":[{"href":"https:\/\/thebiopool.com\/it\/wp-json\/wp\/v2\/pages"}],"about":[{"href":"https:\/\/thebiopool.com\/it\/wp-json\/wp\/v2\/types\/page"}],"author":[{"embeddable":true,"href":"https:\/\/thebiopool.com\/it\/wp-json\/wp\/v2\/users\/1"}],"replies":[{"embeddable":true,"href":"https:\/\/thebiopool.com\/it\/wp-json\/wp\/v2\/comments?post=16935"}],"version-history":[{"count":0,"href":"https:\/\/thebiopool.com\/it\/wp-json\/wp\/v2\/pages\/16935\/revisions"}],"wp:attachment":[{"href":"https:\/\/thebiopool.com\/it\/wp-json\/wp\/v2\/media?parent=16935"}],"curies":[{"name":"wp","href":"https:\/\/api.w.org\/{rel}","templated":true}]}}