{"id":16956,"date":"2022-02-04T17:47:42","date_gmt":"2022-02-04T16:47:42","guid":{"rendered":"https:\/\/thebiopool.com\/?page_id=16956"},"modified":"2022-03-21T12:16:44","modified_gmt":"2022-03-21T11:16:44","slug":"hybrid-pool","status":"publish","type":"page","link":"https:\/\/thebiopool.com\/it\/hybrid-pool\/","title":{"rendered":"il pool ibrido"},"content":{"rendered":"<div id=\"pl-16956\"  class=\"panel-layout\" ><div id=\"pg-16956-0\"  class=\"panel-grid panel-has-style\" ><div class=\"panel-row-style panel-row-style-for-16956-0\" ><div id=\"pgc-16956-0-0\"  class=\"panel-grid-cell panel-grid-cell-empty\" ><\/div><div id=\"pgc-16956-0-1\"  class=\"panel-grid-cell\" ><div id=\"panel-16956-0-1-0\" class=\"so-panel widget widget_sow-editor panel-first-child panel-last-child\" data-index=\"0\" ><div class=\"panel-widget-style panel-widget-style-for-16956-0-1-0\" ><div\n\t\t\t\n\t\t\tclass=\"so-widget-sow-editor so-widget-sow-editor-base\"\n\t\t\t\n\t\t>\n<div class=\"siteorigin-widget-tinymce textwidget\">\n\t<p>Disinfezione chimica nella piscina ibrida (spesso venduta erroneamente come piscina biologica o ecologica)<\/p>\n<p>Le piscine ibride utilizzano una diversa forma di disinfezione che consente agli organismi acquatici resistenti di sopravvivere. Ci\u00f2 consente l'uso di piante ripariali resistenti per creare un aspetto naturale. Ma la biologia non \u00e8 la base della puri\ufb01cazione dell'acqua, poich\u00e9 la maggior parte degli esseri viventi viene uccisa dai disinfettanti, le piante sono solo decorazioni.<br \/>\nQueste tecniche di disinfezione sono comunemente utilizzate nelle piscine ibride:<\/p>\n<p>Luce UV: parte della luce solare naturale che colpisce fortemente i tessuti viventi. Ci provoca scottature e la morte di virus, batteri e alghe. Le lampade UV vengono utilizzate negli stagni per evitare l'acqua torbida verde causata da piccole alghe. In acquario o acquacoltura con grandi quantit\u00e0 di pesci, i raggi UV possono essere utilizzati per ridurre la pressione dei patogeni. In natura questo avviene solo nei primi centimetri della super\ufb01cie, mentre gli agenti patogeni e le alghe negli strati inferiori dell'acqua vengono divorati dallo zooplancton. La luce UV uccide anche lo zooplancton... l'intera catena alimentare e la puri\ufb01cazione biologica viene interrotta. La luce UV non riduce o \ufb01ssa i nutrienti. I nutrienti \ufb01ssati nella biomassa di alghe, batteri e zooplancton vengono nuovamente rilasciati e favoriscono invece la crescita delle alghe \ufb01lamentose. La luce UV non lascia sostanze chimiche nell'acqua e non uccide la vita all'esterno della lampada. Pertanto, l'uso in una situazione di interruzione del sistema biologico, \u00e8 accettato l'uso temporaneo. (FLL, standard tedeschi per la piani\ufb01cazione, costruzione e manutenzione di NSP e base per vari altri standard nazionali). Il consumo energetico delle lampade UV \u00e8 relativamente elevato, in media superiore al consumo energetico totale in una piscina biologica.<\/p>\n<p>Rame: essenziale per la vita in piccole quantit\u00e0, rapidamente tossico a concentrazioni pi\u00f9 elevate.<br \/>\nLa maggior parte degli assassini di alghe per piscine e stagni sono a base di rame. Pu\u00f2 essere aggiunto come sale (es. CuSO4) o mediante elettrolisi. Il rame distrugge la struttura delle alghe, sia planctoniche che sessili, quindi \u00e8 e\ufb03cace anche contro le alghe \ufb01lamentose. Uccide anche molti batteri e altri microrganismi nell'acqua e nel bio\ufb01lm (\ufb01ltro), lumache acquatiche, larve e pesci<br \/>\nsensibili. Il rame rimane nell'acqua e si accumula nei sedimenti. Nei paesi con legislazioni pi\u00f9 restrittive, il rame \u00e8 severamente vietato nelle piscine pubbliche (sia naturali che chimiche). Il rame \u00e8 un divieto assoluto in uno stagno\/piscina naturale. Le piante alte sono molto pi\u00f9 resistenti al<br \/>\nrame, il che consente loro di essere utilizzate come elemento decorativo in vasche ibride, conferendo loro l'aspetto visivo di un sistema biologico.<\/p>\n<p>Argento: l'argento, come il rame, \u00e8 un metallo pesante con e\ufb00etti letali sui piccoli organismi. Viene anche utilizzato sotto forma di elettrolisi. Divieto assoluto nella pulizia biologica.<\/p>\n<p>Idrolisi: questa \u00e8 la tecnica utilizzata nelle \"piscine di acqua salata\". Un campo elettrico crea \"radicali\" di ioni cloruro dal sale disciolto nell'acqua. A tensioni pi\u00f9 elevate, la scissione della molecola d'acqua pu\u00f2 persino produrre ossigeno e radicali idrogeno. I radicali sono estremamente aggressivi su tutte le super\ufb01ci e uccidono rapidamente le piccole forme di vita. Il cloruro reagisce con l'azoto (dalla pelle, dai capelli, dalle urine, da tutta la biomassa) dando luogo a sottoprodotti cancerogeni come la triclorammina che si accumulano nell'acqua della piscina.<\/p>\n<p>C'\u00e8 molta pi\u00f9 biomassa e azoto reattivi presenti in una piscina ibrida rispetto a una piscina sterilizzata con cloro, con conseguente produzione ancora maggiore di questi pericolosi sottoprodotti! Divieto assoluto per il trattamento biologico dell'acqua.<\/p>\n<p>Controllo del pH con acido cloridrico, come nella piscina di acqua salata, per garantire l'e\ufb00etto di disinfezione.<\/p>\n<p>Una piscina ibrida non \u00e8 n\u00e9 una NbS (soluzione basata sulla natura) n\u00e9 un laghetto balneabile o una piscina naturale. Tutti i veleni che possono essere utilizzati in un pool ibrido sono legali per uso privato. In termini di trattamento dell'acqua, la piscina ibrida \u00e8 molto simile a una piscina classica, anche se l'aspetto pu\u00f2 assomigliare a un laghetto balneabile biologico. \u00c8 un'alternativa a<br \/>\nCl-disinfected e NSP.<\/p>\n<p>\u00c8 completamente sbagliato: vendere una piscina ibrida come laghetto balneabile\/piscina naturale!<br \/>\nQuesto \u00e8 greenwashing e concorrenza sleale.<\/p>\n<\/div>\n<\/div><\/div><\/div><\/div><div id=\"pgc-16956-0-2\"  class=\"panel-grid-cell panel-grid-cell-empty panel-grid-cell-mobile-last\" ><\/div><div id=\"pgc-16956-0-3\"  class=\"panel-grid-cell panel-grid-cell-empty\" ><\/div><\/div><\/div><\/div>","protected":false},"excerpt":{"rendered":"<p>Disinfezione chimica nella piscina ibrida (spesso venduta erroneamente come piscina biologica o ecologica) Le piscine ibride utilizzano una diversa forma di disinfezione che consente agli organismi acquatici resistenti di sopravvivere. Ci&ograve; consente l&#8217;uso di piante ripariali resistenti per creare un aspetto naturale. Ma la biologia non &egrave; la base della puri&#64257;cazione dell&#8217;acqua, poich&eacute; la maggior parte degli esseri viventi viene uccisa dai disinfettanti, le piante sono solo decorazioni. Queste tecniche di disinfezione sono comunemente utilizzate nelle piscine ibride: Luce UV: parte della luce solare naturale che colpisce fortemente i tessuti viventi. Ci provoca scottature e la morte di virus, batteri&hellip;<\/p>\n","protected":false},"author":1,"featured_media":0,"parent":0,"menu_order":0,"comment_status":"closed","ping_status":"closed","template":"","meta":{"footnotes":""},"class_list":["post-16956","page","type-page","status-publish","hentry"],"yoast_head":"<!-- This site is optimized with the Yoast SEO plugin v27.5 - https:\/\/yoast.com\/product\/yoast-seo-wordpress\/ -->\n<title>The Biopool - about hybrid pools<\/title>\n<meta name=\"robots\" content=\"index, follow, max-snippet:-1, max-image-preview:large, max-video-preview:-1\" \/>\n<link rel=\"canonical\" href=\"https:\/\/thebiopool.com\/it\/hybrid-pool\/\" \/>\n<meta property=\"og:locale\" content=\"it_IT\" \/>\n<meta property=\"og:type\" content=\"article\" \/>\n<meta property=\"og:title\" content=\"The Biopool - about hybrid pools\" \/>\n<meta property=\"og:description\" content=\"Disinfezione chimica nella piscina ibrida (spesso venduta erroneamente come piscina biologica o ecologica) Le piscine ibride utilizzano una diversa forma di disinfezione che consente agli organismi acquatici resistenti di sopravvivere. Ci&ograve; consente l&#039;uso di piante ripariali resistenti per creare un aspetto naturale. Ma la biologia non &egrave; la base della puri&#64257;cazione dell&#039;acqua, poich&eacute; la maggior parte degli esseri viventi viene uccisa dai disinfettanti, le piante sono solo decorazioni. Queste tecniche di disinfezione sono comunemente utilizzate nelle piscine ibride: Luce UV: parte della luce solare naturale che colpisce fortemente i tessuti viventi. Ci provoca scottature e la morte di virus, batteri&hellip;\" \/>\n<meta property=\"og:url\" content=\"https:\/\/thebiopool.com\/it\/hybrid-pool\/\" \/>\n<meta property=\"og:site_name\" content=\"esperti per piscine e stagni naturali\" \/>\n<meta property=\"article:publisher\" content=\"https:\/\/www.facebook.com\/Naturaleza-y-Arte-Stefan-Meier-162702410430553\/\" \/>\n<meta property=\"article:modified_time\" content=\"2022-03-21T11:16:44+00:00\" \/>\n<meta name=\"twitter:card\" content=\"summary_large_image\" \/>\n<meta name=\"twitter:label1\" content=\"Tempo di lettura stimato\" \/>\n\t<meta name=\"twitter:data1\" content=\"14 minuti\" \/>\n<script type=\"application\/ld+json\" class=\"yoast-schema-graph\">{\"@context\":\"https:\\\/\\\/schema.org\",\"@graph\":[{\"@type\":\"WebPage\",\"@id\":\"https:\\\/\\\/thebiopool.com\\\/it\\\/hybrid-pool\\\/\",\"url\":\"https:\\\/\\\/thebiopool.com\\\/it\\\/hybrid-pool\\\/\",\"name\":\"The Biopool - about hybrid pools\",\"isPartOf\":{\"@id\":\"https:\\\/\\\/thebiopool.com\\\/it\\\/#website\"},\"datePublished\":\"2022-02-04T16:47:42+00:00\",\"dateModified\":\"2022-03-21T11:16:44+00:00\",\"breadcrumb\":{\"@id\":\"https:\\\/\\\/thebiopool.com\\\/it\\\/hybrid-pool\\\/#breadcrumb\"},\"inLanguage\":\"it-IT\",\"potentialAction\":[{\"@type\":\"ReadAction\",\"target\":[[\"https:\\\/\\\/thebiopool.com\\\/it\\\/hybrid-pool\\\/\"]]}]},{\"@type\":\"BreadcrumbList\",\"@id\":\"https:\\\/\\\/thebiopool.com\\\/it\\\/hybrid-pool\\\/#breadcrumb\",\"itemListElement\":[{\"@type\":\"ListItem\",\"position\":1,\"name\":\"Home\",\"item\":\"https:\\\/\\\/thebiopool.com\\\/it\\\/\"},{\"@type\":\"ListItem\",\"position\":2,\"name\":\"Hybrid-Pool\"}]},{\"@type\":\"WebSite\",\"@id\":\"https:\\\/\\\/thebiopool.com\\\/it\\\/#website\",\"url\":\"https:\\\/\\\/thebiopool.com\\\/it\\\/\",\"name\":\"TheBiopool\",\"description\":\"progettiamo e creiamo il vostro stagno naturale\",\"publisher\":{\"@id\":\"https:\\\/\\\/thebiopool.com\\\/it\\\/#organization\"},\"potentialAction\":[{\"@type\":\"SearchAction\",\"target\":{\"@type\":\"EntryPoint\",\"urlTemplate\":\"https:\\\/\\\/thebiopool.com\\\/it\\\/?s={search_term_string}\"},\"query-input\":{\"@type\":\"PropertyValueSpecification\",\"valueRequired\":true,\"valueName\":\"search_term_string\"}}],\"inLanguage\":\"it-IT\"},{\"@type\":\"Organization\",\"@id\":\"https:\\\/\\\/thebiopool.com\\\/it\\\/#organization\",\"name\":\"TheBiopool\",\"url\":\"https:\\\/\\\/thebiopool.com\\\/it\\\/\",\"logo\":{\"@type\":\"ImageObject\",\"inLanguage\":\"it-IT\",\"@id\":\"https:\\\/\\\/thebiopool.com\\\/it\\\/#\\\/schema\\\/logo\\\/image\\\/\",\"url\":\"https:\\\/\\\/thebiopool.com\\\/wp-content\\\/uploads\\\/logo-schatten-website-klein.png\",\"contentUrl\":\"https:\\\/\\\/thebiopool.com\\\/wp-content\\\/uploads\\\/logo-schatten-website-klein.png\",\"width\":220,\"height\":64,\"caption\":\"TheBiopool\"},\"image\":{\"@id\":\"https:\\\/\\\/thebiopool.com\\\/it\\\/#\\\/schema\\\/logo\\\/image\\\/\"},\"sameAs\":[\"https:\\\/\\\/www.facebook.com\\\/Naturaleza-y-Arte-Stefan-Meier-162702410430553\\\/\",\"https:\\\/\\\/www.instagram.com\\\/thebiopool\\\/\"]}]}<\/script>\n<!-- \/ Yoast SEO plugin. -->","yoast_head_json":{"title":"The Biopool - about hybrid pools","robots":{"index":"index","follow":"follow","max-snippet":"max-snippet:-1","max-image-preview":"max-image-preview:large","max-video-preview":"max-video-preview:-1"},"canonical":"https:\/\/thebiopool.com\/it\/hybrid-pool\/","og_locale":"it_IT","og_type":"article","og_title":"The Biopool - about hybrid pools","og_description":"Disinfezione chimica nella piscina ibrida (spesso venduta erroneamente come piscina biologica o ecologica) Le piscine ibride utilizzano una diversa forma di disinfezione che consente agli organismi acquatici resistenti di sopravvivere. Ci&ograve; consente l'uso di piante ripariali resistenti per creare un aspetto naturale. Ma la biologia non &egrave; la base della puri&#64257;cazione dell'acqua, poich&eacute; la maggior parte degli esseri viventi viene uccisa dai disinfettanti, le piante sono solo decorazioni. Queste tecniche di disinfezione sono comunemente utilizzate nelle piscine ibride: Luce UV: parte della luce solare naturale che colpisce fortemente i tessuti viventi. Ci provoca scottature e la morte di virus, batteri&hellip;","og_url":"https:\/\/thebiopool.com\/it\/hybrid-pool\/","og_site_name":"esperti per piscine e stagni naturali","article_publisher":"https:\/\/www.facebook.com\/Naturaleza-y-Arte-Stefan-Meier-162702410430553\/","article_modified_time":"2022-03-21T11:16:44+00:00","twitter_card":"summary_large_image","twitter_misc":{"Tempo di lettura stimato":"14 minuti"},"schema":{"@context":"https:\/\/schema.org","@graph":[{"@type":"WebPage","@id":"https:\/\/thebiopool.com\/it\/hybrid-pool\/","url":"https:\/\/thebiopool.com\/it\/hybrid-pool\/","name":"The Biopool - about hybrid pools","isPartOf":{"@id":"https:\/\/thebiopool.com\/it\/#website"},"datePublished":"2022-02-04T16:47:42+00:00","dateModified":"2022-03-21T11:16:44+00:00","breadcrumb":{"@id":"https:\/\/thebiopool.com\/it\/hybrid-pool\/#breadcrumb"},"inLanguage":"it-IT","potentialAction":[{"@type":"ReadAction","target":[["https:\/\/thebiopool.com\/it\/hybrid-pool\/"]]}]},{"@type":"BreadcrumbList","@id":"https:\/\/thebiopool.com\/it\/hybrid-pool\/#breadcrumb","itemListElement":[{"@type":"ListItem","position":1,"name":"Home","item":"https:\/\/thebiopool.com\/it\/"},{"@type":"ListItem","position":2,"name":"Hybrid-Pool"}]},{"@type":"WebSite","@id":"https:\/\/thebiopool.com\/it\/#website","url":"https:\/\/thebiopool.com\/it\/","name":"TheBiopool","description":"progettiamo e creiamo il vostro stagno naturale","publisher":{"@id":"https:\/\/thebiopool.com\/it\/#organization"},"potentialAction":[{"@type":"SearchAction","target":{"@type":"EntryPoint","urlTemplate":"https:\/\/thebiopool.com\/it\/?s={search_term_string}"},"query-input":{"@type":"PropertyValueSpecification","valueRequired":true,"valueName":"search_term_string"}}],"inLanguage":"it-IT"},{"@type":"Organization","@id":"https:\/\/thebiopool.com\/it\/#organization","name":"TheBiopool","url":"https:\/\/thebiopool.com\/it\/","logo":{"@type":"ImageObject","inLanguage":"it-IT","@id":"https:\/\/thebiopool.com\/it\/#\/schema\/logo\/image\/","url":"https:\/\/thebiopool.com\/wp-content\/uploads\/logo-schatten-website-klein.png","contentUrl":"https:\/\/thebiopool.com\/wp-content\/uploads\/logo-schatten-website-klein.png","width":220,"height":64,"caption":"TheBiopool"},"image":{"@id":"https:\/\/thebiopool.com\/it\/#\/schema\/logo\/image\/"},"sameAs":["https:\/\/www.facebook.com\/Naturaleza-y-Arte-Stefan-Meier-162702410430553\/","https:\/\/www.instagram.com\/thebiopool\/"]}]}},"_links":{"self":[{"href":"https:\/\/thebiopool.com\/it\/wp-json\/wp\/v2\/pages\/16956","targetHints":{"allow":["GET"]}}],"collection":[{"href":"https:\/\/thebiopool.com\/it\/wp-json\/wp\/v2\/pages"}],"about":[{"href":"https:\/\/thebiopool.com\/it\/wp-json\/wp\/v2\/types\/page"}],"author":[{"embeddable":true,"href":"https:\/\/thebiopool.com\/it\/wp-json\/wp\/v2\/users\/1"}],"replies":[{"embeddable":true,"href":"https:\/\/thebiopool.com\/it\/wp-json\/wp\/v2\/comments?post=16956"}],"version-history":[{"count":0,"href":"https:\/\/thebiopool.com\/it\/wp-json\/wp\/v2\/pages\/16956\/revisions"}],"wp:attachment":[{"href":"https:\/\/thebiopool.com\/it\/wp-json\/wp\/v2\/media?parent=16956"}],"curies":[{"name":"wp","href":"https:\/\/api.w.org\/{rel}","templated":true}]}}