{"id":17048,"date":"2022-02-23T17:28:41","date_gmt":"2022-02-23T16:28:41","guid":{"rendered":"https:\/\/thebiopool.com\/?page_id=17048"},"modified":"2022-02-23T17:37:49","modified_gmt":"2022-02-23T16:37:49","slug":"common-essentials","status":"publish","type":"page","link":"https:\/\/thebiopool.com\/it\/common-essentials\/","title":{"rendered":"(English) COMMON ESSENTIALS"},"content":{"rendered":"<div id=\"pl-17048\"  class=\"panel-layout\" ><div id=\"pg-17048-0\"  class=\"panel-grid panel-no-style\" ><div id=\"pgc-17048-0-0\"  class=\"panel-grid-cell\" ><div id=\"panel-17048-0-0-0\" class=\"so-panel widget widget_sow-editor panel-first-child panel-last-child\" data-index=\"0\" ><div\n\t\t\t\n\t\t\tclass=\"so-widget-sow-editor so-widget-sow-editor-base\"\n\t\t\t\n\t\t>\n<div class=\"siteorigin-widget-tinymce textwidget\">\n\t<p><img decoding=\"async\" class=\"aligncenter size-full wp-image-1473 lazyload\" data-src=\"https:\/\/iob-ev.com\/wp-content\/uploads\/2018\/12\/logo1.jpg\" alt=\"IOB logo\" width=\"134\" height=\"75\" src=\"data:image\/svg+xml;base64,PHN2ZyB3aWR0aD0iMSIgaGVpZ2h0PSIxIiB4bWxucz0iaHR0cDovL3d3dy53My5vcmcvMjAwMC9zdmciPjwvc3ZnPg==\" style=\"--smush-placeholder-width: 134px; --smush-placeholder-aspect-ratio: 134\/75;\" \/><\/p>\n<p><center>Internationale Organisation f\u00fcr naturnahe Badegew\u00e4sser e.V.<\/center><\/p>\n<h3>By IOB 11th International Conference, Albufeira, 7.10.21<\/h3>\n<p><strong>Agreement of IOB members about Common Essentials in planning, building and maintaining Natural Swimming Ponds (NSP).<br \/>\n<\/strong><a href=\"https:\/\/thebiopool.com\/wp-content\/uploads\/IOB-Common-Essentials-E-10.2.22.pdf\" target=\"_blank\" rel=\"noopener\">PDF Download<\/a><strong><br \/>\n<\/strong><\/p>\n<p>NSP = natural swimming pool or natural swimming pond; different names for the same in a lot of countries like piscina biol\u00f3gica (Portuguese, Brazilian), piscina biol\u00f2gica, lago de ba\u00f1o (Spanish), biopiscina (Italian)...<\/p>\n<p><strong>1. Nature-based solutions<\/strong><br \/>\nNSPs are nature-based solutions, engineered systems which use principles and processes known from nature.<\/p>\n<p><strong>2. Circular economy<\/strong><br \/>\nIntention is that all materials used in NSPs construction should fulfill the requirements of Circular Economy.<br \/>\nThe goal of this is to eliminate waste and the continual consumption of resources. Circular systems employ reuse, sharing, repair, refurbishment, re manufacturing and recycling to create a closed-loop system, minimizing the use of resource inputs and the creation of waste, pollution and carbon emissions.<\/p>\n<p><strong>3. Biological treatment<\/strong><br \/>\nTo clarify and purify water, NSPs are using exclusively mechanical and biological processes to reduce nutrients. Disinfection agents and other non-natural water treatment methods, like biocides and machinery which are implemented to kill life, are not allowed.<\/p>\n<p><strong>4. Planning process<\/strong><br \/>\nEvery NSP is the result of a professional planning process based on a scientific approach and the state of the art. The resulting plan describes the water treatment process and predicts that there will be excellent recreational water quality. When the NSP is in operation, the planned water treatment process in operation will fulfill the water quality prediction and expectation.<\/p>\n<p><strong>5. Information to customers<\/strong><br \/>\nCustomers should be informed about all of the aspects of an NSP, including maintenance, especially with respect to what is to be expected in terms of living water quality and the presence of wildlife.<\/p>\n<p><strong>6. Regulations<\/strong><br \/>\nExisting applicable building and construction regulations must be followed. This applies as well to all safety regulations existing for swimming pools.<\/p>\n<p><strong>7. Internal configuration<\/strong><br \/>\nAn NSP is divided into a bathing area or areas, and a treatment area or areas. Treatment areas are not for entry by bathers.<\/p>\n<p><strong>8. Runoff water<\/strong><br \/>\nSurface water runoff from the property surrounding the NSP shall not flow into the NSP.<\/p>\n<p><strong>9. Sealing<\/strong><br \/>\nA NSP must be sealed, i.e, isolated from the ground under and around the NSP.<\/p>\n<p><strong>10. Inoffensive materials<\/strong><br \/>\nMaterials used in NSPs should not pollute water and environment. This includes as well limiting the introduction of phosphorous.<\/p>\n<p><strong>11. Native plants<\/strong><br \/>\nAutochthonous plants are preferred for use in an NSP. Plants deemed to be invasive species where the NSP is located are forbidden. Plants used in an NSP should be cultivated for that purpose and not be harvested from nature.<\/p>\n<p><strong>12. Water composition<\/strong><br \/>\nAny water used to fill or refill the NSP has to be analyzed for its physical-chemical composition prior to usage.<\/p>\n<p><strong>13. Water testing<\/strong><br \/>\nRegular water testing with respect to hygienic and physical-chemical water quality is required by health officials for public NSPs and as needed for private NSPs.<\/p>\n<p><strong>14. Indicator organisms<\/strong><br \/>\nTo assess water quality, the country-specific limit values are to be complied with. Otherwise, the indicator organisms recommended by the World Health Organization (WHO) for bathing water should be used.<\/p>\n<\/div>\n<\/div><\/div><\/div><\/div><\/div>","protected":false},"excerpt":{"rendered":"<p>Internationale Organisation f&uuml;r naturnahe Badegew&auml;sser e.V. By IOB 11th International Conference, Albufeira, 7.10.21 Agreement of IOB members about Common Essentials in planning, building and maintaining Natural Swimming Ponds (NSP). PDF Download NSP = natural swimming pool or natural swimming pond; different names for the same in a lot of countries like piscina biol&oacute;gica (Portuguese, Brazilian), piscina biol&ograve;gica, lago de ba&ntilde;o (Spanish), biopiscina (Italian)&#8230; 1. Nature-based solutions NSPs are nature-based solutions, engineered systems which use principles and processes known from nature. 2. Circular economy Intention is that all materials used in NSPs construction should fulfill the requirements of Circular Economy. The&hellip;<\/p>\n","protected":false},"author":1,"featured_media":0,"parent":0,"menu_order":0,"comment_status":"closed","ping_status":"closed","template":"","meta":{"footnotes":""},"class_list":["post-17048","page","type-page","status-publish","hentry"],"yoast_head":"<!-- This site is optimized with the Yoast SEO plugin v27.4 - https:\/\/yoast.com\/product\/yoast-seo-wordpress\/ -->\n<title>(English) COMMON ESSENTIALS - esperti per piscine e stagni naturali<\/title>\n<meta name=\"robots\" content=\"index, follow, max-snippet:-1, max-image-preview:large, max-video-preview:-1\" \/>\n<link rel=\"canonical\" href=\"https:\/\/thebiopool.com\/it\/common-essentials\/\" \/>\n<meta property=\"og:locale\" content=\"it_IT\" \/>\n<meta property=\"og:type\" content=\"article\" \/>\n<meta property=\"og:title\" content=\"(English) COMMON ESSENTIALS - esperti per piscine e stagni naturali\" \/>\n<meta property=\"og:description\" content=\"Internationale Organisation f&uuml;r naturnahe Badegew&auml;sser e.V. By IOB 11th International Conference, Albufeira, 7.10.21 Agreement of IOB members about Common Essentials in planning, building and maintaining Natural Swimming Ponds (NSP). PDF Download NSP = natural swimming pool or natural swimming pond; different names for the same in a lot of countries like piscina biol&oacute;gica (Portuguese, Brazilian), piscina biol&ograve;gica, lago de ba&ntilde;o (Spanish), biopiscina (Italian)... 1. Nature-based solutions NSPs are nature-based solutions, engineered systems which use principles and processes known from nature. 2. Circular economy Intention is that all materials used in NSPs construction should fulfill the requirements of Circular Economy. The&hellip;\" \/>\n<meta property=\"og:url\" content=\"https:\/\/thebiopool.com\/it\/common-essentials\/\" \/>\n<meta property=\"og:site_name\" content=\"esperti per piscine e stagni naturali\" \/>\n<meta property=\"article:publisher\" content=\"https:\/\/www.facebook.com\/Naturaleza-y-Arte-Stefan-Meier-162702410430553\/\" \/>\n<meta property=\"article:modified_time\" content=\"2022-02-23T16:37:49+00:00\" \/>\n<meta property=\"og:image\" content=\"https:\/\/iob-ev.com\/wp-content\/uploads\/2018\/12\/logo1.jpg\" \/>\n<meta name=\"twitter:card\" content=\"summary_large_image\" \/>\n<meta name=\"twitter:label1\" content=\"Tempo di lettura stimato\" \/>\n\t<meta name=\"twitter:data1\" content=\"3 minuti\" \/>\n<script type=\"application\/ld+json\" class=\"yoast-schema-graph\">{\"@context\":\"https:\\\/\\\/schema.org\",\"@graph\":[{\"@type\":\"WebPage\",\"@id\":\"https:\\\/\\\/thebiopool.com\\\/it\\\/common-essentials\\\/\",\"url\":\"https:\\\/\\\/thebiopool.com\\\/it\\\/common-essentials\\\/\",\"name\":\"(English) COMMON ESSENTIALS - esperti per piscine e stagni naturali\",\"isPartOf\":{\"@id\":\"https:\\\/\\\/thebiopool.com\\\/it\\\/#website\"},\"primaryImageOfPage\":{\"@id\":\"https:\\\/\\\/thebiopool.com\\\/it\\\/common-essentials\\\/#primaryimage\"},\"image\":{\"@id\":\"https:\\\/\\\/thebiopool.com\\\/common-essentials\\\/#primaryimage\"},\"thumbnailUrl\":\"https:\\\/\\\/iob-ev.com\\\/wp-content\\\/uploads\\\/2018\\\/12\\\/logo1.jpg\",\"datePublished\":\"2022-02-23T16:28:41+00:00\",\"dateModified\":\"2022-02-23T16:37:49+00:00\",\"breadcrumb\":{\"@id\":\"https:\\\/\\\/thebiopool.com\\\/it\\\/common-essentials\\\/#breadcrumb\"},\"inLanguage\":\"it-IT\",\"potentialAction\":[{\"@type\":\"ReadAction\",\"target\":[[\"https:\\\/\\\/thebiopool.com\\\/it\\\/common-essentials\\\/\"]]}]},{\"@type\":\"ImageObject\",\"inLanguage\":\"it-IT\",\"@id\":\"https:\\\/\\\/thebiopool.com\\\/it\\\/common-essentials\\\/#primaryimage\",\"url\":\"https:\\\/\\\/iob-ev.com\\\/wp-content\\\/uploads\\\/2018\\\/12\\\/logo1.jpg\",\"contentUrl\":\"https:\\\/\\\/iob-ev.com\\\/wp-content\\\/uploads\\\/2018\\\/12\\\/logo1.jpg\"},{\"@type\":\"BreadcrumbList\",\"@id\":\"https:\\\/\\\/thebiopool.com\\\/it\\\/common-essentials\\\/#breadcrumb\",\"itemListElement\":[{\"@type\":\"ListItem\",\"position\":1,\"name\":\"Home\",\"item\":\"https:\\\/\\\/thebiopool.com\\\/it\\\/\"},{\"@type\":\"ListItem\",\"position\":2,\"name\":\"COMMON ESSENTIALS\"}]},{\"@type\":\"WebSite\",\"@id\":\"https:\\\/\\\/thebiopool.com\\\/it\\\/#website\",\"url\":\"https:\\\/\\\/thebiopool.com\\\/it\\\/\",\"name\":\"TheBiopool\",\"description\":\"progettiamo e creiamo il vostro stagno naturale\",\"publisher\":{\"@id\":\"https:\\\/\\\/thebiopool.com\\\/it\\\/#organization\"},\"potentialAction\":[{\"@type\":\"SearchAction\",\"target\":{\"@type\":\"EntryPoint\",\"urlTemplate\":\"https:\\\/\\\/thebiopool.com\\\/it\\\/?s={search_term_string}\"},\"query-input\":{\"@type\":\"PropertyValueSpecification\",\"valueRequired\":true,\"valueName\":\"search_term_string\"}}],\"inLanguage\":\"it-IT\"},{\"@type\":\"Organization\",\"@id\":\"https:\\\/\\\/thebiopool.com\\\/it\\\/#organization\",\"name\":\"TheBiopool\",\"url\":\"https:\\\/\\\/thebiopool.com\\\/it\\\/\",\"logo\":{\"@type\":\"ImageObject\",\"inLanguage\":\"it-IT\",\"@id\":\"https:\\\/\\\/thebiopool.com\\\/it\\\/#\\\/schema\\\/logo\\\/image\\\/\",\"url\":\"https:\\\/\\\/thebiopool.com\\\/wp-content\\\/uploads\\\/logo-schatten-website-klein.png\",\"contentUrl\":\"https:\\\/\\\/thebiopool.com\\\/wp-content\\\/uploads\\\/logo-schatten-website-klein.png\",\"width\":220,\"height\":64,\"caption\":\"TheBiopool\"},\"image\":{\"@id\":\"https:\\\/\\\/thebiopool.com\\\/it\\\/#\\\/schema\\\/logo\\\/image\\\/\"},\"sameAs\":[\"https:\\\/\\\/www.facebook.com\\\/Naturaleza-y-Arte-Stefan-Meier-162702410430553\\\/\",\"https:\\\/\\\/www.instagram.com\\\/thebiopool\\\/\"]}]}<\/script>\n<!-- \/ Yoast SEO plugin. -->","yoast_head_json":{"title":"(English) COMMON ESSENTIALS - esperti per piscine e stagni naturali","robots":{"index":"index","follow":"follow","max-snippet":"max-snippet:-1","max-image-preview":"max-image-preview:large","max-video-preview":"max-video-preview:-1"},"canonical":"https:\/\/thebiopool.com\/it\/common-essentials\/","og_locale":"it_IT","og_type":"article","og_title":"(English) COMMON ESSENTIALS - esperti per piscine e stagni naturali","og_description":"Internationale Organisation f&uuml;r naturnahe Badegew&auml;sser e.V. By IOB 11th International Conference, Albufeira, 7.10.21 Agreement of IOB members about Common Essentials in planning, building and maintaining Natural Swimming Ponds (NSP). PDF Download NSP = natural swimming pool or natural swimming pond; different names for the same in a lot of countries like piscina biol&oacute;gica (Portuguese, Brazilian), piscina biol&ograve;gica, lago de ba&ntilde;o (Spanish), biopiscina (Italian)... 1. Nature-based solutions NSPs are nature-based solutions, engineered systems which use principles and processes known from nature. 2. Circular economy Intention is that all materials used in NSPs construction should fulfill the requirements of Circular Economy. The&hellip;","og_url":"https:\/\/thebiopool.com\/it\/common-essentials\/","og_site_name":"esperti per piscine e stagni naturali","article_publisher":"https:\/\/www.facebook.com\/Naturaleza-y-Arte-Stefan-Meier-162702410430553\/","article_modified_time":"2022-02-23T16:37:49+00:00","og_image":[{"url":"https:\/\/iob-ev.com\/wp-content\/uploads\/2018\/12\/logo1.jpg","type":"","width":"","height":""}],"twitter_card":"summary_large_image","twitter_misc":{"Tempo di lettura stimato":"3 minuti"},"schema":{"@context":"https:\/\/schema.org","@graph":[{"@type":"WebPage","@id":"https:\/\/thebiopool.com\/it\/common-essentials\/","url":"https:\/\/thebiopool.com\/it\/common-essentials\/","name":"(English) COMMON ESSENTIALS - esperti per piscine e stagni naturali","isPartOf":{"@id":"https:\/\/thebiopool.com\/it\/#website"},"primaryImageOfPage":{"@id":"https:\/\/thebiopool.com\/it\/common-essentials\/#primaryimage"},"image":{"@id":"https:\/\/thebiopool.com\/common-essentials\/#primaryimage"},"thumbnailUrl":"https:\/\/iob-ev.com\/wp-content\/uploads\/2018\/12\/logo1.jpg","datePublished":"2022-02-23T16:28:41+00:00","dateModified":"2022-02-23T16:37:49+00:00","breadcrumb":{"@id":"https:\/\/thebiopool.com\/it\/common-essentials\/#breadcrumb"},"inLanguage":"it-IT","potentialAction":[{"@type":"ReadAction","target":[["https:\/\/thebiopool.com\/it\/common-essentials\/"]]}]},{"@type":"ImageObject","inLanguage":"it-IT","@id":"https:\/\/thebiopool.com\/it\/common-essentials\/#primaryimage","url":"https:\/\/iob-ev.com\/wp-content\/uploads\/2018\/12\/logo1.jpg","contentUrl":"https:\/\/iob-ev.com\/wp-content\/uploads\/2018\/12\/logo1.jpg"},{"@type":"BreadcrumbList","@id":"https:\/\/thebiopool.com\/it\/common-essentials\/#breadcrumb","itemListElement":[{"@type":"ListItem","position":1,"name":"Home","item":"https:\/\/thebiopool.com\/it\/"},{"@type":"ListItem","position":2,"name":"COMMON ESSENTIALS"}]},{"@type":"WebSite","@id":"https:\/\/thebiopool.com\/it\/#website","url":"https:\/\/thebiopool.com\/it\/","name":"TheBiopool","description":"progettiamo e creiamo il vostro stagno naturale","publisher":{"@id":"https:\/\/thebiopool.com\/it\/#organization"},"potentialAction":[{"@type":"SearchAction","target":{"@type":"EntryPoint","urlTemplate":"https:\/\/thebiopool.com\/it\/?s={search_term_string}"},"query-input":{"@type":"PropertyValueSpecification","valueRequired":true,"valueName":"search_term_string"}}],"inLanguage":"it-IT"},{"@type":"Organization","@id":"https:\/\/thebiopool.com\/it\/#organization","name":"TheBiopool","url":"https:\/\/thebiopool.com\/it\/","logo":{"@type":"ImageObject","inLanguage":"it-IT","@id":"https:\/\/thebiopool.com\/it\/#\/schema\/logo\/image\/","url":"https:\/\/thebiopool.com\/wp-content\/uploads\/logo-schatten-website-klein.png","contentUrl":"https:\/\/thebiopool.com\/wp-content\/uploads\/logo-schatten-website-klein.png","width":220,"height":64,"caption":"TheBiopool"},"image":{"@id":"https:\/\/thebiopool.com\/it\/#\/schema\/logo\/image\/"},"sameAs":["https:\/\/www.facebook.com\/Naturaleza-y-Arte-Stefan-Meier-162702410430553\/","https:\/\/www.instagram.com\/thebiopool\/"]}]}},"_links":{"self":[{"href":"https:\/\/thebiopool.com\/it\/wp-json\/wp\/v2\/pages\/17048","targetHints":{"allow":["GET"]}}],"collection":[{"href":"https:\/\/thebiopool.com\/it\/wp-json\/wp\/v2\/pages"}],"about":[{"href":"https:\/\/thebiopool.com\/it\/wp-json\/wp\/v2\/types\/page"}],"author":[{"embeddable":true,"href":"https:\/\/thebiopool.com\/it\/wp-json\/wp\/v2\/users\/1"}],"replies":[{"embeddable":true,"href":"https:\/\/thebiopool.com\/it\/wp-json\/wp\/v2\/comments?post=17048"}],"version-history":[{"count":0,"href":"https:\/\/thebiopool.com\/it\/wp-json\/wp\/v2\/pages\/17048\/revisions"}],"wp:attachment":[{"href":"https:\/\/thebiopool.com\/it\/wp-json\/wp\/v2\/media?parent=17048"}],"curies":[{"name":"wp","href":"https:\/\/api.w.org\/{rel}","templated":true}]}}