{"id":17415,"date":"2022-07-13T17:40:38","date_gmt":"2022-07-13T15:40:38","guid":{"rendered":"https:\/\/thebiopool.com\/?page_id=17415"},"modified":"2022-07-13T17:57:07","modified_gmt":"2022-07-13T15:57:07","slug":"fire-pond-for-swimming-spain-2","status":"publish","type":"page","link":"https:\/\/thebiopool.com\/it\/fire-pond-for-swimming-spain-2\/","title":{"rendered":"Laghetto antincendio per la balneazione"},"content":{"rendered":"<div id=\"pl-17415\"  class=\"panel-layout\" ><div id=\"pg-17415-0\"  class=\"panel-grid panel-no-style\" ><div id=\"pgc-17415-0-0\"  class=\"panel-grid-cell\" ><div id=\"panel-17415-0-0-0\" class=\"so-panel widget widget_sow-editor panel-first-child\" data-index=\"0\" ><div class=\"panel-widget-style panel-widget-style-for-17415-0-0-0\" ><div\n\t\t\t\n\t\t\tclass=\"so-widget-sow-editor so-widget-sow-editor-base\"\n\t\t\t\n\t\t>\n<div class=\"siteorigin-widget-tinymce textwidget\">\n\t<style type=\"text\/css\">\n#foogallery-gallery-17418 .fg-image { width: 200px; }\n#foogallery-gallery-17418 { --fg-gutter: 10px; }<\/style>\n\t\t\t<style type=\"text\/css\">\n#foogallery-gallery-17418_1 .fg-image { width: 200px; }\n#foogallery-gallery-17418_1 { --fg-gutter: 10px; }<\/style>\n\t\t\t<div class=\"foogallery foogallery-container foogallery-default foogallery-lightbox-foobox fg-center fg-default fg-ready fg-light fg-border-thin fg-shadow-outline fg-loading-default fg-loaded-fade-in fg-caption-hover fg-hover-fade fg-hover-zoom\" id=\"foogallery-gallery-17418_1\" data-foogallery=\"{&quot;item&quot;:{&quot;showCaptionTitle&quot;:true,&quot;showCaptionDescription&quot;:true},&quot;lazy&quot;:true}\" style=\"--fg-title-line-clamp: 0; --fg-description-line-clamp: 0;\" >\n\t<div class=\"fg-item fg-type-image fg-idle\"><figure class=\"fg-item-inner\"><a href=\"https:\/\/thebiopool.com\/wp-content\/uploads\/Loschteich.jpg\" data-caption-title=\"Can Dux\" data-caption-desc=\"Fire Pond ibiza by theBIOPOOL\" data-attachment-id=\"16700\" data-type=\"image\" class=\"fg-thumb\"><span class=\"fg-image-wrap\"><img decoding=\"async\" alt=\"Can Dux, ibiza by theBIOPOOL\" title=\"Can Dux\" width=\"200\" height=\"200\" class=\"skip-lazy fg-image\" data-src-fg=\"https:\/\/thebiopool.com\/wp-content\/uploads\/cache\/Loschteich\/1668645016.jpg\" src=\"data:image\/svg+xml,%3Csvg%20xmlns%3D%22http%3A%2F%2Fwww.w3.org%2F2000%2Fsvg%22%20width%3D%22200%22%20height%3D%22200%22%20viewBox%3D%220%200%20200%20200%22%3E%3C%2Fsvg%3E\" loading=\"eager\"><\/span><span class=\"fg-image-overlay\"><\/span><\/a><figcaption class=\"fg-caption\"><div class=\"fg-caption-inner\"><div class=\"fg-caption-title\">Can Dux<\/div><div class=\"fg-caption-desc\">Fire Pond ibiza by theBIOPOOL<\/div><\/div><\/figcaption><\/figure><div class=\"fg-loader\"><\/div><\/div><div class=\"fg-item fg-type-image fg-idle\"><figure class=\"fg-item-inner\"><a href=\"https:\/\/thebiopool.com\/wp-content\/uploads\/lago-contra-incendios-balneable_800-e1743067580393.jpg\" data-caption-desc=\"Can Dux, ibiza by theBIOPOOL\" data-attachment-id=\"16695\" data-type=\"image\" class=\"fg-thumb\"><span class=\"fg-image-wrap\"><img decoding=\"async\" alt=\"Can Dux, ibiza by theBIOPOOL\" width=\"200\" height=\"200\" class=\"skip-lazy fg-image\" data-src-fg=\"https:\/\/thebiopool.com\/wp-content\/uploads\/cache\/lago-contra-incendios-balneable_800-e1743067580393\/3773501154.jpg\" src=\"data:image\/svg+xml,%3Csvg%20xmlns%3D%22http%3A%2F%2Fwww.w3.org%2F2000%2Fsvg%22%20width%3D%22200%22%20height%3D%22200%22%20viewBox%3D%220%200%20200%20200%22%3E%3C%2Fsvg%3E\" loading=\"eager\"><\/span><span class=\"fg-image-overlay\"><\/span><\/a><figcaption class=\"fg-caption\"><div class=\"fg-caption-inner\"><div class=\"fg-caption-desc\">Can Dux, ibiza by theBIOPOOL<\/div><\/div><\/figcaption><\/figure><div class=\"fg-loader\"><\/div><\/div><div class=\"fg-item fg-type-image fg-idle\"><figure class=\"fg-item-inner\"><a href=\"https:\/\/thebiopool.com\/wp-content\/uploads\/Loschteich-2-e1743068290116.jpg\" data-caption-desc=\"Can Dux, ibiza by theBIOPOOL\" data-attachment-id=\"16697\" data-type=\"image\" class=\"fg-thumb\"><span class=\"fg-image-wrap\"><img decoding=\"async\" alt=\"Can Dux, ibiza by theBIOPOOL\" width=\"200\" height=\"200\" class=\"skip-lazy fg-image\" data-src-fg=\"https:\/\/thebiopool.com\/wp-content\/uploads\/cache\/Loschteich-2-e1743068290116\/210945625.jpg\" src=\"data:image\/svg+xml,%3Csvg%20xmlns%3D%22http%3A%2F%2Fwww.w3.org%2F2000%2Fsvg%22%20width%3D%22200%22%20height%3D%22200%22%20viewBox%3D%220%200%20200%20200%22%3E%3C%2Fsvg%3E\" loading=\"eager\"><\/span><span class=\"fg-image-overlay\"><\/span><\/a><figcaption class=\"fg-caption\"><div class=\"fg-caption-inner\"><div class=\"fg-caption-desc\">Can Dux, ibiza by theBIOPOOL<\/div><\/div><\/figcaption><\/figure><div class=\"fg-loader\"><\/div><\/div><div class=\"fg-item fg-type-image fg-idle\"><figure class=\"fg-item-inner\"><a href=\"https:\/\/thebiopool.com\/wp-content\/uploads\/Loschteich-1-e1743068555610.jpg\" data-caption-desc=\"Can Toni\" data-attachment-id=\"16696\" data-type=\"image\" class=\"fg-thumb\"><span class=\"fg-image-wrap\"><img decoding=\"async\" alt=\"Can Dux, ibiza by theBIOPOOL\" width=\"200\" height=\"200\" class=\"skip-lazy fg-image\" data-src-fg=\"https:\/\/thebiopool.com\/wp-content\/uploads\/cache\/Loschteich-1-e1743068555610\/828519973.jpg\" src=\"data:image\/svg+xml,%3Csvg%20xmlns%3D%22http%3A%2F%2Fwww.w3.org%2F2000%2Fsvg%22%20width%3D%22200%22%20height%3D%22200%22%20viewBox%3D%220%200%20200%20200%22%3E%3C%2Fsvg%3E\" loading=\"eager\"><\/span><span class=\"fg-image-overlay\"><\/span><\/a><figcaption class=\"fg-caption\"><div class=\"fg-caption-inner\"><div class=\"fg-caption-desc\">Can Toni<\/div><\/div><\/figcaption><\/figure><div class=\"fg-loader\"><\/div><\/div><\/div>\n\n<\/div>\n<\/div><\/div><\/div><div id=\"panel-17415-0-0-1\" class=\"so-panel widget widget_sow-accordion panel-last-child\" data-index=\"1\" ><div class=\"panel-widget-style panel-widget-style-for-17415-0-0-1\" ><div\n\t\t\t\n\t\t\tclass=\"so-widget-sow-accordion so-widget-sow-accordion-default-f9bf075f3502-17415\"\n\t\t\t\n\t\t><div>\n\t<div class=\"sow-accordion\">\n\t\t\t<div class=\"sow-accordion-panel\n\t\t\t\t\t\"\n\t\t\t\tdata-anchor-id=\"allinizio-ce-stata-lidea-di-creare-un-laghetto-antincendio-che-catturasse-anche-lacqua-piovana-poi-si-e-sviluppata-lidea-di-creare-un-biotopo-per-animali-e-piante-ormai-rare-e-perche-non-utiliz\">\n\t\t\t\t\t<div class=\"sow-accordion-panel-header-container\" role=\"heading\" aria-level=\"2\">\n\t\t\t\t\t<div class=\"sow-accordion-panel-header\" tabindex=\"0\" role=\"button\" id=\"accordion-label-allinizio-c%c3%a8-stata-lidea-di-creare-un-laghetto-antincendio-che-catturasse-anche-lacqua-piovana-poi-si-%c3%a8-sviluppata-lidea-di-creare-un-biotopo-per-animali-e-piante-ormai-rare-e-perch\" aria-controls=\"accordion-content-allinizio-c%c3%a8-stata-lidea-di-creare-un-laghetto-antincendio-che-catturasse-anche-lacqua-piovana-poi-si-%c3%a8-sviluppata-lidea-di-creare-un-biotopo-per-animali-e-piante-ormai-rare-e-perch\" aria-expanded=\"false\">\n\t\t\t\t\t\t<div class=\"sow-accordion-title sow-accordion-title-icon-left\">\n\t\t\t\t\t\t\t\t\t\t\t\t\t\tAll'inizio c'\u00e8 stata l'idea di creare un laghetto antincendio che catturasse anche l'acqua piovana. Poi si \u00e8 sviluppata l'idea di creare un biotopo per animali e piante ormai rare. E perch\u00e9 non utilizzare il tutto come opportunit\u00e0 di balneazione? Ecco come \u00e8 stato creato questo laghetto balneabile con un bacino di raccolta dell'acqua piovana integrato.{:es]Primero surgi\u00f3 la idea de crear un estanque de fuego que tambi\u00e9n recogiera el agua de la lluvia. Luego se desarroll\u00f3 la idea de crear un biotopo para animales y plantas que se han vuelto raros. \u00bfY por qu\u00e9 no aprovecharlo para ba\u00f1arse? As\u00ed se cre\u00f3 este estanque de ba\u00f1o con una cuenca de captaci\u00f3n de agua de lluvia integrada. <h5 Align=\"right\" style=\"color:red\">click for more<\/h5>\t\t\t\t\t\t\t\t\t\t\t\t\t<\/div>\n\t\t\t\t\t\t<div class=\"sow-accordion-open-close-button\">\n\t\t\t\t\t\t\t<div class=\"sow-accordion-open-button\">\n\t\t\t\t\t\t\t\t<span class=\"sow-icon-ionicons\" data-sow-icon=\"&#xf218;\"\n\t\t \n\t\taria-hidden=\"true\"><\/span>\t\t\t\t\t\t\t<\/div>\n\t\t\t\t\t\t\t<div class=\"sow-accordion-close-button\">\n\t\t\t\t\t\t\t\t<span class=\"sow-icon-ionicons\" data-sow-icon=\"&#xf209;\"\n\t\t \n\t\taria-hidden=\"true\"><\/span>\t\t\t\t\t\t\t<\/div>\n\t\t\t\t\t\t<\/div>\n\t\t\t\t\t<\/div>\n\t\t\t\t<\/div>\n\n\t\t\t<div\n\t\t\t\tclass=\"sow-accordion-panel-content\"\n\t\t\t\trole=\"region\"\n\t\t\t\taria-labelledby=\"accordion-label-allinizio-c%c3%a8-stata-lidea-di-creare-un-laghetto-antincendio-che-catturasse-anche-lacqua-piovana-poi-si-%c3%a8-sviluppata-lidea-di-creare-un-biotopo-per-animali-e-piante-ormai-rare-e-perch\"\n\t\t\t\tid=\"accordion-content-allinizio-c%c3%a8-stata-lidea-di-creare-un-laghetto-antincendio-che-catturasse-anche-lacqua-piovana-poi-si-%c3%a8-sviluppata-lidea-di-creare-un-biotopo-per-animali-e-piante-ormai-rare-e-perch\"\n\t\t\t\tstyle=\"display: none;\"\t\t\t>\n\t\t\t\t<div class=\"sow-accordion-panel-border\">\n\t\t\t\t\t<style type=\"text\/css\">\n#foogallery-gallery-16694 .fg-image { width: 200px; }\n#foogallery-gallery-16694 { --fg-gutter: 10px; }<\/style>\n\t\t\t<style type=\"text\/css\">\n#foogallery-gallery-16694_1 .fg-image { width: 200px; }\n#foogallery-gallery-16694_1 { --fg-gutter: 10px; }<\/style>\n\t\t\t<div class=\"foogallery foogallery-container foogallery-default foogallery-lightbox-foobox fg-center fg-default fg-ready fg-light fg-border-thin fg-shadow-outline fg-loading-trail fg-loaded-fade-in fg-caption-hover fg-hover-fade fg-hover-zoom3\" id=\"foogallery-gallery-16694_1\" data-foogallery=\"{&quot;item&quot;:{&quot;showCaptionTitle&quot;:true,&quot;showCaptionDescription&quot;:true},&quot;lazy&quot;:true}\" style=\"--fg-title-line-clamp: 0; --fg-description-line-clamp: 0;\" >\n\t<div class=\"fg-item fg-type-image fg-idle\"><figure class=\"fg-item-inner\"><a href=\"https:\/\/thebiopool.com\/wp-content\/uploads\/lago-contra-incendios-balneable_800-e1743067580393.jpg\" data-caption-desc=\"Can Dux, ibiza by theBIOPOOL\" data-attachment-id=\"16695\" data-type=\"image\" class=\"fg-thumb\"><span class=\"fg-image-wrap\"><img decoding=\"async\" alt=\"Can Dux, ibiza by theBIOPOOL\" width=\"200\" height=\"200\" class=\"skip-lazy fg-image\" data-src-fg=\"https:\/\/thebiopool.com\/wp-content\/uploads\/cache\/lago-contra-incendios-balneable_800-e1743067580393\/1015647802.jpg\" src=\"data:image\/svg+xml,%3Csvg%20xmlns%3D%22http%3A%2F%2Fwww.w3.org%2F2000%2Fsvg%22%20width%3D%22200%22%20height%3D%22200%22%20viewBox%3D%220%200%20200%20200%22%3E%3C%2Fsvg%3E\" loading=\"eager\"><\/span><span class=\"fg-image-overlay\"><\/span><\/a><figcaption class=\"fg-caption\"><div class=\"fg-caption-inner\"><div class=\"fg-caption-desc\">Can Dux, ibiza by theBIOPOOL<\/div><\/div><\/figcaption><\/figure><div class=\"fg-loader\"><\/div><\/div><div class=\"fg-item fg-type-image fg-idle\"><figure class=\"fg-item-inner\"><a href=\"https:\/\/thebiopool.com\/wp-content\/uploads\/Loschteich-1-e1743068555610.jpg\" data-caption-desc=\"Can Toni\" data-attachment-id=\"16696\" data-type=\"image\" class=\"fg-thumb\"><span class=\"fg-image-wrap\"><img decoding=\"async\" alt=\"Can Dux, ibiza by theBIOPOOL\" width=\"200\" height=\"200\" class=\"skip-lazy fg-image\" data-src-fg=\"https:\/\/thebiopool.com\/wp-content\/uploads\/cache\/Loschteich-1-e1743068555610\/3953486350.jpg\" src=\"data:image\/svg+xml,%3Csvg%20xmlns%3D%22http%3A%2F%2Fwww.w3.org%2F2000%2Fsvg%22%20width%3D%22200%22%20height%3D%22200%22%20viewBox%3D%220%200%20200%20200%22%3E%3C%2Fsvg%3E\" loading=\"eager\"><\/span><span class=\"fg-image-overlay\"><\/span><\/a><figcaption class=\"fg-caption\"><div class=\"fg-caption-inner\"><div class=\"fg-caption-desc\">Can Toni<\/div><\/div><\/figcaption><\/figure><div class=\"fg-loader\"><\/div><\/div><div class=\"fg-item fg-type-image fg-idle\"><figure class=\"fg-item-inner\"><a href=\"https:\/\/thebiopool.com\/wp-content\/uploads\/Loschteich-2-e1743068290116.jpg\" data-caption-desc=\"Can Dux, ibiza by theBIOPOOL\" data-attachment-id=\"16697\" data-type=\"image\" class=\"fg-thumb\"><span class=\"fg-image-wrap\"><img decoding=\"async\" alt=\"Can Dux, ibiza by theBIOPOOL\" width=\"200\" height=\"200\" class=\"skip-lazy fg-image\" data-src-fg=\"https:\/\/thebiopool.com\/wp-content\/uploads\/cache\/Loschteich-2-e1743068290116\/3595934322.jpg\" src=\"data:image\/svg+xml,%3Csvg%20xmlns%3D%22http%3A%2F%2Fwww.w3.org%2F2000%2Fsvg%22%20width%3D%22200%22%20height%3D%22200%22%20viewBox%3D%220%200%20200%20200%22%3E%3C%2Fsvg%3E\" loading=\"eager\"><\/span><span class=\"fg-image-overlay\"><\/span><\/a><figcaption class=\"fg-caption\"><div class=\"fg-caption-inner\"><div class=\"fg-caption-desc\">Can Dux, ibiza by theBIOPOOL<\/div><\/div><\/figcaption><\/figure><div class=\"fg-loader\"><\/div><\/div><div class=\"fg-item fg-type-image fg-idle\"><figure class=\"fg-item-inner\"><a href=\"https:\/\/thebiopool.com\/wp-content\/uploads\/Loschteich-3.jpg\" data-attachment-id=\"16698\" data-type=\"image\" class=\"fg-thumb\"><span class=\"fg-image-wrap\"><img decoding=\"async\" width=\"200\" height=\"200\" class=\"skip-lazy fg-image\" data-src-fg=\"https:\/\/thebiopool.com\/wp-content\/uploads\/cache\/Loschteich-3\/3613220656.jpg\" src=\"data:image\/svg+xml,%3Csvg%20xmlns%3D%22http%3A%2F%2Fwww.w3.org%2F2000%2Fsvg%22%20width%3D%22200%22%20height%3D%22200%22%20viewBox%3D%220%200%20200%20200%22%3E%3C%2Fsvg%3E\" loading=\"eager\"><\/span><span class=\"fg-image-overlay\"><\/span><\/a><\/figure><div class=\"fg-loader\"><\/div><\/div><div class=\"fg-item fg-type-image fg-idle\"><figure class=\"fg-item-inner\"><a href=\"https:\/\/thebiopool.com\/wp-content\/uploads\/Loschteich-4.jpg\" data-attachment-id=\"16699\" data-type=\"image\" class=\"fg-thumb\"><span class=\"fg-image-wrap\"><img decoding=\"async\" width=\"200\" height=\"200\" class=\"skip-lazy fg-image\" data-src-fg=\"https:\/\/thebiopool.com\/wp-content\/uploads\/cache\/Loschteich-4\/679271084.jpg\" src=\"data:image\/svg+xml,%3Csvg%20xmlns%3D%22http%3A%2F%2Fwww.w3.org%2F2000%2Fsvg%22%20width%3D%22200%22%20height%3D%22200%22%20viewBox%3D%220%200%20200%20200%22%3E%3C%2Fsvg%3E\" loading=\"eager\"><\/span><span class=\"fg-image-overlay\"><\/span><\/a><\/figure><div class=\"fg-loader\"><\/div><\/div><div class=\"fg-item fg-type-image fg-idle\"><figure class=\"fg-item-inner\"><a href=\"https:\/\/thebiopool.com\/wp-content\/uploads\/Loschteich.jpg\" data-caption-title=\"Can Dux\" data-caption-desc=\"Fire Pond ibiza by theBIOPOOL\" data-attachment-id=\"16700\" data-type=\"image\" class=\"fg-thumb\"><span class=\"fg-image-wrap\"><img decoding=\"async\" alt=\"Can Dux, ibiza by theBIOPOOL\" title=\"Can Dux\" width=\"200\" height=\"200\" class=\"skip-lazy fg-image\" data-src-fg=\"https:\/\/thebiopool.com\/wp-content\/uploads\/cache\/Loschteich\/1383589085.jpg\" src=\"data:image\/svg+xml,%3Csvg%20xmlns%3D%22http%3A%2F%2Fwww.w3.org%2F2000%2Fsvg%22%20width%3D%22200%22%20height%3D%22200%22%20viewBox%3D%220%200%20200%20200%22%3E%3C%2Fsvg%3E\" loading=\"eager\"><\/span><span class=\"fg-image-overlay\"><\/span><\/a><figcaption class=\"fg-caption\"><div class=\"fg-caption-inner\"><div class=\"fg-caption-title\">Can Dux<\/div><div class=\"fg-caption-desc\">Fire Pond ibiza by theBIOPOOL<\/div><\/div><\/figcaption><\/figure><div class=\"fg-loader\"><\/div><\/div><\/div>\n\t\t\t\t<\/div>\n\t\t\t<\/div>\n\t\t<\/div>\n\t\t<\/div>\n<\/div>\n<\/div><\/div><\/div><\/div><\/div><\/div>","protected":false},"excerpt":{"rendered":"<p>Can DuxFire Pond ibiza by theBIOPOOLCan Dux, ibiza by theBIOPOOLCan Dux, ibiza by theBIOPOOLCan Toni All&#8217;inizio c&#8217;&egrave; stata l&#8217;idea di creare un laghetto antincendio che catturasse anche l&#8217;acqua piovana. Poi si &egrave; sviluppata l&#8217;idea di creare un biotopo per animali e piante ormai rare. E perch&eacute; non utilizzare il tutto come opportunit&agrave; di balneazione? Ecco come &egrave; stato creato questo laghetto balneabile con un bacino di raccolta dell&#8217;acqua piovana integrato.{:es]Primero surgi&oacute; la idea de crear un estanque de fuego que tambi&eacute;n recogiera el agua de la lluvia. Luego se desarroll&oacute; la idea de crear un biotopo para animales y plantas&hellip;<\/p>\n","protected":false},"author":1,"featured_media":0,"parent":0,"menu_order":0,"comment_status":"closed","ping_status":"closed","template":"","meta":{"footnotes":""},"class_list":["post-17415","page","type-page","status-publish","hentry"],"yoast_head":"<!-- This site is optimized with the Yoast SEO plugin v27.5 - https:\/\/yoast.com\/product\/yoast-seo-wordpress\/ -->\n<title>Laghetto antincendio per la balneazione<\/title>\n<meta name=\"robots\" content=\"index, follow, max-snippet:-1, max-image-preview:large, max-video-preview:-1\" \/>\n<link rel=\"canonical\" href=\"https:\/\/thebiopool.com\/it\/fire-pond-for-swimming-spain-2\/\" \/>\n<meta property=\"og:locale\" content=\"it_IT\" \/>\n<meta property=\"og:type\" content=\"article\" \/>\n<meta property=\"og:title\" content=\"Laghetto antincendio per la balneazione\" \/>\n<meta property=\"og:description\" content=\"Can DuxFire Pond ibiza by theBIOPOOLCan Dux, ibiza by theBIOPOOLCan Dux, ibiza by theBIOPOOLCan Toni All&#039;inizio c&#039;&egrave; stata l&#039;idea di creare un laghetto antincendio che catturasse anche l&#039;acqua piovana. Poi si &egrave; sviluppata l&#039;idea di creare un biotopo per animali e piante ormai rare. E perch&eacute; non utilizzare il tutto come opportunit&agrave; di balneazione? Ecco come &egrave; stato creato questo laghetto balneabile con un bacino di raccolta dell&#039;acqua piovana integrato.{:es]Primero surgi&oacute; la idea de crear un estanque de fuego que tambi&eacute;n recogiera el agua de la lluvia. Luego se desarroll&oacute; la idea de crear un biotopo para animales y plantas&hellip;\" \/>\n<meta property=\"og:url\" content=\"https:\/\/thebiopool.com\/it\/fire-pond-for-swimming-spain-2\/\" \/>\n<meta property=\"og:site_name\" content=\"esperti per piscine e stagni naturali\" \/>\n<meta property=\"article:publisher\" content=\"https:\/\/www.facebook.com\/Naturaleza-y-Arte-Stefan-Meier-162702410430553\/\" \/>\n<meta property=\"article:modified_time\" content=\"2022-07-13T15:57:07+00:00\" \/>\n<meta name=\"twitter:card\" content=\"summary_large_image\" \/>\n<meta name=\"twitter:label1\" content=\"Tempo di lettura stimato\" \/>\n\t<meta name=\"twitter:data1\" content=\"1 minuto\" \/>\n<script type=\"application\/ld+json\" class=\"yoast-schema-graph\">{\"@context\":\"https:\\\/\\\/schema.org\",\"@graph\":[{\"@type\":\"WebPage\",\"@id\":\"https:\\\/\\\/thebiopool.com\\\/it\\\/fire-pond-for-swimming-spain-2\\\/\",\"url\":\"https:\\\/\\\/thebiopool.com\\\/it\\\/fire-pond-for-swimming-spain-2\\\/\",\"name\":\"Laghetto antincendio per la balneazione\",\"isPartOf\":{\"@id\":\"https:\\\/\\\/thebiopool.com\\\/it\\\/#website\"},\"datePublished\":\"2022-07-13T15:40:38+00:00\",\"dateModified\":\"2022-07-13T15:57:07+00:00\",\"breadcrumb\":{\"@id\":\"https:\\\/\\\/thebiopool.com\\\/it\\\/fire-pond-for-swimming-spain-2\\\/#breadcrumb\"},\"inLanguage\":\"it-IT\",\"potentialAction\":[{\"@type\":\"ReadAction\",\"target\":[[\"https:\\\/\\\/thebiopool.com\\\/it\\\/fire-pond-for-swimming-spain-2\\\/\"]]}]},{\"@type\":\"BreadcrumbList\",\"@id\":\"https:\\\/\\\/thebiopool.com\\\/it\\\/fire-pond-for-swimming-spain-2\\\/#breadcrumb\",\"itemListElement\":[{\"@type\":\"ListItem\",\"position\":1,\"name\":\"Home\",\"item\":\"https:\\\/\\\/thebiopool.com\\\/it\\\/\"},{\"@type\":\"ListItem\",\"position\":2,\"name\":\"Fire pond for swimming, Spain\"}]},{\"@type\":\"WebSite\",\"@id\":\"https:\\\/\\\/thebiopool.com\\\/it\\\/#website\",\"url\":\"https:\\\/\\\/thebiopool.com\\\/it\\\/\",\"name\":\"TheBiopool\",\"description\":\"progettiamo e creiamo il vostro stagno naturale\",\"publisher\":{\"@id\":\"https:\\\/\\\/thebiopool.com\\\/it\\\/#organization\"},\"potentialAction\":[{\"@type\":\"SearchAction\",\"target\":{\"@type\":\"EntryPoint\",\"urlTemplate\":\"https:\\\/\\\/thebiopool.com\\\/it\\\/?s={search_term_string}\"},\"query-input\":{\"@type\":\"PropertyValueSpecification\",\"valueRequired\":true,\"valueName\":\"search_term_string\"}}],\"inLanguage\":\"it-IT\"},{\"@type\":\"Organization\",\"@id\":\"https:\\\/\\\/thebiopool.com\\\/it\\\/#organization\",\"name\":\"TheBiopool\",\"url\":\"https:\\\/\\\/thebiopool.com\\\/it\\\/\",\"logo\":{\"@type\":\"ImageObject\",\"inLanguage\":\"it-IT\",\"@id\":\"https:\\\/\\\/thebiopool.com\\\/it\\\/#\\\/schema\\\/logo\\\/image\\\/\",\"url\":\"https:\\\/\\\/thebiopool.com\\\/wp-content\\\/uploads\\\/logo-schatten-website-klein.png\",\"contentUrl\":\"https:\\\/\\\/thebiopool.com\\\/wp-content\\\/uploads\\\/logo-schatten-website-klein.png\",\"width\":220,\"height\":64,\"caption\":\"TheBiopool\"},\"image\":{\"@id\":\"https:\\\/\\\/thebiopool.com\\\/it\\\/#\\\/schema\\\/logo\\\/image\\\/\"},\"sameAs\":[\"https:\\\/\\\/www.facebook.com\\\/Naturaleza-y-Arte-Stefan-Meier-162702410430553\\\/\",\"https:\\\/\\\/www.instagram.com\\\/thebiopool\\\/\"]}]}<\/script>\n<!-- \/ Yoast SEO plugin. -->","yoast_head_json":{"title":"Laghetto antincendio per la balneazione","robots":{"index":"index","follow":"follow","max-snippet":"max-snippet:-1","max-image-preview":"max-image-preview:large","max-video-preview":"max-video-preview:-1"},"canonical":"https:\/\/thebiopool.com\/it\/fire-pond-for-swimming-spain-2\/","og_locale":"it_IT","og_type":"article","og_title":"Laghetto antincendio per la balneazione","og_description":"Can DuxFire Pond ibiza by theBIOPOOLCan Dux, ibiza by theBIOPOOLCan Dux, ibiza by theBIOPOOLCan Toni All'inizio c'&egrave; stata l'idea di creare un laghetto antincendio che catturasse anche l'acqua piovana. Poi si &egrave; sviluppata l'idea di creare un biotopo per animali e piante ormai rare. E perch&eacute; non utilizzare il tutto come opportunit&agrave; di balneazione? Ecco come &egrave; stato creato questo laghetto balneabile con un bacino di raccolta dell'acqua piovana integrato.{:es]Primero surgi&oacute; la idea de crear un estanque de fuego que tambi&eacute;n recogiera el agua de la lluvia. Luego se desarroll&oacute; la idea de crear un biotopo para animales y plantas&hellip;","og_url":"https:\/\/thebiopool.com\/it\/fire-pond-for-swimming-spain-2\/","og_site_name":"esperti per piscine e stagni naturali","article_publisher":"https:\/\/www.facebook.com\/Naturaleza-y-Arte-Stefan-Meier-162702410430553\/","article_modified_time":"2022-07-13T15:57:07+00:00","twitter_card":"summary_large_image","twitter_misc":{"Tempo di lettura stimato":"1 minuto"},"schema":{"@context":"https:\/\/schema.org","@graph":[{"@type":"WebPage","@id":"https:\/\/thebiopool.com\/it\/fire-pond-for-swimming-spain-2\/","url":"https:\/\/thebiopool.com\/it\/fire-pond-for-swimming-spain-2\/","name":"Laghetto antincendio per la balneazione","isPartOf":{"@id":"https:\/\/thebiopool.com\/it\/#website"},"datePublished":"2022-07-13T15:40:38+00:00","dateModified":"2022-07-13T15:57:07+00:00","breadcrumb":{"@id":"https:\/\/thebiopool.com\/it\/fire-pond-for-swimming-spain-2\/#breadcrumb"},"inLanguage":"it-IT","potentialAction":[{"@type":"ReadAction","target":[["https:\/\/thebiopool.com\/it\/fire-pond-for-swimming-spain-2\/"]]}]},{"@type":"BreadcrumbList","@id":"https:\/\/thebiopool.com\/it\/fire-pond-for-swimming-spain-2\/#breadcrumb","itemListElement":[{"@type":"ListItem","position":1,"name":"Home","item":"https:\/\/thebiopool.com\/it\/"},{"@type":"ListItem","position":2,"name":"Fire pond for swimming, Spain"}]},{"@type":"WebSite","@id":"https:\/\/thebiopool.com\/it\/#website","url":"https:\/\/thebiopool.com\/it\/","name":"TheBiopool","description":"progettiamo e creiamo il vostro stagno naturale","publisher":{"@id":"https:\/\/thebiopool.com\/it\/#organization"},"potentialAction":[{"@type":"SearchAction","target":{"@type":"EntryPoint","urlTemplate":"https:\/\/thebiopool.com\/it\/?s={search_term_string}"},"query-input":{"@type":"PropertyValueSpecification","valueRequired":true,"valueName":"search_term_string"}}],"inLanguage":"it-IT"},{"@type":"Organization","@id":"https:\/\/thebiopool.com\/it\/#organization","name":"TheBiopool","url":"https:\/\/thebiopool.com\/it\/","logo":{"@type":"ImageObject","inLanguage":"it-IT","@id":"https:\/\/thebiopool.com\/it\/#\/schema\/logo\/image\/","url":"https:\/\/thebiopool.com\/wp-content\/uploads\/logo-schatten-website-klein.png","contentUrl":"https:\/\/thebiopool.com\/wp-content\/uploads\/logo-schatten-website-klein.png","width":220,"height":64,"caption":"TheBiopool"},"image":{"@id":"https:\/\/thebiopool.com\/it\/#\/schema\/logo\/image\/"},"sameAs":["https:\/\/www.facebook.com\/Naturaleza-y-Arte-Stefan-Meier-162702410430553\/","https:\/\/www.instagram.com\/thebiopool\/"]}]}},"_links":{"self":[{"href":"https:\/\/thebiopool.com\/it\/wp-json\/wp\/v2\/pages\/17415","targetHints":{"allow":["GET"]}}],"collection":[{"href":"https:\/\/thebiopool.com\/it\/wp-json\/wp\/v2\/pages"}],"about":[{"href":"https:\/\/thebiopool.com\/it\/wp-json\/wp\/v2\/types\/page"}],"author":[{"embeddable":true,"href":"https:\/\/thebiopool.com\/it\/wp-json\/wp\/v2\/users\/1"}],"replies":[{"embeddable":true,"href":"https:\/\/thebiopool.com\/it\/wp-json\/wp\/v2\/comments?post=17415"}],"version-history":[{"count":0,"href":"https:\/\/thebiopool.com\/it\/wp-json\/wp\/v2\/pages\/17415\/revisions"}],"wp:attachment":[{"href":"https:\/\/thebiopool.com\/it\/wp-json\/wp\/v2\/media?parent=17415"}],"curies":[{"name":"wp","href":"https:\/\/api.w.org\/{rel}","templated":true}]}}