{"id":18852,"date":"2024-12-13T11:05:11","date_gmt":"2024-12-13T10:05:11","guid":{"rendered":"https:\/\/thebiopool.com\/?page_id=18852"},"modified":"2025-01-08T13:09:26","modified_gmt":"2025-01-08T12:09:26","slug":"can-boki","status":"publish","type":"page","link":"https:\/\/thebiopool.com\/it\/can-boki\/","title":{"rendered":"CAN BOKI"},"content":{"rendered":"<div id=\"pl-18852\"  class=\"panel-layout\" ><div id=\"pg-18852-0\"  class=\"panel-grid panel-has-style\" ><div class=\"foobox siteorigin-panels-stretch panel-row-style panel-row-style-for-18852-0\" data-stretch-type=\"full-width-stretch\" ><div id=\"pgc-18852-0-0\"  class=\"panel-grid-cell\" ><div id=\"panel-18852-0-0-0\" class=\"so-panel widget widget_sow-image panel-first-child panel-last-child\" data-index=\"0\" ><div class=\"foobox panel-widget-style panel-widget-style-for-18852-0-0-0\" ><div\n\t\t\t\n\t\t\tclass=\"so-widget-sow-image so-widget-sow-image-default-3a2476c0e107-18852\"\n\t\t\t\n\t\t>\n<div class=\"sow-image-container\">\n\t\t\t<a href=\"https:\/\/thebiopool.com\/wp-content\/uploads\/boki-web-1.jpg\"\n\t\t\t\t\t>\n\t\t\t<img \n\tdata-src=\"https:\/\/thebiopool.com\/wp-content\/uploads\/boki-web-1-768x576.jpg\" width=\"768\" height=\"576\" data-srcset=\"https:\/\/thebiopool.com\/wp-content\/uploads\/boki-web-1-768x576.jpg 768w, https:\/\/thebiopool.com\/wp-content\/uploads\/boki-web-1-300x225.jpg 300w, https:\/\/thebiopool.com\/wp-content\/uploads\/boki-web-1-1024x768.jpg 1024w, https:\/\/thebiopool.com\/wp-content\/uploads\/boki-web-1-1536x1152.jpg 1536w, https:\/\/thebiopool.com\/wp-content\/uploads\/boki-web-1-600x450.jpg 600w, https:\/\/thebiopool.com\/wp-content\/uploads\/boki-web-1.jpg 1700w\" data-sizes=\"(max-width: 768px) 100vw, 768px\" title=\"boki web 1\" alt=\"Can Boki by theBIOPOOL Ibiza\" \t\tclass=\"so-widget-image lazyload\" src=\"data:image\/svg+xml;base64,PHN2ZyB3aWR0aD0iMSIgaGVpZ2h0PSIxIiB4bWxucz0iaHR0cDovL3d3dy53My5vcmcvMjAwMC9zdmciPjwvc3ZnPg==\" style=\"--smush-placeholder-width: 768px; --smush-placeholder-aspect-ratio: 768\/576;\" \/>\n\t\t\t<\/a><\/div>\n\n<\/div><\/div><\/div><\/div><div id=\"pgc-18852-0-1\"  class=\"panel-grid-cell\" ><div id=\"panel-18852-0-1-0\" class=\"so-panel widget widget_sow-editor panel-first-child panel-last-child\" data-index=\"1\" ><div class=\"panel-widget-style panel-widget-style-for-18852-0-1-0\" ><div\n\t\t\t\n\t\t\tclass=\"so-widget-sow-editor so-widget-sow-editor-base\"\n\t\t\t\n\t\t>\n<div class=\"siteorigin-widget-tinymce textwidget\">\n\t<h3 style=\"text-align: right;\"><strong><span style=\"color: #ffffff;\">CAN BOKI<\/span><\/strong><\/h3>\n<p style=\"font-size: 13px;\"><em>Biolago privado. San Mateu d\u00b4Albarca, Ibiza.<\/em><\/p>\n<p style=\"font-size: 13px;\">Anno 2020<br \/>\nSuperficie 260 m2<br \/>\nProfondit\u00e0 max 3,00 m<br \/>\nFiltraggio verticale lento<br \/>\nPompa filtro 120w\/h<br \/>\nFinitura: calce idraulica<\/p>\n<p style=\"font-size: 13px;\">Il lago balneabile naturale mediterraneo fa parte di una finca con un concetto di relax definito che integra aree gioco, un'area esterna, un campo da calcio, un campo da tennis, una sauna, una piscina classica e uno zoo privato.<br \/>\nIl lago \u00e8 costituito da una zona d'acqua la cui profondit\u00e0 \u00e8 adatta ai bambini e invita al relax. Per questo motivo disponiamo di un'area riservata ai non nuotatori, a disposizione per idroterapia, aerobica e Charlas. C'\u00e8 anche un'area di 3 metri di profondit\u00e0 per le immersioni e lo snorkeling, il salto con il trampolino e anche per tenere separate le piante sott'acqua con un muretto.<br \/>\nIl lago rappresenta un meraviglioso habitat per gli uccelli e una variet\u00e0 di specie di insetti e piante ed \u00e8 un'importante fonte di acqua potabile per animali, insetti e pipistrelli.<\/p>\n<p>&nbsp;<\/p>\n<p>&nbsp;<\/p>\n<\/div>\n<\/div><\/div><\/div><\/div><\/div><\/div><div id=\"pg-18852-1\"  class=\"panel-grid panel-has-style\" ><div class=\"siteorigin-panels-stretch panel-row-style panel-row-style-for-18852-1\" data-stretch-type=\"full-width-stretch\" ><div id=\"pgc-18852-1-0\"  class=\"panel-grid-cell\" ><div id=\"panel-18852-1-0-0\" class=\"so-panel widget widget_sow-image panel-first-child panel-last-child\" data-index=\"2\" ><div class=\"foobox panel-widget-style panel-widget-style-for-18852-1-0-0\" ><div\n\t\t\t\n\t\t\tclass=\"so-widget-sow-image so-widget-sow-image-default-8b5b6f678277-18852\"\n\t\t\t\n\t\t>\n<div class=\"sow-image-container\">\n\t\t\t<a href=\"https:\/\/thebiopool.com\/wp-content\/uploads\/boki-web-2.jpg\"\n\t\t\t\t\t>\n\t\t\t<img \n\tdata-src=\"https:\/\/thebiopool.com\/wp-content\/uploads\/boki-web-2-768x768.jpg\" width=\"768\" height=\"768\" data-srcset=\"https:\/\/thebiopool.com\/wp-content\/uploads\/boki-web-2-768x768.jpg 768w, https:\/\/thebiopool.com\/wp-content\/uploads\/boki-web-2-300x300.jpg 300w, https:\/\/thebiopool.com\/wp-content\/uploads\/boki-web-2-1024x1024.jpg 1024w, https:\/\/thebiopool.com\/wp-content\/uploads\/boki-web-2-150x150.jpg 150w, https:\/\/thebiopool.com\/wp-content\/uploads\/boki-web-2-600x600.jpg 600w, https:\/\/thebiopool.com\/wp-content\/uploads\/boki-web-2.jpg 1500w\" data-sizes=\"(max-width: 768px) 100vw, 768px\" title=\"default\" alt=\"\" \t\tclass=\"so-widget-image lazyload\" src=\"data:image\/svg+xml;base64,PHN2ZyB3aWR0aD0iMSIgaGVpZ2h0PSIxIiB4bWxucz0iaHR0cDovL3d3dy53My5vcmcvMjAwMC9zdmciPjwvc3ZnPg==\" style=\"--smush-placeholder-width: 768px; --smush-placeholder-aspect-ratio: 768\/768;\" \/>\n\t\t\t<\/a><\/div>\n\n<\/div><\/div><\/div><\/div><div id=\"pgc-18852-1-1\"  class=\"panel-grid-cell\" ><div id=\"panel-18852-1-1-0\" class=\"so-panel widget widget_sow-image panel-first-child panel-last-child\" data-index=\"3\" ><div class=\"foobox panel-widget-style panel-widget-style-for-18852-1-1-0\" ><div\n\t\t\t\n\t\t\tclass=\"so-widget-sow-image so-widget-sow-image-default-8b5b6f678277-18852\"\n\t\t\t\n\t\t>\n<div class=\"sow-image-container\">\n\t\t\t<a href=\"https:\/\/thebiopool.com\/wp-content\/uploads\/boki-web-3.jpg\"\n\t\t\t\t\t>\n\t\t\t<img \n\tdata-src=\"https:\/\/thebiopool.com\/wp-content\/uploads\/boki-web-3-768x768.jpg\" width=\"768\" height=\"768\" data-srcset=\"https:\/\/thebiopool.com\/wp-content\/uploads\/boki-web-3-768x768.jpg 768w, https:\/\/thebiopool.com\/wp-content\/uploads\/boki-web-3-300x300.jpg 300w, https:\/\/thebiopool.com\/wp-content\/uploads\/boki-web-3-1024x1024.jpg 1024w, https:\/\/thebiopool.com\/wp-content\/uploads\/boki-web-3-150x150.jpg 150w, https:\/\/thebiopool.com\/wp-content\/uploads\/boki-web-3-600x600.jpg 600w, https:\/\/thebiopool.com\/wp-content\/uploads\/boki-web-3.jpg 1500w\" data-sizes=\"(max-width: 768px) 100vw, 768px\" title=\"boki web 3\" alt=\"\" \t\tclass=\"so-widget-image lazyload\" src=\"data:image\/svg+xml;base64,PHN2ZyB3aWR0aD0iMSIgaGVpZ2h0PSIxIiB4bWxucz0iaHR0cDovL3d3dy53My5vcmcvMjAwMC9zdmciPjwvc3ZnPg==\" style=\"--smush-placeholder-width: 768px; --smush-placeholder-aspect-ratio: 768\/768;\" \/>\n\t\t\t<\/a><\/div>\n\n<\/div><\/div><\/div><\/div><div id=\"pgc-18852-1-2\"  class=\"panel-grid-cell\" ><div id=\"panel-18852-1-2-0\" class=\"so-panel widget widget_sow-image panel-first-child panel-last-child\" data-index=\"4\" ><div class=\"foobox panel-widget-style panel-widget-style-for-18852-1-2-0\" ><div\n\t\t\t\n\t\t\tclass=\"so-widget-sow-image so-widget-sow-image-default-8b5b6f678277-18852\"\n\t\t\t\n\t\t>\n<div class=\"sow-image-container\">\n\t\t\t<a href=\"https:\/\/thebiopool.com\/wp-content\/uploads\/boki-web-4.jpg\"\n\t\t\ttarget=\"_blank\" rel=\"noopener noreferrer\" \t\t>\n\t\t\t<img \n\tdata-src=\"https:\/\/thebiopool.com\/wp-content\/uploads\/boki-web-4-768x627.jpg\" width=\"768\" height=\"627\" data-srcset=\"https:\/\/thebiopool.com\/wp-content\/uploads\/boki-web-4-768x627.jpg 768w, https:\/\/thebiopool.com\/wp-content\/uploads\/boki-web-4-300x245.jpg 300w, https:\/\/thebiopool.com\/wp-content\/uploads\/boki-web-4-1024x835.jpg 1024w, https:\/\/thebiopool.com\/wp-content\/uploads\/boki-web-4-600x489.jpg 600w, https:\/\/thebiopool.com\/wp-content\/uploads\/boki-web-4.jpg 1471w\" data-sizes=\"(max-width: 768px) 100vw, 768px\" title=\"boki web 4\" alt=\"\" \t\tclass=\"so-widget-image lazyload\" src=\"data:image\/svg+xml;base64,PHN2ZyB3aWR0aD0iMSIgaGVpZ2h0PSIxIiB4bWxucz0iaHR0cDovL3d3dy53My5vcmcvMjAwMC9zdmciPjwvc3ZnPg==\" style=\"--smush-placeholder-width: 768px; --smush-placeholder-aspect-ratio: 768\/627;\" \/>\n\t\t\t<\/a><\/div>\n\n<\/div><\/div><\/div><\/div><\/div><\/div><div id=\"pg-18852-2\"  class=\"panel-grid panel-has-style\" ><div class=\"panel-row-style panel-row-style-for-18852-2\" ><div id=\"pgc-18852-2-0\"  class=\"panel-grid-cell\" ><div id=\"panel-18852-2-0-0\" class=\"so-panel widget widget_sow-editor panel-first-child panel-last-child\" data-index=\"5\" ><div\n\t\t\t\n\t\t\tclass=\"so-widget-sow-editor so-widget-sow-editor-base\"\n\t\t\t\n\t\t>\n<div class=\"siteorigin-widget-tinymce textwidget\">\n\t<h3 style=\"text-align: center;\">weitere Bilder<\/h3>\n<\/div>\n<\/div><\/div><\/div><\/div><\/div><\/div>","protected":false},"excerpt":{"rendered":"<p>CAN BOKI Biolago privado. San Mateu d&acute;Albarca, Ibiza. Anno 2020 Superficie 260 m2 Profondit&agrave; max 3,00 m Filtraggio verticale lento Pompa filtro 120w\/h Finitura: calce idraulica Il lago balneabile naturale mediterraneo fa parte di una finca con un concetto di relax definito che integra aree gioco, un&#8217;area esterna, un campo da calcio, un campo da tennis, una sauna, una piscina classica e uno zoo privato. Il lago &egrave; costituito da una zona d&#8217;acqua la cui profondit&agrave; &egrave; adatta ai bambini e invita al relax. Per questo motivo disponiamo di un&#8217;area riservata ai non nuotatori, a disposizione per idroterapia, aerobica e&hellip;<\/p>\n","protected":false},"author":1,"featured_media":0,"parent":0,"menu_order":0,"comment_status":"closed","ping_status":"closed","template":"","meta":{"footnotes":""},"class_list":["post-18852","page","type-page","status-publish","hentry"],"yoast_head":"<!-- This site is optimized with the Yoast SEO plugin v27.5 - https:\/\/yoast.com\/product\/yoast-seo-wordpress\/ -->\n<title>CAN BOKI - Experts for natural ponds<\/title>\n<meta name=\"description\" content=\"(English) If you want a natural and healthy water experience as a pool or pond owner in Ibiza we are your no.1 planer and builder\" \/>\n<meta name=\"robots\" content=\"index, follow, max-snippet:-1, max-image-preview:large, max-video-preview:-1\" \/>\n<link rel=\"canonical\" href=\"https:\/\/thebiopool.com\/it\/can-boki\/\" \/>\n<meta property=\"og:locale\" content=\"it_IT\" \/>\n<meta property=\"og:type\" content=\"article\" \/>\n<meta property=\"og:title\" content=\"CAN BOKI - Experts for natural ponds\" \/>\n<meta property=\"og:description\" content=\"(English) If you want a natural and healthy water experience as a pool or pond owner in Ibiza we are your no.1 planer and builder\" \/>\n<meta property=\"og:url\" content=\"https:\/\/thebiopool.com\/it\/can-boki\/\" \/>\n<meta property=\"og:site_name\" content=\"esperti per piscine e stagni naturali\" \/>\n<meta property=\"article:publisher\" content=\"https:\/\/www.facebook.com\/Naturaleza-y-Arte-Stefan-Meier-162702410430553\/\" \/>\n<meta property=\"article:modified_time\" content=\"2025-01-08T12:09:26+00:00\" \/>\n<meta name=\"twitter:card\" content=\"summary_large_image\" \/>\n<meta name=\"twitter:label1\" content=\"Tempo di lettura stimato\" \/>\n\t<meta name=\"twitter:data1\" content=\"4 minuti\" \/>\n<script type=\"application\/ld+json\" class=\"yoast-schema-graph\">{\"@context\":\"https:\\\/\\\/schema.org\",\"@graph\":[{\"@type\":\"WebPage\",\"@id\":\"https:\\\/\\\/thebiopool.com\\\/it\\\/can-boki\\\/\",\"url\":\"https:\\\/\\\/thebiopool.com\\\/it\\\/can-boki\\\/\",\"name\":\"CAN BOKI - Experts for natural ponds\",\"isPartOf\":{\"@id\":\"https:\\\/\\\/thebiopool.com\\\/it\\\/#website\"},\"datePublished\":\"2024-12-13T10:05:11+00:00\",\"dateModified\":\"2025-01-08T12:09:26+00:00\",\"description\":\"(English) If you want a natural and healthy water experience as a pool or pond owner in Ibiza we are your no.1 planer and builder\",\"breadcrumb\":{\"@id\":\"https:\\\/\\\/thebiopool.com\\\/it\\\/can-boki\\\/#breadcrumb\"},\"inLanguage\":\"it-IT\",\"potentialAction\":[{\"@type\":\"ReadAction\",\"target\":[[\"https:\\\/\\\/thebiopool.com\\\/it\\\/can-boki\\\/\"]]}]},{\"@type\":\"BreadcrumbList\",\"@id\":\"https:\\\/\\\/thebiopool.com\\\/it\\\/can-boki\\\/#breadcrumb\",\"itemListElement\":[{\"@type\":\"ListItem\",\"position\":1,\"name\":\"Home\",\"item\":\"https:\\\/\\\/thebiopool.com\\\/it\\\/\"},{\"@type\":\"ListItem\",\"position\":2,\"name\":\"CAN BOKI\"}]},{\"@type\":\"WebSite\",\"@id\":\"https:\\\/\\\/thebiopool.com\\\/it\\\/#website\",\"url\":\"https:\\\/\\\/thebiopool.com\\\/it\\\/\",\"name\":\"TheBiopool\",\"description\":\"progettiamo e creiamo il vostro stagno naturale\",\"publisher\":{\"@id\":\"https:\\\/\\\/thebiopool.com\\\/it\\\/#organization\"},\"potentialAction\":[{\"@type\":\"SearchAction\",\"target\":{\"@type\":\"EntryPoint\",\"urlTemplate\":\"https:\\\/\\\/thebiopool.com\\\/it\\\/?s={search_term_string}\"},\"query-input\":{\"@type\":\"PropertyValueSpecification\",\"valueRequired\":true,\"valueName\":\"search_term_string\"}}],\"inLanguage\":\"it-IT\"},{\"@type\":\"Organization\",\"@id\":\"https:\\\/\\\/thebiopool.com\\\/it\\\/#organization\",\"name\":\"TheBiopool\",\"url\":\"https:\\\/\\\/thebiopool.com\\\/it\\\/\",\"logo\":{\"@type\":\"ImageObject\",\"inLanguage\":\"it-IT\",\"@id\":\"https:\\\/\\\/thebiopool.com\\\/it\\\/#\\\/schema\\\/logo\\\/image\\\/\",\"url\":\"https:\\\/\\\/thebiopool.com\\\/wp-content\\\/uploads\\\/logo-schatten-website-klein.png\",\"contentUrl\":\"https:\\\/\\\/thebiopool.com\\\/wp-content\\\/uploads\\\/logo-schatten-website-klein.png\",\"width\":220,\"height\":64,\"caption\":\"TheBiopool\"},\"image\":{\"@id\":\"https:\\\/\\\/thebiopool.com\\\/it\\\/#\\\/schema\\\/logo\\\/image\\\/\"},\"sameAs\":[\"https:\\\/\\\/www.facebook.com\\\/Naturaleza-y-Arte-Stefan-Meier-162702410430553\\\/\",\"https:\\\/\\\/www.instagram.com\\\/thebiopool\\\/\"]}]}<\/script>\n<!-- \/ Yoast SEO plugin. -->","yoast_head_json":{"title":"CAN BOKI - Experts for natural ponds","description":"(English) If you want a natural and healthy water experience as a pool or pond owner in Ibiza we are your no.1 planer and builder","robots":{"index":"index","follow":"follow","max-snippet":"max-snippet:-1","max-image-preview":"max-image-preview:large","max-video-preview":"max-video-preview:-1"},"canonical":"https:\/\/thebiopool.com\/it\/can-boki\/","og_locale":"it_IT","og_type":"article","og_title":"CAN BOKI - Experts for natural ponds","og_description":"(English) If you want a natural and healthy water experience as a pool or pond owner in Ibiza we are your no.1 planer and builder","og_url":"https:\/\/thebiopool.com\/it\/can-boki\/","og_site_name":"esperti per piscine e stagni naturali","article_publisher":"https:\/\/www.facebook.com\/Naturaleza-y-Arte-Stefan-Meier-162702410430553\/","article_modified_time":"2025-01-08T12:09:26+00:00","twitter_card":"summary_large_image","twitter_misc":{"Tempo di lettura stimato":"4 minuti"},"schema":{"@context":"https:\/\/schema.org","@graph":[{"@type":"WebPage","@id":"https:\/\/thebiopool.com\/it\/can-boki\/","url":"https:\/\/thebiopool.com\/it\/can-boki\/","name":"CAN BOKI - Experts for natural ponds","isPartOf":{"@id":"https:\/\/thebiopool.com\/it\/#website"},"datePublished":"2024-12-13T10:05:11+00:00","dateModified":"2025-01-08T12:09:26+00:00","description":"(English) If you want a natural and healthy water experience as a pool or pond owner in Ibiza we are your no.1 planer and builder","breadcrumb":{"@id":"https:\/\/thebiopool.com\/it\/can-boki\/#breadcrumb"},"inLanguage":"it-IT","potentialAction":[{"@type":"ReadAction","target":[["https:\/\/thebiopool.com\/it\/can-boki\/"]]}]},{"@type":"BreadcrumbList","@id":"https:\/\/thebiopool.com\/it\/can-boki\/#breadcrumb","itemListElement":[{"@type":"ListItem","position":1,"name":"Home","item":"https:\/\/thebiopool.com\/it\/"},{"@type":"ListItem","position":2,"name":"CAN BOKI"}]},{"@type":"WebSite","@id":"https:\/\/thebiopool.com\/it\/#website","url":"https:\/\/thebiopool.com\/it\/","name":"TheBiopool","description":"progettiamo e creiamo il vostro stagno naturale","publisher":{"@id":"https:\/\/thebiopool.com\/it\/#organization"},"potentialAction":[{"@type":"SearchAction","target":{"@type":"EntryPoint","urlTemplate":"https:\/\/thebiopool.com\/it\/?s={search_term_string}"},"query-input":{"@type":"PropertyValueSpecification","valueRequired":true,"valueName":"search_term_string"}}],"inLanguage":"it-IT"},{"@type":"Organization","@id":"https:\/\/thebiopool.com\/it\/#organization","name":"TheBiopool","url":"https:\/\/thebiopool.com\/it\/","logo":{"@type":"ImageObject","inLanguage":"it-IT","@id":"https:\/\/thebiopool.com\/it\/#\/schema\/logo\/image\/","url":"https:\/\/thebiopool.com\/wp-content\/uploads\/logo-schatten-website-klein.png","contentUrl":"https:\/\/thebiopool.com\/wp-content\/uploads\/logo-schatten-website-klein.png","width":220,"height":64,"caption":"TheBiopool"},"image":{"@id":"https:\/\/thebiopool.com\/it\/#\/schema\/logo\/image\/"},"sameAs":["https:\/\/www.facebook.com\/Naturaleza-y-Arte-Stefan-Meier-162702410430553\/","https:\/\/www.instagram.com\/thebiopool\/"]}]}},"_links":{"self":[{"href":"https:\/\/thebiopool.com\/it\/wp-json\/wp\/v2\/pages\/18852","targetHints":{"allow":["GET"]}}],"collection":[{"href":"https:\/\/thebiopool.com\/it\/wp-json\/wp\/v2\/pages"}],"about":[{"href":"https:\/\/thebiopool.com\/it\/wp-json\/wp\/v2\/types\/page"}],"author":[{"embeddable":true,"href":"https:\/\/thebiopool.com\/it\/wp-json\/wp\/v2\/users\/1"}],"replies":[{"embeddable":true,"href":"https:\/\/thebiopool.com\/it\/wp-json\/wp\/v2\/comments?post=18852"}],"version-history":[{"count":0,"href":"https:\/\/thebiopool.com\/it\/wp-json\/wp\/v2\/pages\/18852\/revisions"}],"wp:attachment":[{"href":"https:\/\/thebiopool.com\/it\/wp-json\/wp\/v2\/media?parent=18852"}],"curies":[{"name":"wp","href":"https:\/\/api.w.org\/{rel}","templated":true}]}}