{"id":19089,"date":"2025-03-27T10:24:06","date_gmt":"2025-03-27T09:24:06","guid":{"rendered":"https:\/\/thebiopool.com\/?page_id=19089"},"modified":"2025-03-27T10:50:35","modified_gmt":"2025-03-27T09:50:35","slug":"fire-pond","status":"publish","type":"page","link":"https:\/\/thebiopool.com\/it\/fire-pond\/","title":{"rendered":"Stagno di fuoco"},"content":{"rendered":"<div id=\"pl-19089\"  class=\"panel-layout\" ><div id=\"pg-19089-0\"  class=\"panel-grid panel-has-style\" ><div class=\"foobox siteorigin-panels-stretch panel-row-style panel-row-style-for-19089-0\" data-stretch-type=\"full-width-stretch\" ><div id=\"pgc-19089-0-0\"  class=\"panel-grid-cell\" ><div id=\"panel-19089-0-0-0\" class=\"so-panel widget widget_sow-image panel-first-child panel-last-child\" data-index=\"0\" ><div class=\"foobox panel-widget-style panel-widget-style-for-19089-0-0-0\" ><div\n\t\t\t\n\t\t\tclass=\"so-widget-sow-image so-widget-sow-image-default-3a2476c0e107-19089\"\n\t\t\t\n\t\t>\n<div class=\"sow-image-container\">\n\t\t\t<a href=\"https:\/\/thebiopool.com\/wp-content\/uploads\/can-Lupes-by-theBIOPOOL-1.jpg\"\n\t\t\t\t\t>\n\t\t\t<img \n\tdata-src=\"https:\/\/thebiopool.com\/wp-content\/uploads\/can-Lupes-by-theBIOPOOL-1-768x669.jpg\" width=\"768\" height=\"669\" data-srcset=\"https:\/\/thebiopool.com\/wp-content\/uploads\/can-Lupes-by-theBIOPOOL-1-768x669.jpg 768w, https:\/\/thebiopool.com\/wp-content\/uploads\/can-Lupes-by-theBIOPOOL-1-300x261.jpg 300w, https:\/\/thebiopool.com\/wp-content\/uploads\/can-Lupes-by-theBIOPOOL-1-1024x891.jpg 1024w, https:\/\/thebiopool.com\/wp-content\/uploads\/can-Lupes-by-theBIOPOOL-1-1536x1337.jpg 1536w, https:\/\/thebiopool.com\/wp-content\/uploads\/can-Lupes-by-theBIOPOOL-1-600x522.jpg 600w, https:\/\/thebiopool.com\/wp-content\/uploads\/can-Lupes-by-theBIOPOOL-1.jpg 1900w\" data-sizes=\"(max-width: 768px) 100vw, 768px\" title=\"can-Lupes-by-theBIOPOOL-1.jpg\" alt=\"can-Lupes-by-theBIOPOOL-1.jpg\" \t\tclass=\"so-widget-image lazyload\" src=\"data:image\/svg+xml;base64,PHN2ZyB3aWR0aD0iMSIgaGVpZ2h0PSIxIiB4bWxucz0iaHR0cDovL3d3dy53My5vcmcvMjAwMC9zdmciPjwvc3ZnPg==\" style=\"--smush-placeholder-width: 768px; --smush-placeholder-aspect-ratio: 768\/669;\" \/>\n\t\t\t<\/a><\/div>\n\n<\/div><\/div><\/div><\/div><div id=\"pgc-19089-0-1\"  class=\"panel-grid-cell\" ><div id=\"panel-19089-0-1-0\" class=\"so-panel widget widget_sow-editor panel-first-child panel-last-child\" data-index=\"1\" ><div class=\"panel-widget-style panel-widget-style-for-19089-0-1-0\" ><div\n\t\t\t\n\t\t\tclass=\"so-widget-sow-editor so-widget-sow-editor-base\"\n\t\t\t\n\t\t>\n<div class=\"siteorigin-widget-tinymce textwidget\">\n\t<h3 style=\"text-align: right;\"><strong><span style=\"color: #ffffff;\">FIREPOND to BIOPOND<\/span><\/strong><\/h3>\n<p>Superficie: 400 m2<br \/>\nVolume d'acqua: circa 700 m3<br \/>\nProfondit\u00e0: zona poco profonda sopra il serbatoio di acqua piovana come area giochi per bambini, area per il nuoto 1,4 \/ 3 m, zona vegetale 1,5 e 3 m<br \/>\nConcetto di filtro: prefiltro meccanico, filtro a ghiaia piantumata, acquacoltura<br \/>\nTecnologia: skimmer per piscina e filtro a rete curva, 2 pompe regolabili a risparmio energetico<br \/>\nPianificazione: 2020<br \/>\nFase di costruzione: giugno 2020 - ottobre 2020<br \/>\nAll'inizio c'\u00e8 stata l'idea di creare un laghetto antincendio che catturasse anche l'acqua piovana. Poi si \u00e8 sviluppata l'idea di creare un biotopo per animali e piante ormai rare. E perch\u00e9 non utilizzare il tutto come opportunit\u00e0 di balneazione? Ecco come \u00e8 stato creato questo laghetto balneabile con un bacino di raccolta dell'acqua piovana integrato.<\/p>\n<\/div>\n<\/div><\/div><\/div><\/div><\/div><\/div><div id=\"pg-19089-1\"  class=\"panel-grid panel-has-style\" ><div class=\"siteorigin-panels-stretch panel-row-style panel-row-style-for-19089-1\" data-stretch-type=\"full-width-stretch\" ><div id=\"pgc-19089-1-0\"  class=\"panel-grid-cell\" ><div id=\"panel-19089-1-0-0\" class=\"so-panel widget widget_sow-image panel-first-child panel-last-child\" data-index=\"2\" ><div class=\"foobox panel-widget-style panel-widget-style-for-19089-1-0-0\" ><div\n\t\t\t\n\t\t\tclass=\"so-widget-sow-image so-widget-sow-image-default-8b5b6f678277-19089\"\n\t\t\t\n\t\t>\n<div class=\"sow-image-container\">\n\t\t\t<a href=\"https:\/\/thebiopool.com\/wp-content\/uploads\/lago-contra-incendios-balneable_800.jpg\"\n\t\t\t\t\t>\n\t\t\t<img \n\tdata-src=\"https:\/\/thebiopool.com\/wp-content\/uploads\/lago-contra-incendios-balneable_800-e1743067580393.jpg\" width=\"800\" height=\"800\" data-srcset=\"https:\/\/thebiopool.com\/wp-content\/uploads\/lago-contra-incendios-balneable_800-e1743067580393.jpg 800w, https:\/\/thebiopool.com\/wp-content\/uploads\/lago-contra-incendios-balneable_800-e1743067580393-300x300.jpg 300w, https:\/\/thebiopool.com\/wp-content\/uploads\/lago-contra-incendios-balneable_800-e1743067580393-150x150.jpg 150w, https:\/\/thebiopool.com\/wp-content\/uploads\/lago-contra-incendios-balneable_800-e1743067580393-600x600.jpg 600w, https:\/\/thebiopool.com\/wp-content\/uploads\/lago-contra-incendios-balneable_800-e1743067580393-768x768.jpg 768w\" data-sizes=\"(max-width: 800px) 100vw, 800px\" title=\"Fire Pond extended IBIZA by theBIOPOOL\" alt=\"Fire Pond extended IBIZA by theBIOPOOL\" \t\tclass=\"so-widget-image lazyload\" src=\"data:image\/svg+xml;base64,PHN2ZyB3aWR0aD0iMSIgaGVpZ2h0PSIxIiB4bWxucz0iaHR0cDovL3d3dy53My5vcmcvMjAwMC9zdmciPjwvc3ZnPg==\" style=\"--smush-placeholder-width: 800px; --smush-placeholder-aspect-ratio: 800\/800;\" \/>\n\t\t\t<\/a><\/div>\n\n<\/div><\/div><\/div><\/div><div id=\"pgc-19089-1-1\"  class=\"panel-grid-cell\" ><div id=\"panel-19089-1-1-0\" class=\"so-panel widget widget_sow-image panel-first-child panel-last-child\" data-index=\"3\" ><div class=\"foobox panel-widget-style panel-widget-style-for-19089-1-1-0\" ><div\n\t\t\t\n\t\t\tclass=\"so-widget-sow-image so-widget-sow-image-default-8b5b6f678277-19089\"\n\t\t\t\n\t\t>\n<div class=\"sow-image-container\">\n\t\t\t<a href=\"https:\/\/thebiopool.com\/wp-content\/uploads\/Loschteich-2.jpg\"\n\t\t\t\t\t>\n\t\t\t<img \n\tdata-src=\"https:\/\/thebiopool.com\/wp-content\/uploads\/Loschteich-2-e1743068290116-768x768.jpg\" width=\"768\" height=\"768\" data-srcset=\"https:\/\/thebiopool.com\/wp-content\/uploads\/Loschteich-2-e1743068290116-768x768.jpg 768w, https:\/\/thebiopool.com\/wp-content\/uploads\/Loschteich-2-e1743068290116-300x300.jpg 300w, https:\/\/thebiopool.com\/wp-content\/uploads\/Loschteich-2-e1743068290116-150x150.jpg 150w, https:\/\/thebiopool.com\/wp-content\/uploads\/Loschteich-2-e1743068290116-600x600.jpg 600w, https:\/\/thebiopool.com\/wp-content\/uploads\/Loschteich-2-e1743068290116.jpg 800w\" data-sizes=\"(max-width: 768px) 100vw, 768px\" title=\"Fire Pond Ibiza\" alt=\"Fire Pond Ibiza by theBIOPOOL\" \t\tclass=\"so-widget-image lazyload\" src=\"data:image\/svg+xml;base64,PHN2ZyB3aWR0aD0iMSIgaGVpZ2h0PSIxIiB4bWxucz0iaHR0cDovL3d3dy53My5vcmcvMjAwMC9zdmciPjwvc3ZnPg==\" style=\"--smush-placeholder-width: 768px; --smush-placeholder-aspect-ratio: 768\/768;\" \/>\n\t\t\t<\/a><\/div>\n\n<\/div><\/div><\/div><\/div><div id=\"pgc-19089-1-2\"  class=\"panel-grid-cell\" ><div id=\"panel-19089-1-2-0\" class=\"so-panel widget widget_sow-image panel-first-child panel-last-child\" data-index=\"4\" ><div class=\"foobox panel-widget-style panel-widget-style-for-19089-1-2-0\" ><div\n\t\t\t\n\t\t\tclass=\"so-widget-sow-image so-widget-sow-image-default-8b5b6f678277-19089\"\n\t\t\t\n\t\t>\n<div class=\"sow-image-container\">\n\t\t\t<a href=\"https:\/\/thebiopool.com\/wp-content\/uploads\/Loschteich-1.jpg\"\n\t\t\ttarget=\"_blank\" rel=\"noopener noreferrer\" \t\t>\n\t\t\t<img \n\tdata-src=\"https:\/\/thebiopool.com\/wp-content\/uploads\/Loschteich-1-e1743068555610-768x626.jpg\" width=\"768\" height=\"626\" data-srcset=\"https:\/\/thebiopool.com\/wp-content\/uploads\/Loschteich-1-e1743068555610-768x626.jpg 768w, https:\/\/thebiopool.com\/wp-content\/uploads\/Loschteich-1-e1743068555610-600x489.jpg 600w, https:\/\/thebiopool.com\/wp-content\/uploads\/Loschteich-1-e1743068555610-300x245.jpg 300w, https:\/\/thebiopool.com\/wp-content\/uploads\/Loschteich-1-e1743068555610.jpg 981w\" data-sizes=\"(max-width: 768px) 100vw, 768px\" title=\"Firepond by theBIOPOOL\" alt=\"Fire Pond by theBIOPOOL\" \t\tclass=\"so-widget-image lazyload\" src=\"data:image\/svg+xml;base64,PHN2ZyB3aWR0aD0iMSIgaGVpZ2h0PSIxIiB4bWxucz0iaHR0cDovL3d3dy53My5vcmcvMjAwMC9zdmciPjwvc3ZnPg==\" style=\"--smush-placeholder-width: 768px; --smush-placeholder-aspect-ratio: 768\/626;\" \/>\n\t\t\t<\/a><\/div>\n\n<\/div><\/div><\/div><\/div><\/div><\/div><div id=\"pg-19089-2\"  class=\"panel-grid panel-has-style\" ><div class=\"panel-row-style panel-row-style-for-19089-2\" ><div id=\"pgc-19089-2-0\"  class=\"panel-grid-cell\" ><div id=\"panel-19089-2-0-0\" class=\"so-panel widget widget_sow-editor panel-first-child panel-last-child\" data-index=\"5\" ><div\n\t\t\t\n\t\t\tclass=\"so-widget-sow-editor so-widget-sow-editor-base\"\n\t\t\t\n\t\t>\n<div class=\"siteorigin-widget-tinymce textwidget\">\n\t<h3 style=\"text-align: center;\"><a href=\"https:\/\/thebiopool.com\/fire-pond-for-swimming-spain\/\">pi\u00f9 foto<\/a><\/h3>\n<\/div>\n<\/div><\/div><\/div><\/div><\/div><\/div>","protected":false},"excerpt":{"rendered":"<p>FIREPOND to BIOPOND Superficie: 400 m2 Volume d&#8217;acqua: circa 700 m3 Profondit&agrave;: zona poco profonda sopra il serbatoio di acqua piovana come area giochi per bambini, area per il nuoto 1,4 \/ 3 m, zona vegetale 1,5 e 3 m Concetto di filtro: prefiltro meccanico, filtro a ghiaia piantumata, acquacoltura Tecnologia: skimmer per piscina e filtro a rete curva, 2 pompe regolabili a risparmio energetico Pianificazione: 2020 Fase di costruzione: giugno 2020 &#8211; ottobre 2020 All&#8217;inizio c&#8217;&egrave; stata l&#8217;idea di creare un laghetto antincendio che catturasse anche l&#8217;acqua piovana. Poi si &egrave; sviluppata l&#8217;idea di creare un biotopo per animali&hellip;<\/p>\n","protected":false},"author":1,"featured_media":0,"parent":0,"menu_order":0,"comment_status":"closed","ping_status":"closed","template":"","meta":{"footnotes":""},"class_list":["post-19089","page","type-page","status-publish","hentry"],"yoast_head":"<!-- This site is optimized with the Yoast SEO plugin v27.5 - https:\/\/yoast.com\/product\/yoast-seo-wordpress\/ -->\n<title>Stagno di fuoco - Experts for natural ponds<\/title>\n<meta name=\"description\" content=\"(English) If you want a natural and healthy water experience as a pool or pond owner in Ibiza we are your no.1 planer and builder\" \/>\n<meta name=\"robots\" content=\"index, follow, max-snippet:-1, max-image-preview:large, max-video-preview:-1\" \/>\n<link rel=\"canonical\" href=\"https:\/\/thebiopool.com\/it\/fire-pond\/\" \/>\n<meta property=\"og:locale\" content=\"it_IT\" \/>\n<meta property=\"og:type\" content=\"article\" \/>\n<meta property=\"og:title\" content=\"Stagno di fuoco - Experts for natural ponds\" \/>\n<meta property=\"og:description\" content=\"(English) If you want a natural and healthy water experience as a pool or pond owner in Ibiza we are your no.1 planer and builder\" \/>\n<meta property=\"og:url\" content=\"https:\/\/thebiopool.com\/it\/fire-pond\/\" \/>\n<meta property=\"og:site_name\" content=\"esperti per piscine e stagni naturali\" \/>\n<meta property=\"article:publisher\" content=\"https:\/\/www.facebook.com\/Naturaleza-y-Arte-Stefan-Meier-162702410430553\/\" \/>\n<meta property=\"article:modified_time\" content=\"2025-03-27T09:50:35+00:00\" \/>\n<meta name=\"twitter:card\" content=\"summary_large_image\" \/>\n<meta name=\"twitter:label1\" content=\"Tempo di lettura stimato\" \/>\n\t<meta name=\"twitter:data1\" content=\"4 minuti\" \/>\n<script type=\"application\/ld+json\" class=\"yoast-schema-graph\">{\"@context\":\"https:\\\/\\\/schema.org\",\"@graph\":[{\"@type\":\"WebPage\",\"@id\":\"https:\\\/\\\/thebiopool.com\\\/it\\\/fire-pond\\\/\",\"url\":\"https:\\\/\\\/thebiopool.com\\\/it\\\/fire-pond\\\/\",\"name\":\"Stagno di fuoco - Experts for natural ponds\",\"isPartOf\":{\"@id\":\"https:\\\/\\\/thebiopool.com\\\/it\\\/#website\"},\"datePublished\":\"2025-03-27T09:24:06+00:00\",\"dateModified\":\"2025-03-27T09:50:35+00:00\",\"description\":\"(English) If you want a natural and healthy water experience as a pool or pond owner in Ibiza we are your no.1 planer and builder\",\"breadcrumb\":{\"@id\":\"https:\\\/\\\/thebiopool.com\\\/it\\\/fire-pond\\\/#breadcrumb\"},\"inLanguage\":\"it-IT\",\"potentialAction\":[{\"@type\":\"ReadAction\",\"target\":[[\"https:\\\/\\\/thebiopool.com\\\/it\\\/fire-pond\\\/\"]]}]},{\"@type\":\"BreadcrumbList\",\"@id\":\"https:\\\/\\\/thebiopool.com\\\/it\\\/fire-pond\\\/#breadcrumb\",\"itemListElement\":[{\"@type\":\"ListItem\",\"position\":1,\"name\":\"Home\",\"item\":\"https:\\\/\\\/thebiopool.com\\\/it\\\/\"},{\"@type\":\"ListItem\",\"position\":2,\"name\":\"Fire Pond\"}]},{\"@type\":\"WebSite\",\"@id\":\"https:\\\/\\\/thebiopool.com\\\/it\\\/#website\",\"url\":\"https:\\\/\\\/thebiopool.com\\\/it\\\/\",\"name\":\"TheBiopool\",\"description\":\"progettiamo e creiamo il vostro stagno naturale\",\"publisher\":{\"@id\":\"https:\\\/\\\/thebiopool.com\\\/it\\\/#organization\"},\"potentialAction\":[{\"@type\":\"SearchAction\",\"target\":{\"@type\":\"EntryPoint\",\"urlTemplate\":\"https:\\\/\\\/thebiopool.com\\\/it\\\/?s={search_term_string}\"},\"query-input\":{\"@type\":\"PropertyValueSpecification\",\"valueRequired\":true,\"valueName\":\"search_term_string\"}}],\"inLanguage\":\"it-IT\"},{\"@type\":\"Organization\",\"@id\":\"https:\\\/\\\/thebiopool.com\\\/it\\\/#organization\",\"name\":\"TheBiopool\",\"url\":\"https:\\\/\\\/thebiopool.com\\\/it\\\/\",\"logo\":{\"@type\":\"ImageObject\",\"inLanguage\":\"it-IT\",\"@id\":\"https:\\\/\\\/thebiopool.com\\\/it\\\/#\\\/schema\\\/logo\\\/image\\\/\",\"url\":\"https:\\\/\\\/thebiopool.com\\\/wp-content\\\/uploads\\\/logo-schatten-website-klein.png\",\"contentUrl\":\"https:\\\/\\\/thebiopool.com\\\/wp-content\\\/uploads\\\/logo-schatten-website-klein.png\",\"width\":220,\"height\":64,\"caption\":\"TheBiopool\"},\"image\":{\"@id\":\"https:\\\/\\\/thebiopool.com\\\/it\\\/#\\\/schema\\\/logo\\\/image\\\/\"},\"sameAs\":[\"https:\\\/\\\/www.facebook.com\\\/Naturaleza-y-Arte-Stefan-Meier-162702410430553\\\/\",\"https:\\\/\\\/www.instagram.com\\\/thebiopool\\\/\"]}]}<\/script>\n<!-- \/ Yoast SEO plugin. -->","yoast_head_json":{"title":"Stagno di fuoco - Experts for natural ponds","description":"(English) If you want a natural and healthy water experience as a pool or pond owner in Ibiza we are your no.1 planer and builder","robots":{"index":"index","follow":"follow","max-snippet":"max-snippet:-1","max-image-preview":"max-image-preview:large","max-video-preview":"max-video-preview:-1"},"canonical":"https:\/\/thebiopool.com\/it\/fire-pond\/","og_locale":"it_IT","og_type":"article","og_title":"Stagno di fuoco - Experts for natural ponds","og_description":"(English) If you want a natural and healthy water experience as a pool or pond owner in Ibiza we are your no.1 planer and builder","og_url":"https:\/\/thebiopool.com\/it\/fire-pond\/","og_site_name":"esperti per piscine e stagni naturali","article_publisher":"https:\/\/www.facebook.com\/Naturaleza-y-Arte-Stefan-Meier-162702410430553\/","article_modified_time":"2025-03-27T09:50:35+00:00","twitter_card":"summary_large_image","twitter_misc":{"Tempo di lettura stimato":"4 minuti"},"schema":{"@context":"https:\/\/schema.org","@graph":[{"@type":"WebPage","@id":"https:\/\/thebiopool.com\/it\/fire-pond\/","url":"https:\/\/thebiopool.com\/it\/fire-pond\/","name":"Stagno di fuoco - Experts for natural ponds","isPartOf":{"@id":"https:\/\/thebiopool.com\/it\/#website"},"datePublished":"2025-03-27T09:24:06+00:00","dateModified":"2025-03-27T09:50:35+00:00","description":"(English) If you want a natural and healthy water experience as a pool or pond owner in Ibiza we are your no.1 planer and builder","breadcrumb":{"@id":"https:\/\/thebiopool.com\/it\/fire-pond\/#breadcrumb"},"inLanguage":"it-IT","potentialAction":[{"@type":"ReadAction","target":[["https:\/\/thebiopool.com\/it\/fire-pond\/"]]}]},{"@type":"BreadcrumbList","@id":"https:\/\/thebiopool.com\/it\/fire-pond\/#breadcrumb","itemListElement":[{"@type":"ListItem","position":1,"name":"Home","item":"https:\/\/thebiopool.com\/it\/"},{"@type":"ListItem","position":2,"name":"Fire Pond"}]},{"@type":"WebSite","@id":"https:\/\/thebiopool.com\/it\/#website","url":"https:\/\/thebiopool.com\/it\/","name":"TheBiopool","description":"progettiamo e creiamo il vostro stagno naturale","publisher":{"@id":"https:\/\/thebiopool.com\/it\/#organization"},"potentialAction":[{"@type":"SearchAction","target":{"@type":"EntryPoint","urlTemplate":"https:\/\/thebiopool.com\/it\/?s={search_term_string}"},"query-input":{"@type":"PropertyValueSpecification","valueRequired":true,"valueName":"search_term_string"}}],"inLanguage":"it-IT"},{"@type":"Organization","@id":"https:\/\/thebiopool.com\/it\/#organization","name":"TheBiopool","url":"https:\/\/thebiopool.com\/it\/","logo":{"@type":"ImageObject","inLanguage":"it-IT","@id":"https:\/\/thebiopool.com\/it\/#\/schema\/logo\/image\/","url":"https:\/\/thebiopool.com\/wp-content\/uploads\/logo-schatten-website-klein.png","contentUrl":"https:\/\/thebiopool.com\/wp-content\/uploads\/logo-schatten-website-klein.png","width":220,"height":64,"caption":"TheBiopool"},"image":{"@id":"https:\/\/thebiopool.com\/it\/#\/schema\/logo\/image\/"},"sameAs":["https:\/\/www.facebook.com\/Naturaleza-y-Arte-Stefan-Meier-162702410430553\/","https:\/\/www.instagram.com\/thebiopool\/"]}]}},"_links":{"self":[{"href":"https:\/\/thebiopool.com\/it\/wp-json\/wp\/v2\/pages\/19089","targetHints":{"allow":["GET"]}}],"collection":[{"href":"https:\/\/thebiopool.com\/it\/wp-json\/wp\/v2\/pages"}],"about":[{"href":"https:\/\/thebiopool.com\/it\/wp-json\/wp\/v2\/types\/page"}],"author":[{"embeddable":true,"href":"https:\/\/thebiopool.com\/it\/wp-json\/wp\/v2\/users\/1"}],"replies":[{"embeddable":true,"href":"https:\/\/thebiopool.com\/it\/wp-json\/wp\/v2\/comments?post=19089"}],"version-history":[{"count":0,"href":"https:\/\/thebiopool.com\/it\/wp-json\/wp\/v2\/pages\/19089\/revisions"}],"wp:attachment":[{"href":"https:\/\/thebiopool.com\/it\/wp-json\/wp\/v2\/media?parent=19089"}],"curies":[{"name":"wp","href":"https:\/\/api.w.org\/{rel}","templated":true}]}}