{"id":16061,"date":"2019-07-12T08:49:44","date_gmt":"2019-07-12T06:49:44","guid":{"rendered":"https:\/\/thebiopool.com\/product\/filtro-de-cartucho-sin-hoja\/"},"modified":"2024-10-25T14:38:06","modified_gmt":"2024-10-25T12:38:06","slug":"filtro-de-cartucho-sin-hoja","status":"publish","type":"product","link":"https:\/\/thebiopool.com\/it\/product\/filtro-de-cartucho-sin-hoja\/","title":{"rendered":"Filtro in pile Easyclean"},"content":{"rendered":"<p>Filtro de cartucho sin hoja Easyclean, sistema de filtraci\u00f3n mediante rollo de tela para piscinas.\u2028Limpieza f\u00e1cil y eficaz de piscinas naturales.\u2028Incluye transformador ,1 rollo de tela con una longitud de 70 metros y un recipiente colector para los residuos.\u2028Filtra suciedad de hasta 20 micras.<br \/>\nChasis con caja de subestructura de 4 ruedas con neum\u00e1ticos, incluyendo 2 rodillos de direcci\u00f3n y 1 freno de estacionamiento\u2028No se pierde nada del agua de la piscina, se trata del filtro m\u00e1s respetuoso con el medio ambiente, y la eficiencia de la tecnolog\u00eda sostenible se traduce en ahorro econ\u00f3mico tambi\u00e9n.Las t\u00e9cnicas de filtrado disponibles en nuestra tienda se basan en las bombas preseparadoras y los filtros con cartucho de tela. La primera opci\u00f3n es recomendable usar de forma adicional si su piscina acumula materiales gruesos como madera, piedras y hojas. El filtro de cartucho de tela corresponde a una filtraci\u00f3n externa, que se puede integrar a la primera opci\u00f3n o usar de forma aislada en el ciclo de limpieza del agua, siendo \u00e9sta devuelta a la piscina tras su purificaci\u00f3n.<br \/>\nLa tarea de los aspiradores de lodos de estanque es transportar el agua. Una boya intermedia de preseparaci\u00f3n asegura la filtraci\u00f3n del agua. Elimina de forma fiable materiales m\u00e1s gruesos como madera, piedras y hojas. Otra adici\u00f3n \u00fatil es un filtro externo. Esta filtraci\u00f3n externa puede realizarse, por ejemplo, a trav\u00e9s de un filtro de vell\u00f3n integrado en el ciclo de limpieza. El agua limpia puede ser devuelta al sistema de estanques.<br \/>\nNuestro servicio de atenci\u00f3n al cliente estar\u00e1 encantado de asesorarle por tel\u00e9fono y correo electr\u00f3nico. Contamos con un equipo de expertos que sabr\u00e1n responder todas sus dudas o inquietudes.<\/p>","protected":false},"excerpt":{"rendered":"<p>Este filtro corresponde a un tipo de filtro de cartucho de nivel superior. Est\u00e1 concebido para uso profesional en piscinas localizadas en jardines o plena naturaleza. El sistema autom\u00e1tico comienza a funcionar cuando el agua alcanza un nivel, y entonces el rodillo empieza a girar, este sistema asegura que el pa\u00f1o est\u00e9 limpio, cayendo el agua sucia en el interior y poder repetir el siguiente ciclo. Gracias a este sistema la p\u00e9rdida de agua es nula. El pa\u00f1o es de muy f\u00e1cil limpieza, y asegura devolver un agua limpia a su piscina, y es el filtro m\u00e1s eficaz para evitar la p\u00e9rdida de agua. Su funcionamiento es totalmente autom\u00e1tico. Los materiales usados en su fabricaci\u00f3n son de la m\u00e1s alta calidad.<\/p>\n","protected":false},"featured_media":16060,"comment_status":"open","ping_status":"closed","template":"","meta":[],"product_brand":[],"product_cat":[215],"product_tag":[],"class_list":{"0":"post-16061","1":"product","2":"type-product","3":"status-publish","4":"has-post-thumbnail","6":"product_cat-filtertechnik","7":"product_shipping_class-halfpalette","9":"first","10":"instock","11":"taxable","12":"shipping-taxable","13":"purchasable","14":"product-type-simple"},"yoast_head":"<!-- This site is optimized with the Yoast SEO plugin v27.4 - https:\/\/yoast.com\/product\/yoast-seo-wordpress\/ -->\n<title>Filtro in pile Easyclean - esperti per piscine e stagni naturali<\/title>\n<meta name=\"robots\" content=\"index, follow, max-snippet:-1, max-image-preview:large, max-video-preview:-1\" \/>\n<link rel=\"canonical\" href=\"https:\/\/thebiopool.com\/it\/product\/filtro-de-cartucho-sin-hoja\/\" \/>\n<meta property=\"og:locale\" content=\"it_IT\" \/>\n<meta property=\"og:type\" content=\"article\" \/>\n<meta property=\"og:title\" content=\"Filtro in pile Easyclean - esperti per piscine e stagni naturali\" \/>\n<meta property=\"og:description\" content=\"Este filtro corresponde a un tipo de filtro de cartucho de nivel superior. Est\u00e1 concebido para uso profesional en piscinas localizadas en jardines o plena naturaleza. El sistema autom\u00e1tico comienza a funcionar cuando el agua alcanza un nivel, y entonces el rodillo empieza a girar, este sistema asegura que el pa\u00f1o est\u00e9 limpio, cayendo el agua sucia en el interior y poder repetir el siguiente ciclo. Gracias a este sistema la p\u00e9rdida de agua es nula. El pa\u00f1o es de muy f\u00e1cil limpieza, y asegura devolver un agua limpia a su piscina, y es el filtro m\u00e1s eficaz para evitar la p\u00e9rdida de agua. Su funcionamiento es totalmente autom\u00e1tico. Los materiales usados en su fabricaci\u00f3n son de la m\u00e1s alta calidad.\" \/>\n<meta property=\"og:url\" content=\"https:\/\/thebiopool.com\/it\/product\/filtro-de-cartucho-sin-hoja\/\" \/>\n<meta property=\"og:site_name\" content=\"esperti per piscine e stagni naturali\" \/>\n<meta property=\"article:publisher\" content=\"https:\/\/www.facebook.com\/Naturaleza-y-Arte-Stefan-Meier-162702410430553\/\" \/>\n<meta property=\"article:modified_time\" content=\"2024-10-25T12:38:06+00:00\" \/>\n<meta property=\"og:image\" content=\"https:\/\/thebiopool.com\/wp-content\/uploads\/manzke20171220_004-1.jpg\" \/>\n\t<meta property=\"og:image:width\" content=\"1152\" \/>\n\t<meta property=\"og:image:height\" content=\"768\" \/>\n\t<meta property=\"og:image:type\" content=\"image\/jpeg\" \/>\n<meta name=\"twitter:card\" content=\"summary_large_image\" \/>\n<meta name=\"twitter:label1\" content=\"Tempo di lettura stimato\" \/>\n\t<meta name=\"twitter:data1\" content=\"1 minuto\" \/>\n<script type=\"application\/ld+json\" class=\"yoast-schema-graph\">{\"@context\":\"https:\\\/\\\/schema.org\",\"@graph\":[{\"@type\":\"WebPage\",\"@id\":\"https:\\\/\\\/thebiopool.com\\\/it\\\/product\\\/filtro-de-cartucho-sin-hoja\\\/\",\"url\":\"https:\\\/\\\/thebiopool.com\\\/it\\\/product\\\/filtro-de-cartucho-sin-hoja\\\/\",\"name\":\"Filtro in pile Easyclean - esperti per piscine e stagni naturali\",\"isPartOf\":{\"@id\":\"https:\\\/\\\/thebiopool.com\\\/it\\\/#website\"},\"primaryImageOfPage\":{\"@id\":\"https:\\\/\\\/thebiopool.com\\\/it\\\/product\\\/filtro-de-cartucho-sin-hoja\\\/#primaryimage\"},\"image\":{\"@id\":\"https:\\\/\\\/thebiopool.com\\\/product\\\/filtro-de-cartucho-sin-hoja\\\/#primaryimage\"},\"thumbnailUrl\":\"https:\\\/\\\/thebiopool.com\\\/wp-content\\\/uploads\\\/manzke20171220_004-1.jpg\",\"datePublished\":\"2019-07-12T06:49:44+00:00\",\"dateModified\":\"2024-10-25T12:38:06+00:00\",\"breadcrumb\":{\"@id\":\"https:\\\/\\\/thebiopool.com\\\/it\\\/product\\\/filtro-de-cartucho-sin-hoja\\\/#breadcrumb\"},\"inLanguage\":\"it-IT\",\"potentialAction\":[{\"@type\":\"ReadAction\",\"target\":[[\"https:\\\/\\\/thebiopool.com\\\/it\\\/product\\\/filtro-de-cartucho-sin-hoja\\\/\"]]}]},{\"@type\":\"ImageObject\",\"inLanguage\":\"it-IT\",\"@id\":\"https:\\\/\\\/thebiopool.com\\\/it\\\/product\\\/filtro-de-cartucho-sin-hoja\\\/#primaryimage\",\"url\":\"https:\\\/\\\/thebiopool.com\\\/wp-content\\\/uploads\\\/manzke20171220_004-1.jpg\",\"contentUrl\":\"https:\\\/\\\/thebiopool.com\\\/wp-content\\\/uploads\\\/manzke20171220_004-1.jpg\",\"width\":1152,\"height\":768},{\"@type\":\"BreadcrumbList\",\"@id\":\"https:\\\/\\\/thebiopool.com\\\/it\\\/product\\\/filtro-de-cartucho-sin-hoja\\\/#breadcrumb\",\"itemListElement\":[{\"@type\":\"ListItem\",\"position\":1,\"name\":\"Home\",\"item\":\"https:\\\/\\\/thebiopool.com\\\/it\\\/\"},{\"@type\":\"ListItem\",\"position\":2,\"name\":\"Shop\",\"item\":\"https:\\\/\\\/thebiopool.com\\\/it\\\/shop\\\/\"},{\"@type\":\"ListItem\",\"position\":3,\"name\":\"Easyclean fleece filter\"}]},{\"@type\":\"WebSite\",\"@id\":\"https:\\\/\\\/thebiopool.com\\\/it\\\/#website\",\"url\":\"https:\\\/\\\/thebiopool.com\\\/it\\\/\",\"name\":\"TheBiopool\",\"description\":\"progettiamo e creiamo il vostro stagno naturale\",\"publisher\":{\"@id\":\"https:\\\/\\\/thebiopool.com\\\/it\\\/#organization\"},\"potentialAction\":[{\"@type\":\"SearchAction\",\"target\":{\"@type\":\"EntryPoint\",\"urlTemplate\":\"https:\\\/\\\/thebiopool.com\\\/it\\\/?s={search_term_string}\"},\"query-input\":{\"@type\":\"PropertyValueSpecification\",\"valueRequired\":true,\"valueName\":\"search_term_string\"}}],\"inLanguage\":\"it-IT\"},{\"@type\":\"Organization\",\"@id\":\"https:\\\/\\\/thebiopool.com\\\/it\\\/#organization\",\"name\":\"TheBiopool\",\"url\":\"https:\\\/\\\/thebiopool.com\\\/it\\\/\",\"logo\":{\"@type\":\"ImageObject\",\"inLanguage\":\"it-IT\",\"@id\":\"https:\\\/\\\/thebiopool.com\\\/it\\\/#\\\/schema\\\/logo\\\/image\\\/\",\"url\":\"https:\\\/\\\/thebiopool.com\\\/wp-content\\\/uploads\\\/logo-schatten-website-klein.png\",\"contentUrl\":\"https:\\\/\\\/thebiopool.com\\\/wp-content\\\/uploads\\\/logo-schatten-website-klein.png\",\"width\":220,\"height\":64,\"caption\":\"TheBiopool\"},\"image\":{\"@id\":\"https:\\\/\\\/thebiopool.com\\\/it\\\/#\\\/schema\\\/logo\\\/image\\\/\"},\"sameAs\":[\"https:\\\/\\\/www.facebook.com\\\/Naturaleza-y-Arte-Stefan-Meier-162702410430553\\\/\",\"https:\\\/\\\/www.instagram.com\\\/thebiopool\\\/\"]}]}<\/script>\n<!-- \/ Yoast SEO plugin. -->","yoast_head_json":{"title":"Filtro in pile Easyclean - esperti per piscine e stagni naturali","robots":{"index":"index","follow":"follow","max-snippet":"max-snippet:-1","max-image-preview":"max-image-preview:large","max-video-preview":"max-video-preview:-1"},"canonical":"https:\/\/thebiopool.com\/it\/product\/filtro-de-cartucho-sin-hoja\/","og_locale":"it_IT","og_type":"article","og_title":"Filtro in pile Easyclean - esperti per piscine e stagni naturali","og_description":"Este filtro corresponde a un tipo de filtro de cartucho de nivel superior. Est\u00e1 concebido para uso profesional en piscinas localizadas en jardines o plena naturaleza. El sistema autom\u00e1tico comienza a funcionar cuando el agua alcanza un nivel, y entonces el rodillo empieza a girar, este sistema asegura que el pa\u00f1o est\u00e9 limpio, cayendo el agua sucia en el interior y poder repetir el siguiente ciclo. Gracias a este sistema la p\u00e9rdida de agua es nula. El pa\u00f1o es de muy f\u00e1cil limpieza, y asegura devolver un agua limpia a su piscina, y es el filtro m\u00e1s eficaz para evitar la p\u00e9rdida de agua. Su funcionamiento es totalmente autom\u00e1tico. Los materiales usados en su fabricaci\u00f3n son de la m\u00e1s alta calidad.","og_url":"https:\/\/thebiopool.com\/it\/product\/filtro-de-cartucho-sin-hoja\/","og_site_name":"esperti per piscine e stagni naturali","article_publisher":"https:\/\/www.facebook.com\/Naturaleza-y-Arte-Stefan-Meier-162702410430553\/","article_modified_time":"2024-10-25T12:38:06+00:00","og_image":[{"width":1152,"height":768,"url":"https:\/\/thebiopool.com\/wp-content\/uploads\/manzke20171220_004-1.jpg","type":"image\/jpeg"}],"twitter_card":"summary_large_image","twitter_misc":{"Tempo di lettura stimato":"1 minuto"},"schema":{"@context":"https:\/\/schema.org","@graph":[{"@type":"WebPage","@id":"https:\/\/thebiopool.com\/it\/product\/filtro-de-cartucho-sin-hoja\/","url":"https:\/\/thebiopool.com\/it\/product\/filtro-de-cartucho-sin-hoja\/","name":"Filtro in pile Easyclean - esperti per piscine e stagni naturali","isPartOf":{"@id":"https:\/\/thebiopool.com\/it\/#website"},"primaryImageOfPage":{"@id":"https:\/\/thebiopool.com\/it\/product\/filtro-de-cartucho-sin-hoja\/#primaryimage"},"image":{"@id":"https:\/\/thebiopool.com\/product\/filtro-de-cartucho-sin-hoja\/#primaryimage"},"thumbnailUrl":"https:\/\/thebiopool.com\/wp-content\/uploads\/manzke20171220_004-1.jpg","datePublished":"2019-07-12T06:49:44+00:00","dateModified":"2024-10-25T12:38:06+00:00","breadcrumb":{"@id":"https:\/\/thebiopool.com\/it\/product\/filtro-de-cartucho-sin-hoja\/#breadcrumb"},"inLanguage":"it-IT","potentialAction":[{"@type":"ReadAction","target":[["https:\/\/thebiopool.com\/it\/product\/filtro-de-cartucho-sin-hoja\/"]]}]},{"@type":"ImageObject","inLanguage":"it-IT","@id":"https:\/\/thebiopool.com\/it\/product\/filtro-de-cartucho-sin-hoja\/#primaryimage","url":"https:\/\/thebiopool.com\/wp-content\/uploads\/manzke20171220_004-1.jpg","contentUrl":"https:\/\/thebiopool.com\/wp-content\/uploads\/manzke20171220_004-1.jpg","width":1152,"height":768},{"@type":"BreadcrumbList","@id":"https:\/\/thebiopool.com\/it\/product\/filtro-de-cartucho-sin-hoja\/#breadcrumb","itemListElement":[{"@type":"ListItem","position":1,"name":"Home","item":"https:\/\/thebiopool.com\/it\/"},{"@type":"ListItem","position":2,"name":"Shop","item":"https:\/\/thebiopool.com\/it\/shop\/"},{"@type":"ListItem","position":3,"name":"Easyclean fleece filter"}]},{"@type":"WebSite","@id":"https:\/\/thebiopool.com\/it\/#website","url":"https:\/\/thebiopool.com\/it\/","name":"TheBiopool","description":"progettiamo e creiamo il vostro stagno naturale","publisher":{"@id":"https:\/\/thebiopool.com\/it\/#organization"},"potentialAction":[{"@type":"SearchAction","target":{"@type":"EntryPoint","urlTemplate":"https:\/\/thebiopool.com\/it\/?s={search_term_string}"},"query-input":{"@type":"PropertyValueSpecification","valueRequired":true,"valueName":"search_term_string"}}],"inLanguage":"it-IT"},{"@type":"Organization","@id":"https:\/\/thebiopool.com\/it\/#organization","name":"TheBiopool","url":"https:\/\/thebiopool.com\/it\/","logo":{"@type":"ImageObject","inLanguage":"it-IT","@id":"https:\/\/thebiopool.com\/it\/#\/schema\/logo\/image\/","url":"https:\/\/thebiopool.com\/wp-content\/uploads\/logo-schatten-website-klein.png","contentUrl":"https:\/\/thebiopool.com\/wp-content\/uploads\/logo-schatten-website-klein.png","width":220,"height":64,"caption":"TheBiopool"},"image":{"@id":"https:\/\/thebiopool.com\/it\/#\/schema\/logo\/image\/"},"sameAs":["https:\/\/www.facebook.com\/Naturaleza-y-Arte-Stefan-Meier-162702410430553\/","https:\/\/www.instagram.com\/thebiopool\/"]}]}},"_links":{"self":[{"href":"https:\/\/thebiopool.com\/it\/wp-json\/wp\/v2\/product\/16061","targetHints":{"allow":["GET"]}}],"collection":[{"href":"https:\/\/thebiopool.com\/it\/wp-json\/wp\/v2\/product"}],"about":[{"href":"https:\/\/thebiopool.com\/it\/wp-json\/wp\/v2\/types\/product"}],"replies":[{"embeddable":true,"href":"https:\/\/thebiopool.com\/it\/wp-json\/wp\/v2\/comments?post=16061"}],"wp:featuredmedia":[{"embeddable":true,"href":"https:\/\/thebiopool.com\/it\/wp-json\/wp\/v2\/media\/16060"}],"wp:attachment":[{"href":"https:\/\/thebiopool.com\/it\/wp-json\/wp\/v2\/media?parent=16061"}],"wp:term":[{"taxonomy":"product_brand","embeddable":true,"href":"https:\/\/thebiopool.com\/it\/wp-json\/wp\/v2\/product_brand?post=16061"},{"taxonomy":"product_cat","embeddable":true,"href":"https:\/\/thebiopool.com\/it\/wp-json\/wp\/v2\/product_cat?post=16061"},{"taxonomy":"product_tag","embeddable":true,"href":"https:\/\/thebiopool.com\/it\/wp-json\/wp\/v2\/product_tag?post=16061"}],"curies":[{"name":"wp","href":"https:\/\/api.w.org\/{rel}","templated":true}]}}