{"id":16065,"date":"2019-07-12T08:49:50","date_gmt":"2019-07-12T06:49:50","guid":{"rendered":"https:\/\/thebiopool.com\/product\/robot-de-piscina-neptun\/"},"modified":"2024-10-25T14:39:14","modified_gmt":"2024-10-25T12:39:14","slug":"robot-de-piscina-neptun","status":"publish","type":"product","link":"https:\/\/thebiopool.com\/it\/product\/robot-de-piscina-neptun\/","title":{"rendered":"Robot piscina Neptun"},"content":{"rendered":"<p>El robot de piscina Neptun fue desarrollado espec\u00edficamente por Einsazt, experto en piscinas p\u00fablicas, privadas y naturales, teniendo como objetivo superar los l\u00edmites de los robots de piscinas existentes. El primer l\u00edmite que se quer\u00eda derribar era el reducido tama\u00f1o de las bolsas de filtro que tienen los robots, as\u00ed que Neptun ha sido provisto con tres cartuchos de filtro con diferentes medidas cada uno: 50\/100\/200 micras. Al adoptar esta innovaci\u00f3n, la limpieza y el reemplazo de filtros se simplifica. El sistema de cartucho de filtro proporciona un mayor flujo de agua, as\u00ed que el vaciado en el propio robot es m\u00e1s fuerte.<br \/>\nPor supuesto, es importante que el robot aspirador realice su labor de forma totalmente autom\u00e1tica, pero tambi\u00e9n lo es que tenga un alto grado de rendimiento. El robot Neptun para piscinas consta de un de triple activo movimiento de cepillo, que resulta muy \u00fatil para la suciedad y posibles residuos, y para adaptarse a las diferentes superficies irregulares y resbaladizas. De este modo, el robot aspirador Neptun para piscinas garantiza la m\u00e1xima limpieza con una aplicaci\u00f3n muy sencilla.El robot para limpieza de piscinas Neptun se adapta a todas las superficies, incluidas las paredes, y es capaz de eliminar cualquier tipo de suciedad o residuo de su piscina.<br \/>\nSu dise\u00f1o est\u00e1 concebido para uso profesional, pero su f\u00e1cil sistema lo hace accesible para uso particular tambi\u00e9n. Las ventajas de utilizar un robot limpiafondos de piscina Manzke est\u00e1n dirigidas directamente a una mayor eficiencia, a incrementar la sostenibilidad con el medio ambiente y conferir confort a los propietarios y usuarios de piscinas, pudiendo disfrutar m\u00e1s tiempo de ellas, con el agua m\u00e1s limpia y saludable. El robot Neptun permite una limpieza perfecta por una exploraci\u00f3n precisa de la piscina desde arriba hasta las esquinas. El dispositivo es capaz de detectar las paredes cercanas utilizando sus sensores. Por lo tanto, el robot es capaz de evitar cualquier obst\u00e1culo. Se puede realizar en muy poco tiempo una limpieza completa de este modo.<br \/>\nEl robot aspirador Neptun de piscina es actualmente uno de los sistemas de limpieza m\u00e1s innovadores y eficaces para piscinas, proporciona requisitos bastante complejos para equipos de limpieza. El robot limpia sin ninguna dificultad piscinas de hasta una longitud de 15 metros. Funciona de forma aut\u00f3noma respetando las superficies. El dispositivo tiene un seguimiento muy preciso, es capaz de adaptarse perfectamente a las condiciones naturales. Incluso los suelos pedregosos no representan ninguna dificultad para el robot. Los sensores inteligentes, en combinaci\u00f3n con un giroscopio de navegaci\u00f3n hacen que el dispositivo funcione de forma fiable. La facilidad de mantenimiento hace que este sistema de robot de limpieza sea perfecto para cualquier piscina.<br \/>\nEl robot limpiafondos Neptuno de piscina tiene c\u00e1maras del sistema de filtro que se abren desde arriba. Esto proporciona que una limpieza muy sencilla sea posible, los elementos del filtro se pueden vaciar f\u00e1cilmente. El dispositivo dispone de 3 cartuchos de filtro que tienen diferentes espesores, 50, 100 y 200 micras. La higiene \u00f3ptima se logra por dos bio-cepillos y un cepillo de alta velocidad. Estos cepillos crean un movimiento tres veces consecutivo. Por lo tanto, la suciedad, las bacterias y las algas se pueden eliminar de manera efectiva incluso en superficies irregulares o resbaladizas. \u00a1El robot Neptuno de piscina sigue una limpieza \u00f3ptima incluso en las paredes de la piscina!<br \/>\nEl robot Neptun de piscina\/estanque tambi\u00e9n tiene la opci\u00f3n de configurar un temporizador semanal. El robot se puede programar para limpiar la piscina diariamente o cada 2 d\u00edas o cada 3 d\u00edas\u2026 Hay tambi\u00e9n algunas otras caracter\u00edsticas del programa como el de encendido, el tiempo de ciclo, o incluso la elecci\u00f3n de la limpieza de la pared o s\u00f3lo suelo. El deterioro del agua se evita tambi\u00e9n por su sistema especial biointensivo. Es permanente, natural, limpio y cuidadoso.<br \/>\nEl uso del robot autom\u00e1tico de piscina Neptun implica un menor consumo de agua en la piscina, al no utilizar su equipo de filtraci\u00f3n para funcionar, evitando la acumulaci\u00f3n de suciedad en el filtro de la piscina, y por tanto la necesidad de realizar los habituales lavados y enjuagues del mismo cuando de limpiafondos manuales o hidr\u00e1ulicos se trata.<br \/>\nEl consumo energ\u00e9tico tambi\u00e9n es menor. Generalmente el consumo de electricidad que se genera al tener que poner en funcionamiento el equipo de filtraci\u00f3n de la piscina, es superior al necesario para que funcione el limpiafondos el\u00e9ctrico. Adem\u00e1s, se reducen los tiempos de limpieza, al optimizarse el proceso, e incluso pudiendo elegir entre diferentes ciclos de limpieza en funci\u00f3n de nuestras necesidades.<br \/>\nEn Manzke nos centramos en la calidad, ofrecemos un robot de piscina de alta gama, basado en una tecnolog\u00eda, probada con a\u00f1os de experiencia. Cuanto mejor sea su robot limpiafondos de piscina, mayores ser\u00e1n las condiciones \u00f3ptimas de su piscina. En el mercado hay una gran oferta a muy diferentes precios. El robot de piscina Neptun de Manzke es un limpiafondos con caracter\u00edsticas superiores al resto de su gama, y con una relaci\u00f3n calidad-precio excelente.<br \/>\nPuede darse el caso que necesite reemplazar una parte del robot de piscina. La alta calidad de nuestro robot asegura que los dispositivos tengan una vida \u00fatil bastante larga, pero puede suceder que alguna parte haya de ser cambiada. Manzke se compromete a enviar la parte requerida en un plazo de 72 horas, de modo que el dispositivo est\u00e1 listo para su uso r\u00e1pidamente. Si el robot de piscina tuviese un defecto, se eliminar\u00e1 dentro de las 72 horas despu\u00e9s de la llegada del dispositivo.\u00a0<br \/>\nEstamos ofreciendo un robot limpiafondos de piscina de muy alta calidad. Nuestro servicio de atenci\u00f3n al cliente estar\u00e1 encantado de asesorarle por correo electr\u00f3nico. Contamos con un equipo de expertos que sabr\u00e1n responder todas sus dudas o inquietudes. Adem\u00e1s, cuenta con una amplia documentaci\u00f3n y v\u00eddeos ilustrativos que explican las funciones y cualidades de nuestros sistemas. Tambi\u00e9n estamos presentes en diversas ferias de muestras.<br \/>\nSi quiere la m\u00e1xima limpieza en su piscina, sin esfuerzo y con garant\u00eda de que se pueda adaptar a cualquier circunstancia y superficie, no lo dude, y opte por la m\u00e1s alta tecnolog\u00eda y calidad, robot Neptun, disponible en Espa\u00f1a en nuestra tienda online.<\/p>","protected":false},"excerpt":{"rendered":"<p>Robot de piscina NeptunLimpieza minuciosa de piscinas tanto p\u00fablicas como privadas de forma automatizada.F\u00e1cil limpieza, viene provisto con tres cartuchos de filtro con diferentes medidas cada uno.Muy buena potencia de succi\u00f3n de 17m\u00b3 \/ h.Tres tiempos de ciclo diferentes: 2\/3\/4 horasRobot de piscina para uso profesional.<\/p>\n","protected":false},"featured_media":16064,"comment_status":"open","ping_status":"closed","template":"","meta":[],"product_brand":[],"product_cat":[213],"product_tag":[],"class_list":{"0":"post-16065","1":"product","2":"type-product","3":"status-publish","4":"has-post-thumbnail","6":"product_cat-poolroboter","7":"product_shipping_class-flatrate-dhl","9":"first","10":"instock","11":"taxable","12":"shipping-taxable","13":"purchasable","14":"product-type-simple"},"yoast_head":"<!-- This site is optimized with the Yoast SEO plugin v27.4 - https:\/\/yoast.com\/product\/yoast-seo-wordpress\/ -->\n<title>Robot piscina Neptun - esperti per piscine e stagni naturali<\/title>\n<meta name=\"robots\" content=\"index, follow, max-snippet:-1, max-image-preview:large, max-video-preview:-1\" \/>\n<link rel=\"canonical\" href=\"https:\/\/thebiopool.com\/it\/product\/robot-de-piscina-neptun\/\" \/>\n<meta property=\"og:locale\" content=\"it_IT\" \/>\n<meta property=\"og:type\" content=\"article\" \/>\n<meta property=\"og:title\" content=\"Robot piscina Neptun - esperti per piscine e stagni naturali\" \/>\n<meta property=\"og:description\" content=\"Robot de piscina NeptunLimpieza minuciosa de piscinas tanto p\u00fablicas como privadas de forma automatizada.F\u00e1cil limpieza, viene provisto con tres cartuchos de filtro con diferentes medidas cada uno.Muy buena potencia de succi\u00f3n de 17m\u00b3 \/ h.Tres tiempos de ciclo diferentes: 2\/3\/4 horasRobot de piscina para uso profesional.\" \/>\n<meta property=\"og:url\" content=\"https:\/\/thebiopool.com\/it\/product\/robot-de-piscina-neptun\/\" \/>\n<meta property=\"og:site_name\" content=\"esperti per piscine e stagni naturali\" \/>\n<meta property=\"article:publisher\" content=\"https:\/\/www.facebook.com\/Naturaleza-y-Arte-Stefan-Meier-162702410430553\/\" \/>\n<meta property=\"article:modified_time\" content=\"2024-10-25T12:39:14+00:00\" \/>\n<meta property=\"og:image\" content=\"https:\/\/thebiopool.com\/wp-content\/uploads\/3003_6.jpg\" \/>\n\t<meta property=\"og:image:width\" content=\"1000\" \/>\n\t<meta property=\"og:image:height\" content=\"1000\" \/>\n\t<meta property=\"og:image:type\" content=\"image\/jpeg\" \/>\n<meta name=\"twitter:card\" content=\"summary_large_image\" \/>\n<meta name=\"twitter:label1\" content=\"Tempo di lettura stimato\" \/>\n\t<meta name=\"twitter:data1\" content=\"1 minuto\" \/>\n<script type=\"application\/ld+json\" class=\"yoast-schema-graph\">{\"@context\":\"https:\\\/\\\/schema.org\",\"@graph\":[{\"@type\":\"WebPage\",\"@id\":\"https:\\\/\\\/thebiopool.com\\\/it\\\/product\\\/robot-de-piscina-neptun\\\/\",\"url\":\"https:\\\/\\\/thebiopool.com\\\/it\\\/product\\\/robot-de-piscina-neptun\\\/\",\"name\":\"Robot piscina Neptun - esperti per piscine e stagni naturali\",\"isPartOf\":{\"@id\":\"https:\\\/\\\/thebiopool.com\\\/it\\\/#website\"},\"primaryImageOfPage\":{\"@id\":\"https:\\\/\\\/thebiopool.com\\\/it\\\/product\\\/robot-de-piscina-neptun\\\/#primaryimage\"},\"image\":{\"@id\":\"https:\\\/\\\/thebiopool.com\\\/product\\\/robot-de-piscina-neptun\\\/#primaryimage\"},\"thumbnailUrl\":\"https:\\\/\\\/thebiopool.com\\\/wp-content\\\/uploads\\\/3003_6.jpg\",\"datePublished\":\"2019-07-12T06:49:50+00:00\",\"dateModified\":\"2024-10-25T12:39:14+00:00\",\"breadcrumb\":{\"@id\":\"https:\\\/\\\/thebiopool.com\\\/it\\\/product\\\/robot-de-piscina-neptun\\\/#breadcrumb\"},\"inLanguage\":\"it-IT\",\"potentialAction\":[{\"@type\":\"ReadAction\",\"target\":[[\"https:\\\/\\\/thebiopool.com\\\/it\\\/product\\\/robot-de-piscina-neptun\\\/\"]]}]},{\"@type\":\"ImageObject\",\"inLanguage\":\"it-IT\",\"@id\":\"https:\\\/\\\/thebiopool.com\\\/it\\\/product\\\/robot-de-piscina-neptun\\\/#primaryimage\",\"url\":\"https:\\\/\\\/thebiopool.com\\\/wp-content\\\/uploads\\\/3003_6.jpg\",\"contentUrl\":\"https:\\\/\\\/thebiopool.com\\\/wp-content\\\/uploads\\\/3003_6.jpg\",\"width\":1000,\"height\":1000},{\"@type\":\"BreadcrumbList\",\"@id\":\"https:\\\/\\\/thebiopool.com\\\/it\\\/product\\\/robot-de-piscina-neptun\\\/#breadcrumb\",\"itemListElement\":[{\"@type\":\"ListItem\",\"position\":1,\"name\":\"Home\",\"item\":\"https:\\\/\\\/thebiopool.com\\\/it\\\/\"},{\"@type\":\"ListItem\",\"position\":2,\"name\":\"Shop\",\"item\":\"https:\\\/\\\/thebiopool.com\\\/it\\\/shop\\\/\"},{\"@type\":\"ListItem\",\"position\":3,\"name\":\"Pool robot Neptun\"}]},{\"@type\":\"WebSite\",\"@id\":\"https:\\\/\\\/thebiopool.com\\\/it\\\/#website\",\"url\":\"https:\\\/\\\/thebiopool.com\\\/it\\\/\",\"name\":\"TheBiopool\",\"description\":\"progettiamo e creiamo il vostro stagno naturale\",\"publisher\":{\"@id\":\"https:\\\/\\\/thebiopool.com\\\/it\\\/#organization\"},\"potentialAction\":[{\"@type\":\"SearchAction\",\"target\":{\"@type\":\"EntryPoint\",\"urlTemplate\":\"https:\\\/\\\/thebiopool.com\\\/it\\\/?s={search_term_string}\"},\"query-input\":{\"@type\":\"PropertyValueSpecification\",\"valueRequired\":true,\"valueName\":\"search_term_string\"}}],\"inLanguage\":\"it-IT\"},{\"@type\":\"Organization\",\"@id\":\"https:\\\/\\\/thebiopool.com\\\/it\\\/#organization\",\"name\":\"TheBiopool\",\"url\":\"https:\\\/\\\/thebiopool.com\\\/it\\\/\",\"logo\":{\"@type\":\"ImageObject\",\"inLanguage\":\"it-IT\",\"@id\":\"https:\\\/\\\/thebiopool.com\\\/it\\\/#\\\/schema\\\/logo\\\/image\\\/\",\"url\":\"https:\\\/\\\/thebiopool.com\\\/wp-content\\\/uploads\\\/logo-schatten-website-klein.png\",\"contentUrl\":\"https:\\\/\\\/thebiopool.com\\\/wp-content\\\/uploads\\\/logo-schatten-website-klein.png\",\"width\":220,\"height\":64,\"caption\":\"TheBiopool\"},\"image\":{\"@id\":\"https:\\\/\\\/thebiopool.com\\\/it\\\/#\\\/schema\\\/logo\\\/image\\\/\"},\"sameAs\":[\"https:\\\/\\\/www.facebook.com\\\/Naturaleza-y-Arte-Stefan-Meier-162702410430553\\\/\",\"https:\\\/\\\/www.instagram.com\\\/thebiopool\\\/\"]}]}<\/script>\n<!-- \/ Yoast SEO plugin. -->","yoast_head_json":{"title":"Robot piscina Neptun - esperti per piscine e stagni naturali","robots":{"index":"index","follow":"follow","max-snippet":"max-snippet:-1","max-image-preview":"max-image-preview:large","max-video-preview":"max-video-preview:-1"},"canonical":"https:\/\/thebiopool.com\/it\/product\/robot-de-piscina-neptun\/","og_locale":"it_IT","og_type":"article","og_title":"Robot piscina Neptun - esperti per piscine e stagni naturali","og_description":"Robot de piscina NeptunLimpieza minuciosa de piscinas tanto p\u00fablicas como privadas de forma automatizada.F\u00e1cil limpieza, viene provisto con tres cartuchos de filtro con diferentes medidas cada uno.Muy buena potencia de succi\u00f3n de 17m\u00b3 \/ h.Tres tiempos de ciclo diferentes: 2\/3\/4 horasRobot de piscina para uso profesional.","og_url":"https:\/\/thebiopool.com\/it\/product\/robot-de-piscina-neptun\/","og_site_name":"esperti per piscine e stagni naturali","article_publisher":"https:\/\/www.facebook.com\/Naturaleza-y-Arte-Stefan-Meier-162702410430553\/","article_modified_time":"2024-10-25T12:39:14+00:00","og_image":[{"width":1000,"height":1000,"url":"https:\/\/thebiopool.com\/wp-content\/uploads\/3003_6.jpg","type":"image\/jpeg"}],"twitter_card":"summary_large_image","twitter_misc":{"Tempo di lettura stimato":"1 minuto"},"schema":{"@context":"https:\/\/schema.org","@graph":[{"@type":"WebPage","@id":"https:\/\/thebiopool.com\/it\/product\/robot-de-piscina-neptun\/","url":"https:\/\/thebiopool.com\/it\/product\/robot-de-piscina-neptun\/","name":"Robot piscina Neptun - esperti per piscine e stagni naturali","isPartOf":{"@id":"https:\/\/thebiopool.com\/it\/#website"},"primaryImageOfPage":{"@id":"https:\/\/thebiopool.com\/it\/product\/robot-de-piscina-neptun\/#primaryimage"},"image":{"@id":"https:\/\/thebiopool.com\/product\/robot-de-piscina-neptun\/#primaryimage"},"thumbnailUrl":"https:\/\/thebiopool.com\/wp-content\/uploads\/3003_6.jpg","datePublished":"2019-07-12T06:49:50+00:00","dateModified":"2024-10-25T12:39:14+00:00","breadcrumb":{"@id":"https:\/\/thebiopool.com\/it\/product\/robot-de-piscina-neptun\/#breadcrumb"},"inLanguage":"it-IT","potentialAction":[{"@type":"ReadAction","target":[["https:\/\/thebiopool.com\/it\/product\/robot-de-piscina-neptun\/"]]}]},{"@type":"ImageObject","inLanguage":"it-IT","@id":"https:\/\/thebiopool.com\/it\/product\/robot-de-piscina-neptun\/#primaryimage","url":"https:\/\/thebiopool.com\/wp-content\/uploads\/3003_6.jpg","contentUrl":"https:\/\/thebiopool.com\/wp-content\/uploads\/3003_6.jpg","width":1000,"height":1000},{"@type":"BreadcrumbList","@id":"https:\/\/thebiopool.com\/it\/product\/robot-de-piscina-neptun\/#breadcrumb","itemListElement":[{"@type":"ListItem","position":1,"name":"Home","item":"https:\/\/thebiopool.com\/it\/"},{"@type":"ListItem","position":2,"name":"Shop","item":"https:\/\/thebiopool.com\/it\/shop\/"},{"@type":"ListItem","position":3,"name":"Pool robot Neptun"}]},{"@type":"WebSite","@id":"https:\/\/thebiopool.com\/it\/#website","url":"https:\/\/thebiopool.com\/it\/","name":"TheBiopool","description":"progettiamo e creiamo il vostro stagno naturale","publisher":{"@id":"https:\/\/thebiopool.com\/it\/#organization"},"potentialAction":[{"@type":"SearchAction","target":{"@type":"EntryPoint","urlTemplate":"https:\/\/thebiopool.com\/it\/?s={search_term_string}"},"query-input":{"@type":"PropertyValueSpecification","valueRequired":true,"valueName":"search_term_string"}}],"inLanguage":"it-IT"},{"@type":"Organization","@id":"https:\/\/thebiopool.com\/it\/#organization","name":"TheBiopool","url":"https:\/\/thebiopool.com\/it\/","logo":{"@type":"ImageObject","inLanguage":"it-IT","@id":"https:\/\/thebiopool.com\/it\/#\/schema\/logo\/image\/","url":"https:\/\/thebiopool.com\/wp-content\/uploads\/logo-schatten-website-klein.png","contentUrl":"https:\/\/thebiopool.com\/wp-content\/uploads\/logo-schatten-website-klein.png","width":220,"height":64,"caption":"TheBiopool"},"image":{"@id":"https:\/\/thebiopool.com\/it\/#\/schema\/logo\/image\/"},"sameAs":["https:\/\/www.facebook.com\/Naturaleza-y-Arte-Stefan-Meier-162702410430553\/","https:\/\/www.instagram.com\/thebiopool\/"]}]}},"_links":{"self":[{"href":"https:\/\/thebiopool.com\/it\/wp-json\/wp\/v2\/product\/16065","targetHints":{"allow":["GET"]}}],"collection":[{"href":"https:\/\/thebiopool.com\/it\/wp-json\/wp\/v2\/product"}],"about":[{"href":"https:\/\/thebiopool.com\/it\/wp-json\/wp\/v2\/types\/product"}],"replies":[{"embeddable":true,"href":"https:\/\/thebiopool.com\/it\/wp-json\/wp\/v2\/comments?post=16065"}],"wp:featuredmedia":[{"embeddable":true,"href":"https:\/\/thebiopool.com\/it\/wp-json\/wp\/v2\/media\/16064"}],"wp:attachment":[{"href":"https:\/\/thebiopool.com\/it\/wp-json\/wp\/v2\/media?parent=16065"}],"wp:term":[{"taxonomy":"product_brand","embeddable":true,"href":"https:\/\/thebiopool.com\/it\/wp-json\/wp\/v2\/product_brand?post=16065"},{"taxonomy":"product_cat","embeddable":true,"href":"https:\/\/thebiopool.com\/it\/wp-json\/wp\/v2\/product_cat?post=16065"},{"taxonomy":"product_tag","embeddable":true,"href":"https:\/\/thebiopool.com\/it\/wp-json\/wp\/v2\/product_tag?post=16065"}],"curies":[{"name":"wp","href":"https:\/\/api.w.org\/{rel}","templated":true}]}}