{"id":16382,"date":"2020-05-11T15:55:41","date_gmt":"2020-05-11T13:55:41","guid":{"rendered":"https:\/\/thebiopool.com\/?post_type=product&#038;p=16382"},"modified":"2026-01-27T10:53:09","modified_gmt":"2026-01-27T09:53:09","slug":"brush-biber-22","status":"publish","type":"product","link":"https:\/\/thebiopool.com\/it\/product\/brush-biber-22\/","title":{"rendered":"Cepillo BIBER 22"},"content":{"rendered":"<p>Vantaggi del BIBER 22 BRUSH \u2013 variante con alimentazione elettrica:<br \/>\nPulizia efficiente e facile<br \/>\nLavoro senza cloud<br \/>\nL&#8217;unit\u00e0 interruttore controlla la direzione di rotazione dell&#8217;accessorio spazzola<br \/>\nCompatibile con gli aspiratori di fango da stagno FANGO 2000, TORPEDO e TORPEDO ULTRA<br \/>\nLavoro ininterrotto grazie al funzionamento ad alimentazione elettrica<\/p>\n<p>Incluso nel prezzo:<br \/>\nPENNELLO CASTORO 22<br \/>\nUnit\u00e0 di commutazione con cambio del senso di rotazione<br \/>\nAsta telescopica TRIOVAL GRP 2,5 &#8211; 5,0 m<br \/>\nPennello giallo (morbido)<br \/>\nSet di alimentazione (composto da 1 alimentatore e 1 prolunga da 7,5 m)<br \/>\nEstrattore a spazzola<\/p>\n<p>BIBER 22 BRUSH &#8211; versione con alimentatore<\/p>\n<p>Incl. asta telescopica estensibile TRIOVAL GFK 2,5-5,0 m, unit\u00e0 di commutazione con cambio del senso di rotazione, spazzola gialla (morbida) e set di alimentazione (composto da alimentatore e cavo di prolunga da 7,5 m)<\/p>\n<p>Dati tecnici:<\/p>\n<p>\u00b7 Attacco di aspirazione integrato per aspiratore per laghetti R\u00f6ssle.<\/p>\n<p>\u00b7 Attacco di aspirazione: \u00f8 38 mm \/ \u00f8 50 mm<\/p>\n<p>\u00b7 Larghezza di lavoro: 22 cm<\/p>\n<p>\u00b7 Funzionamento ininterrotto possibile grazie all&#8217;alimentatore<\/p>\n<p>!!! Si prega di prestare attenzione alle istruzioni di sicurezza !!!<\/p>","protected":false},"excerpt":{"rendered":"<p>Incl. IVA 21%, pi\u00f9 spese di <a href=\"https:\/\/thebiopool.com\/deutsch-versandkosten\/\">spedizione<\/a><\/p>\n<p>La spazzola elettrica BIBER 22 BRUSH \u00e8 il dispositivo ideale per la pulizia efficiente di pareti verticali di stagni e piscine.<br \/>\nLa spazzola si aspira in superficie tramite rotazione e pu\u00f2 essere spostata facilmente e senza sforzo tramite l&#8217;asta telescopica, che pu\u00f2 essere estesa fino a 5 m. Lo sporco sciolto pu\u00f2 essere aspirato contemporaneamente con un aspiratore per stagni tramite un tubo di aspirazione collegato. Ci\u00f2 significa che il sistema funziona senza intorbidimenti. La direzione di rotazione dell&#8217;accessorio spazzola pu\u00f2 essere controllata anche tramite l&#8217;unit\u00e0 di commutazione.<br \/>\nL&#8217;ampia gamma di accessori opzionali offre vari accessori spazzola facilmente intercambiabili per diversi tipi di superfici e livelli di inquinamento.<\/p>\n","protected":false},"featured_media":18483,"comment_status":"open","ping_status":"closed","template":"","meta":[],"product_brand":[],"product_cat":[218,214],"product_tag":[],"class_list":{"0":"post-16382","1":"product","2":"type-product","3":"status-publish","4":"has-post-thumbnail","6":"product_cat-electricbrush","7":"product_cat-dusen-bursten","8":"product_shipping_class-bisam","10":"first","11":"instock","12":"taxable","13":"shipping-taxable","14":"purchasable","15":"product-type-simple"},"yoast_head":"<!-- This site is optimized with the Yoast SEO plugin v27.5 - https:\/\/yoast.com\/product\/yoast-seo-wordpress\/ -->\n<title>Cepillo BIBER 22 - esperti per piscine e stagni naturali<\/title>\n<meta name=\"robots\" content=\"index, follow, max-snippet:-1, max-image-preview:large, max-video-preview:-1\" \/>\n<link rel=\"canonical\" href=\"https:\/\/thebiopool.com\/it\/product\/brush-biber-22\/\" \/>\n<meta property=\"og:locale\" content=\"it_IT\" \/>\n<meta property=\"og:type\" content=\"article\" \/>\n<meta property=\"og:title\" content=\"Cepillo BIBER 22 - esperti per piscine e stagni naturali\" \/>\n<meta property=\"og:description\" content=\"Incl. IVA 21%, pi\u00f9 spese di spedizione  La spazzola elettrica BIBER 22 BRUSH \u00e8 il dispositivo ideale per la pulizia efficiente di pareti verticali di stagni e piscine. La spazzola si aspira in superficie tramite rotazione e pu\u00f2 essere spostata facilmente e senza sforzo tramite l&#039;asta telescopica, che pu\u00f2 essere estesa fino a 5 m. Lo sporco sciolto pu\u00f2 essere aspirato contemporaneamente con un aspiratore per stagni tramite un tubo di aspirazione collegato. Ci\u00f2 significa che il sistema funziona senza intorbidimenti. La direzione di rotazione dell&#039;accessorio spazzola pu\u00f2 essere controllata anche tramite l&#039;unit\u00e0 di commutazione. L&#039;ampia gamma di accessori opzionali offre vari accessori spazzola facilmente intercambiabili per diversi tipi di superfici e livelli di inquinamento.\" \/>\n<meta property=\"og:url\" content=\"https:\/\/thebiopool.com\/it\/product\/brush-biber-22\/\" \/>\n<meta property=\"og:site_name\" content=\"esperti per piscine e stagni naturali\" \/>\n<meta property=\"article:publisher\" content=\"https:\/\/www.facebook.com\/Naturaleza-y-Arte-Stefan-Meier-162702410430553\/\" \/>\n<meta property=\"article:modified_time\" content=\"2026-01-27T09:53:09+00:00\" \/>\n<meta property=\"og:image\" content=\"https:\/\/thebiopool.com\/wp-content\/uploads\/image_biber22.jpg\" \/>\n\t<meta property=\"og:image:width\" content=\"1024\" \/>\n\t<meta property=\"og:image:height\" content=\"682\" \/>\n\t<meta property=\"og:image:type\" content=\"image\/jpeg\" \/>\n<meta name=\"twitter:card\" content=\"summary_large_image\" \/>\n<meta name=\"twitter:label1\" content=\"Tempo di lettura stimato\" \/>\n\t<meta name=\"twitter:data1\" content=\"1 minuto\" \/>\n<script type=\"application\/ld+json\" class=\"yoast-schema-graph\">{\"@context\":\"https:\\\/\\\/schema.org\",\"@graph\":[{\"@type\":\"WebPage\",\"@id\":\"https:\\\/\\\/thebiopool.com\\\/it\\\/product\\\/brush-biber-22\\\/\",\"url\":\"https:\\\/\\\/thebiopool.com\\\/it\\\/product\\\/brush-biber-22\\\/\",\"name\":\"Cepillo BIBER 22 - esperti per piscine e stagni naturali\",\"isPartOf\":{\"@id\":\"https:\\\/\\\/thebiopool.com\\\/it\\\/#website\"},\"primaryImageOfPage\":{\"@id\":\"https:\\\/\\\/thebiopool.com\\\/it\\\/product\\\/brush-biber-22\\\/#primaryimage\"},\"image\":{\"@id\":\"https:\\\/\\\/thebiopool.com\\\/product\\\/brush-biber-22\\\/#primaryimage\"},\"thumbnailUrl\":\"https:\\\/\\\/thebiopool.com\\\/wp-content\\\/uploads\\\/image_biber22.jpg\",\"datePublished\":\"2020-05-11T13:55:41+00:00\",\"dateModified\":\"2026-01-27T09:53:09+00:00\",\"breadcrumb\":{\"@id\":\"https:\\\/\\\/thebiopool.com\\\/it\\\/product\\\/brush-biber-22\\\/#breadcrumb\"},\"inLanguage\":\"it-IT\",\"potentialAction\":[{\"@type\":\"ReadAction\",\"target\":[[\"https:\\\/\\\/thebiopool.com\\\/it\\\/product\\\/brush-biber-22\\\/\"]]}]},{\"@type\":\"ImageObject\",\"inLanguage\":\"it-IT\",\"@id\":\"https:\\\/\\\/thebiopool.com\\\/it\\\/product\\\/brush-biber-22\\\/#primaryimage\",\"url\":\"https:\\\/\\\/thebiopool.com\\\/wp-content\\\/uploads\\\/image_biber22.jpg\",\"contentUrl\":\"https:\\\/\\\/thebiopool.com\\\/wp-content\\\/uploads\\\/image_biber22.jpg\",\"width\":1024,\"height\":682},{\"@type\":\"BreadcrumbList\",\"@id\":\"https:\\\/\\\/thebiopool.com\\\/it\\\/product\\\/brush-biber-22\\\/#breadcrumb\",\"itemListElement\":[{\"@type\":\"ListItem\",\"position\":1,\"name\":\"Home\",\"item\":\"https:\\\/\\\/thebiopool.com\\\/it\\\/\"},{\"@type\":\"ListItem\",\"position\":2,\"name\":\"Shop\",\"item\":\"https:\\\/\\\/thebiopool.com\\\/it\\\/shop\\\/\"},{\"@type\":\"ListItem\",\"position\":3,\"name\":\"Brush BIBER 22 &#8211; Power supply version\"}]},{\"@type\":\"WebSite\",\"@id\":\"https:\\\/\\\/thebiopool.com\\\/it\\\/#website\",\"url\":\"https:\\\/\\\/thebiopool.com\\\/it\\\/\",\"name\":\"TheBiopool\",\"description\":\"progettiamo e creiamo il vostro stagno naturale\",\"publisher\":{\"@id\":\"https:\\\/\\\/thebiopool.com\\\/it\\\/#organization\"},\"potentialAction\":[{\"@type\":\"SearchAction\",\"target\":{\"@type\":\"EntryPoint\",\"urlTemplate\":\"https:\\\/\\\/thebiopool.com\\\/it\\\/?s={search_term_string}\"},\"query-input\":{\"@type\":\"PropertyValueSpecification\",\"valueRequired\":true,\"valueName\":\"search_term_string\"}}],\"inLanguage\":\"it-IT\"},{\"@type\":\"Organization\",\"@id\":\"https:\\\/\\\/thebiopool.com\\\/it\\\/#organization\",\"name\":\"TheBiopool\",\"url\":\"https:\\\/\\\/thebiopool.com\\\/it\\\/\",\"logo\":{\"@type\":\"ImageObject\",\"inLanguage\":\"it-IT\",\"@id\":\"https:\\\/\\\/thebiopool.com\\\/it\\\/#\\\/schema\\\/logo\\\/image\\\/\",\"url\":\"https:\\\/\\\/thebiopool.com\\\/wp-content\\\/uploads\\\/logo-schatten-website-klein.png\",\"contentUrl\":\"https:\\\/\\\/thebiopool.com\\\/wp-content\\\/uploads\\\/logo-schatten-website-klein.png\",\"width\":220,\"height\":64,\"caption\":\"TheBiopool\"},\"image\":{\"@id\":\"https:\\\/\\\/thebiopool.com\\\/it\\\/#\\\/schema\\\/logo\\\/image\\\/\"},\"sameAs\":[\"https:\\\/\\\/www.facebook.com\\\/Naturaleza-y-Arte-Stefan-Meier-162702410430553\\\/\",\"https:\\\/\\\/www.instagram.com\\\/thebiopool\\\/\"]}]}<\/script>\n<!-- \/ Yoast SEO plugin. -->","yoast_head_json":{"title":"Cepillo BIBER 22 - esperti per piscine e stagni naturali","robots":{"index":"index","follow":"follow","max-snippet":"max-snippet:-1","max-image-preview":"max-image-preview:large","max-video-preview":"max-video-preview:-1"},"canonical":"https:\/\/thebiopool.com\/it\/product\/brush-biber-22\/","og_locale":"it_IT","og_type":"article","og_title":"Cepillo BIBER 22 - esperti per piscine e stagni naturali","og_description":"Incl. IVA 21%, pi\u00f9 spese di spedizione  La spazzola elettrica BIBER 22 BRUSH \u00e8 il dispositivo ideale per la pulizia efficiente di pareti verticali di stagni e piscine. La spazzola si aspira in superficie tramite rotazione e pu\u00f2 essere spostata facilmente e senza sforzo tramite l'asta telescopica, che pu\u00f2 essere estesa fino a 5 m. Lo sporco sciolto pu\u00f2 essere aspirato contemporaneamente con un aspiratore per stagni tramite un tubo di aspirazione collegato. Ci\u00f2 significa che il sistema funziona senza intorbidimenti. La direzione di rotazione dell'accessorio spazzola pu\u00f2 essere controllata anche tramite l'unit\u00e0 di commutazione. L'ampia gamma di accessori opzionali offre vari accessori spazzola facilmente intercambiabili per diversi tipi di superfici e livelli di inquinamento.","og_url":"https:\/\/thebiopool.com\/it\/product\/brush-biber-22\/","og_site_name":"esperti per piscine e stagni naturali","article_publisher":"https:\/\/www.facebook.com\/Naturaleza-y-Arte-Stefan-Meier-162702410430553\/","article_modified_time":"2026-01-27T09:53:09+00:00","og_image":[{"width":1024,"height":682,"url":"https:\/\/thebiopool.com\/wp-content\/uploads\/image_biber22.jpg","type":"image\/jpeg"}],"twitter_card":"summary_large_image","twitter_misc":{"Tempo di lettura stimato":"1 minuto"},"schema":{"@context":"https:\/\/schema.org","@graph":[{"@type":"WebPage","@id":"https:\/\/thebiopool.com\/it\/product\/brush-biber-22\/","url":"https:\/\/thebiopool.com\/it\/product\/brush-biber-22\/","name":"Cepillo BIBER 22 - esperti per piscine e stagni naturali","isPartOf":{"@id":"https:\/\/thebiopool.com\/it\/#website"},"primaryImageOfPage":{"@id":"https:\/\/thebiopool.com\/it\/product\/brush-biber-22\/#primaryimage"},"image":{"@id":"https:\/\/thebiopool.com\/product\/brush-biber-22\/#primaryimage"},"thumbnailUrl":"https:\/\/thebiopool.com\/wp-content\/uploads\/image_biber22.jpg","datePublished":"2020-05-11T13:55:41+00:00","dateModified":"2026-01-27T09:53:09+00:00","breadcrumb":{"@id":"https:\/\/thebiopool.com\/it\/product\/brush-biber-22\/#breadcrumb"},"inLanguage":"it-IT","potentialAction":[{"@type":"ReadAction","target":[["https:\/\/thebiopool.com\/it\/product\/brush-biber-22\/"]]}]},{"@type":"ImageObject","inLanguage":"it-IT","@id":"https:\/\/thebiopool.com\/it\/product\/brush-biber-22\/#primaryimage","url":"https:\/\/thebiopool.com\/wp-content\/uploads\/image_biber22.jpg","contentUrl":"https:\/\/thebiopool.com\/wp-content\/uploads\/image_biber22.jpg","width":1024,"height":682},{"@type":"BreadcrumbList","@id":"https:\/\/thebiopool.com\/it\/product\/brush-biber-22\/#breadcrumb","itemListElement":[{"@type":"ListItem","position":1,"name":"Home","item":"https:\/\/thebiopool.com\/it\/"},{"@type":"ListItem","position":2,"name":"Shop","item":"https:\/\/thebiopool.com\/it\/shop\/"},{"@type":"ListItem","position":3,"name":"Brush BIBER 22 &#8211; Power supply version"}]},{"@type":"WebSite","@id":"https:\/\/thebiopool.com\/it\/#website","url":"https:\/\/thebiopool.com\/it\/","name":"TheBiopool","description":"progettiamo e creiamo il vostro stagno naturale","publisher":{"@id":"https:\/\/thebiopool.com\/it\/#organization"},"potentialAction":[{"@type":"SearchAction","target":{"@type":"EntryPoint","urlTemplate":"https:\/\/thebiopool.com\/it\/?s={search_term_string}"},"query-input":{"@type":"PropertyValueSpecification","valueRequired":true,"valueName":"search_term_string"}}],"inLanguage":"it-IT"},{"@type":"Organization","@id":"https:\/\/thebiopool.com\/it\/#organization","name":"TheBiopool","url":"https:\/\/thebiopool.com\/it\/","logo":{"@type":"ImageObject","inLanguage":"it-IT","@id":"https:\/\/thebiopool.com\/it\/#\/schema\/logo\/image\/","url":"https:\/\/thebiopool.com\/wp-content\/uploads\/logo-schatten-website-klein.png","contentUrl":"https:\/\/thebiopool.com\/wp-content\/uploads\/logo-schatten-website-klein.png","width":220,"height":64,"caption":"TheBiopool"},"image":{"@id":"https:\/\/thebiopool.com\/it\/#\/schema\/logo\/image\/"},"sameAs":["https:\/\/www.facebook.com\/Naturaleza-y-Arte-Stefan-Meier-162702410430553\/","https:\/\/www.instagram.com\/thebiopool\/"]}]}},"_links":{"self":[{"href":"https:\/\/thebiopool.com\/it\/wp-json\/wp\/v2\/product\/16382","targetHints":{"allow":["GET"]}}],"collection":[{"href":"https:\/\/thebiopool.com\/it\/wp-json\/wp\/v2\/product"}],"about":[{"href":"https:\/\/thebiopool.com\/it\/wp-json\/wp\/v2\/types\/product"}],"replies":[{"embeddable":true,"href":"https:\/\/thebiopool.com\/it\/wp-json\/wp\/v2\/comments?post=16382"}],"wp:featuredmedia":[{"embeddable":true,"href":"https:\/\/thebiopool.com\/it\/wp-json\/wp\/v2\/media\/18483"}],"wp:attachment":[{"href":"https:\/\/thebiopool.com\/it\/wp-json\/wp\/v2\/media?parent=16382"}],"wp:term":[{"taxonomy":"product_brand","embeddable":true,"href":"https:\/\/thebiopool.com\/it\/wp-json\/wp\/v2\/product_brand?post=16382"},{"taxonomy":"product_cat","embeddable":true,"href":"https:\/\/thebiopool.com\/it\/wp-json\/wp\/v2\/product_cat?post=16382"},{"taxonomy":"product_tag","embeddable":true,"href":"https:\/\/thebiopool.com\/it\/wp-json\/wp\/v2\/product_tag?post=16382"}],"curies":[{"name":"wp","href":"https:\/\/api.w.org\/{rel}","templated":true}]}}