{"id":18911,"date":"2025-01-08T14:09:04","date_gmt":"2025-01-08T13:09:04","guid":{"rendered":"https:\/\/thebiopool.com\/?post_type=product&#038;p=18911"},"modified":"2026-01-27T09:50:17","modified_gmt":"2026-01-27T08:50:17","slug":"cleaning-robot-tt-rb","status":"publish","type":"product","link":"https:\/\/thebiopool.com\/it\/product\/cleaning-robot-tt-rb\/","title":{"rendered":"Robot di pulizia TT-RB"},"content":{"rendered":"<p>Il nostro tuttofare<\/h2>\n<p>Non \u00e8 un&#8217;illusione: grazie alla sua enorme potenza di aspirazione, il robot di pulizia TT-RB, sviluppato appositamente per piscine naturali e laghetti balneabili, non solo risale le pareti, ma le pulisce anche in modo accurato, silenzioso e delicato sulla superficie.<\/p>\n<p>Il TT-RB ha 2 fotocamere e cinque sensori, che lo rendono il dispositivo pi\u00f9 intelligente sul mercato. Grazie ai suoi \u201csette sensi\u201d, pulisce la vostra piscina in modalit\u00e0 automatica non a caso come un robot aspirapolvere, ma piuttosto corsia per corsia.<\/p>\n<p>Il dispositivo fa funzionare le pareti della piscina in modo completamente automatico in senso orario. Dopo una settimana di spazzamento sott&#8217;acqua, anche il fondo della piscina viene pulito, corsia per corsia. Lo fa perfettamente con le piscine geometriche.<\/p>\n<p>In modalit\u00e0 manuale \u00e8 possibile far pulire il robot tramite un&#8217;app per smartphone o un telecomando, ad esempio su gradini di grandi dimensioni o in nicchie dove il robot non pu\u00f2 muoversi autonomamente. E c&#8217;\u00e8 di pi\u00f9: puoi rimuovere il telaio del robot in soli due passaggi e guidare l&#8217;apparecchio a mano senza alcuno sforzo.<\/p>\n<p>L&#8217;asta telescopica appositamente sviluppata \u00e8 disponibile singolarmente nel nostro negozio online. L&#8217;asta telescopica TOSSTEC e molti altri accessori sono gi\u00e0 inclusi nel set TT-RB, ad esempio la campana di aspirazione trasparente e il sacchetto filtro grosso a maglia fine e resistente agli strappi. Grazie alla sua modularit\u00e0 ben studiata e ai numerosi accessori, in futuro avrete bisogno solo di questo dispositivo per pulire la vostra piscina naturale o laghetto balneabile. Parola d&#8217;onore! Con gli appositi accessori il TT-RB pu\u00f2 aspirare il fango, rimuovere i depositi dalle pareti e dai pavimenti della piscina e filtrare le particelle in sospensione nell&#8217;acqua. Il tutto senza perdita d&#8217;acqua!<\/p>\n<p>Il TT-RB funziona con un&#8217;unit\u00e0 filtrante interna che si pulisce automaticamente durante la pulizia della piscina. Poich\u00e9 il filtro non pu\u00f2 intasarsi, l&#8217;apparecchio non perde mai la potenza di aspirazione.<\/p>\n<p>Il controllo gratuito tramite app \u00e8 possibile per tutti i dispositivi TOSSTEC; puoi trovare la gamma di funzioni nel nostro blog.<br \/>\nI vantaggi del robot di pulizia TOSSTEC TT-RB in sintesi:<\/p>\n<ul>\n<li>Per pulire tutte le aree della piscina \u00e8 necessario un solo dispositivo (con accessori adeguati), design modulare<\/li>\n<li>alta efficienza e quindi tempi di pulizia pi\u00f9 brevi<\/li>\n<li>Risparmio energetico del 50% rispetto ad altri sistemi<\/li>\n<li>Pulendo senza perdita d&#8217;acqua, la biologia dello stagno rimane stabile<\/li>\n<li>funziona quasi in silenzio<\/li>\n<li>viene consegnato preprogrammato in base alla planimetria individuale della vostra piscina<\/li>\n<li>impostazione semplice tramite app per smartphone<\/li>\n<li>Comando tramite app o telecomando, anche dalla sedia a sdraio<\/li>\n<li>Gli aggiornamenti software continueranno ad espandere le funzionalit\u00e0 del dispositivo e sono sempre gratuiti<\/li>\n<\/ul>\n<p><\/p>","protected":false},"excerpt":{"rendered":"<p>(pi\u00f9 spese di spedizione vedi carrello)<br \/>\nFornitura:<\/p>\n<p>1 apparecchio base con attacco spazzola modello TT-BS-Plus con una lunghezza del cavo di 18 m<br \/>\n1 telaio<br \/>\n4 dischi filtranti (2 pezzi 45 \u00b5m + 2 pezzi 110 \u00b5m)<br \/>\n1 adattatore<br \/>\n1 alimentatore comprensivo di cavo di alimentazione 1,5 m<br \/>\n1 telecomando comprensivo di 2 batterie<\/p>\n","protected":false},"featured_media":18912,"comment_status":"closed","ping_status":"closed","template":"","meta":[],"product_brand":[],"product_cat":[213],"product_tag":[],"class_list":{"0":"post-18911","1":"product","2":"type-product","3":"status-publish","4":"has-post-thumbnail","6":"product_cat-poolroboter","7":"product_shipping_class-dhl-bis-20kg","9":"first","10":"instock","11":"taxable","12":"shipping-taxable","13":"purchasable","14":"product-type-simple"},"yoast_head":"<!-- This site is optimized with the Yoast SEO plugin v27.4 - https:\/\/yoast.com\/product\/yoast-seo-wordpress\/ -->\n<title>Robot di pulizia TT-RB - esperti per piscine e stagni naturali<\/title>\n<meta name=\"robots\" content=\"index, follow, max-snippet:-1, max-image-preview:large, max-video-preview:-1\" \/>\n<link rel=\"canonical\" href=\"https:\/\/thebiopool.com\/it\/product\/cleaning-robot-tt-rb\/\" \/>\n<meta property=\"og:locale\" content=\"it_IT\" \/>\n<meta property=\"og:type\" content=\"article\" \/>\n<meta property=\"og:title\" content=\"Robot di pulizia TT-RB - esperti per piscine e stagni naturali\" \/>\n<meta property=\"og:description\" content=\"(pi\u00f9 spese di spedizione vedi carrello) Fornitura:  1 apparecchio base con attacco spazzola modello TT-BS-Plus con una lunghezza del cavo di 18 m 1 telaio 4 dischi filtranti (2 pezzi 45 \u00b5m + 2 pezzi 110 \u00b5m) 1 adattatore 1 alimentatore comprensivo di cavo di alimentazione 1,5 m 1 telecomando comprensivo di 2 batterie\" \/>\n<meta property=\"og:url\" content=\"https:\/\/thebiopool.com\/it\/product\/cleaning-robot-tt-rb\/\" \/>\n<meta property=\"og:site_name\" content=\"esperti per piscine e stagni naturali\" \/>\n<meta property=\"article:publisher\" content=\"https:\/\/www.facebook.com\/Naturaleza-y-Arte-Stefan-Meier-162702410430553\/\" \/>\n<meta property=\"article:modified_time\" content=\"2026-01-27T08:50:17+00:00\" \/>\n<meta property=\"og:image\" content=\"https:\/\/thebiopool.com\/wp-content\/uploads\/500700-tt-rb-tosstec-naturpoolroboter-linke-seite-vorschau-1030x827-1.jpg\" \/>\n\t<meta property=\"og:image:width\" content=\"1030\" \/>\n\t<meta property=\"og:image:height\" content=\"827\" \/>\n\t<meta property=\"og:image:type\" content=\"image\/jpeg\" \/>\n<meta name=\"twitter:card\" content=\"summary_large_image\" \/>\n<meta name=\"twitter:label1\" content=\"Tempo di lettura stimato\" \/>\n\t<meta name=\"twitter:data1\" content=\"2 minuti\" \/>\n<script type=\"application\/ld+json\" class=\"yoast-schema-graph\">{\"@context\":\"https:\\\/\\\/schema.org\",\"@graph\":[{\"@type\":\"WebPage\",\"@id\":\"https:\\\/\\\/thebiopool.com\\\/it\\\/product\\\/cleaning-robot-tt-rb\\\/\",\"url\":\"https:\\\/\\\/thebiopool.com\\\/it\\\/product\\\/cleaning-robot-tt-rb\\\/\",\"name\":\"Robot di pulizia TT-RB - esperti per piscine e stagni naturali\",\"isPartOf\":{\"@id\":\"https:\\\/\\\/thebiopool.com\\\/it\\\/#website\"},\"primaryImageOfPage\":{\"@id\":\"https:\\\/\\\/thebiopool.com\\\/it\\\/product\\\/cleaning-robot-tt-rb\\\/#primaryimage\"},\"image\":{\"@id\":\"https:\\\/\\\/thebiopool.com\\\/product\\\/cleaning-robot-tt-rb\\\/#primaryimage\"},\"thumbnailUrl\":\"https:\\\/\\\/thebiopool.com\\\/wp-content\\\/uploads\\\/500700-tt-rb-tosstec-naturpoolroboter-linke-seite-vorschau-1030x827-1.jpg\",\"datePublished\":\"2025-01-08T13:09:04+00:00\",\"dateModified\":\"2026-01-27T08:50:17+00:00\",\"breadcrumb\":{\"@id\":\"https:\\\/\\\/thebiopool.com\\\/it\\\/product\\\/cleaning-robot-tt-rb\\\/#breadcrumb\"},\"inLanguage\":\"it-IT\",\"potentialAction\":[{\"@type\":\"ReadAction\",\"target\":[[\"https:\\\/\\\/thebiopool.com\\\/it\\\/product\\\/cleaning-robot-tt-rb\\\/\"]]}]},{\"@type\":\"ImageObject\",\"inLanguage\":\"it-IT\",\"@id\":\"https:\\\/\\\/thebiopool.com\\\/it\\\/product\\\/cleaning-robot-tt-rb\\\/#primaryimage\",\"url\":\"https:\\\/\\\/thebiopool.com\\\/wp-content\\\/uploads\\\/500700-tt-rb-tosstec-naturpoolroboter-linke-seite-vorschau-1030x827-1.jpg\",\"contentUrl\":\"https:\\\/\\\/thebiopool.com\\\/wp-content\\\/uploads\\\/500700-tt-rb-tosstec-naturpoolroboter-linke-seite-vorschau-1030x827-1.jpg\",\"width\":1030,\"height\":827,\"caption\":\"Natural pool robot-tosstec-by theBIOPOOL\"},{\"@type\":\"BreadcrumbList\",\"@id\":\"https:\\\/\\\/thebiopool.com\\\/it\\\/product\\\/cleaning-robot-tt-rb\\\/#breadcrumb\",\"itemListElement\":[{\"@type\":\"ListItem\",\"position\":1,\"name\":\"Home\",\"item\":\"https:\\\/\\\/thebiopool.com\\\/it\\\/\"},{\"@type\":\"ListItem\",\"position\":2,\"name\":\"Shop\",\"item\":\"https:\\\/\\\/thebiopool.com\\\/it\\\/shop\\\/\"},{\"@type\":\"ListItem\",\"position\":3,\"name\":\"Cleaning Robot TT-RB\"}]},{\"@type\":\"WebSite\",\"@id\":\"https:\\\/\\\/thebiopool.com\\\/it\\\/#website\",\"url\":\"https:\\\/\\\/thebiopool.com\\\/it\\\/\",\"name\":\"TheBiopool\",\"description\":\"progettiamo e creiamo il vostro stagno naturale\",\"publisher\":{\"@id\":\"https:\\\/\\\/thebiopool.com\\\/it\\\/#organization\"},\"potentialAction\":[{\"@type\":\"SearchAction\",\"target\":{\"@type\":\"EntryPoint\",\"urlTemplate\":\"https:\\\/\\\/thebiopool.com\\\/it\\\/?s={search_term_string}\"},\"query-input\":{\"@type\":\"PropertyValueSpecification\",\"valueRequired\":true,\"valueName\":\"search_term_string\"}}],\"inLanguage\":\"it-IT\"},{\"@type\":\"Organization\",\"@id\":\"https:\\\/\\\/thebiopool.com\\\/it\\\/#organization\",\"name\":\"TheBiopool\",\"url\":\"https:\\\/\\\/thebiopool.com\\\/it\\\/\",\"logo\":{\"@type\":\"ImageObject\",\"inLanguage\":\"it-IT\",\"@id\":\"https:\\\/\\\/thebiopool.com\\\/it\\\/#\\\/schema\\\/logo\\\/image\\\/\",\"url\":\"https:\\\/\\\/thebiopool.com\\\/wp-content\\\/uploads\\\/logo-schatten-website-klein.png\",\"contentUrl\":\"https:\\\/\\\/thebiopool.com\\\/wp-content\\\/uploads\\\/logo-schatten-website-klein.png\",\"width\":220,\"height\":64,\"caption\":\"TheBiopool\"},\"image\":{\"@id\":\"https:\\\/\\\/thebiopool.com\\\/it\\\/#\\\/schema\\\/logo\\\/image\\\/\"},\"sameAs\":[\"https:\\\/\\\/www.facebook.com\\\/Naturaleza-y-Arte-Stefan-Meier-162702410430553\\\/\",\"https:\\\/\\\/www.instagram.com\\\/thebiopool\\\/\"]}]}<\/script>\n<!-- \/ Yoast SEO plugin. -->","yoast_head_json":{"title":"Robot di pulizia TT-RB - esperti per piscine e stagni naturali","robots":{"index":"index","follow":"follow","max-snippet":"max-snippet:-1","max-image-preview":"max-image-preview:large","max-video-preview":"max-video-preview:-1"},"canonical":"https:\/\/thebiopool.com\/it\/product\/cleaning-robot-tt-rb\/","og_locale":"it_IT","og_type":"article","og_title":"Robot di pulizia TT-RB - esperti per piscine e stagni naturali","og_description":"(pi\u00f9 spese di spedizione vedi carrello) Fornitura:  1 apparecchio base con attacco spazzola modello TT-BS-Plus con una lunghezza del cavo di 18 m 1 telaio 4 dischi filtranti (2 pezzi 45 \u00b5m + 2 pezzi 110 \u00b5m) 1 adattatore 1 alimentatore comprensivo di cavo di alimentazione 1,5 m 1 telecomando comprensivo di 2 batterie","og_url":"https:\/\/thebiopool.com\/it\/product\/cleaning-robot-tt-rb\/","og_site_name":"esperti per piscine e stagni naturali","article_publisher":"https:\/\/www.facebook.com\/Naturaleza-y-Arte-Stefan-Meier-162702410430553\/","article_modified_time":"2026-01-27T08:50:17+00:00","og_image":[{"width":1030,"height":827,"url":"https:\/\/thebiopool.com\/wp-content\/uploads\/500700-tt-rb-tosstec-naturpoolroboter-linke-seite-vorschau-1030x827-1.jpg","type":"image\/jpeg"}],"twitter_card":"summary_large_image","twitter_misc":{"Tempo di lettura stimato":"2 minuti"},"schema":{"@context":"https:\/\/schema.org","@graph":[{"@type":"WebPage","@id":"https:\/\/thebiopool.com\/it\/product\/cleaning-robot-tt-rb\/","url":"https:\/\/thebiopool.com\/it\/product\/cleaning-robot-tt-rb\/","name":"Robot di pulizia TT-RB - esperti per piscine e stagni naturali","isPartOf":{"@id":"https:\/\/thebiopool.com\/it\/#website"},"primaryImageOfPage":{"@id":"https:\/\/thebiopool.com\/it\/product\/cleaning-robot-tt-rb\/#primaryimage"},"image":{"@id":"https:\/\/thebiopool.com\/product\/cleaning-robot-tt-rb\/#primaryimage"},"thumbnailUrl":"https:\/\/thebiopool.com\/wp-content\/uploads\/500700-tt-rb-tosstec-naturpoolroboter-linke-seite-vorschau-1030x827-1.jpg","datePublished":"2025-01-08T13:09:04+00:00","dateModified":"2026-01-27T08:50:17+00:00","breadcrumb":{"@id":"https:\/\/thebiopool.com\/it\/product\/cleaning-robot-tt-rb\/#breadcrumb"},"inLanguage":"it-IT","potentialAction":[{"@type":"ReadAction","target":[["https:\/\/thebiopool.com\/it\/product\/cleaning-robot-tt-rb\/"]]}]},{"@type":"ImageObject","inLanguage":"it-IT","@id":"https:\/\/thebiopool.com\/it\/product\/cleaning-robot-tt-rb\/#primaryimage","url":"https:\/\/thebiopool.com\/wp-content\/uploads\/500700-tt-rb-tosstec-naturpoolroboter-linke-seite-vorschau-1030x827-1.jpg","contentUrl":"https:\/\/thebiopool.com\/wp-content\/uploads\/500700-tt-rb-tosstec-naturpoolroboter-linke-seite-vorschau-1030x827-1.jpg","width":1030,"height":827,"caption":"Natural pool robot-tosstec-by theBIOPOOL"},{"@type":"BreadcrumbList","@id":"https:\/\/thebiopool.com\/it\/product\/cleaning-robot-tt-rb\/#breadcrumb","itemListElement":[{"@type":"ListItem","position":1,"name":"Home","item":"https:\/\/thebiopool.com\/it\/"},{"@type":"ListItem","position":2,"name":"Shop","item":"https:\/\/thebiopool.com\/it\/shop\/"},{"@type":"ListItem","position":3,"name":"Cleaning Robot TT-RB"}]},{"@type":"WebSite","@id":"https:\/\/thebiopool.com\/it\/#website","url":"https:\/\/thebiopool.com\/it\/","name":"TheBiopool","description":"progettiamo e creiamo il vostro stagno naturale","publisher":{"@id":"https:\/\/thebiopool.com\/it\/#organization"},"potentialAction":[{"@type":"SearchAction","target":{"@type":"EntryPoint","urlTemplate":"https:\/\/thebiopool.com\/it\/?s={search_term_string}"},"query-input":{"@type":"PropertyValueSpecification","valueRequired":true,"valueName":"search_term_string"}}],"inLanguage":"it-IT"},{"@type":"Organization","@id":"https:\/\/thebiopool.com\/it\/#organization","name":"TheBiopool","url":"https:\/\/thebiopool.com\/it\/","logo":{"@type":"ImageObject","inLanguage":"it-IT","@id":"https:\/\/thebiopool.com\/it\/#\/schema\/logo\/image\/","url":"https:\/\/thebiopool.com\/wp-content\/uploads\/logo-schatten-website-klein.png","contentUrl":"https:\/\/thebiopool.com\/wp-content\/uploads\/logo-schatten-website-klein.png","width":220,"height":64,"caption":"TheBiopool"},"image":{"@id":"https:\/\/thebiopool.com\/it\/#\/schema\/logo\/image\/"},"sameAs":["https:\/\/www.facebook.com\/Naturaleza-y-Arte-Stefan-Meier-162702410430553\/","https:\/\/www.instagram.com\/thebiopool\/"]}]}},"_links":{"self":[{"href":"https:\/\/thebiopool.com\/it\/wp-json\/wp\/v2\/product\/18911","targetHints":{"allow":["GET"]}}],"collection":[{"href":"https:\/\/thebiopool.com\/it\/wp-json\/wp\/v2\/product"}],"about":[{"href":"https:\/\/thebiopool.com\/it\/wp-json\/wp\/v2\/types\/product"}],"replies":[{"embeddable":true,"href":"https:\/\/thebiopool.com\/it\/wp-json\/wp\/v2\/comments?post=18911"}],"wp:featuredmedia":[{"embeddable":true,"href":"https:\/\/thebiopool.com\/it\/wp-json\/wp\/v2\/media\/18912"}],"wp:attachment":[{"href":"https:\/\/thebiopool.com\/it\/wp-json\/wp\/v2\/media?parent=18911"}],"wp:term":[{"taxonomy":"product_brand","embeddable":true,"href":"https:\/\/thebiopool.com\/it\/wp-json\/wp\/v2\/product_brand?post=18911"},{"taxonomy":"product_cat","embeddable":true,"href":"https:\/\/thebiopool.com\/it\/wp-json\/wp\/v2\/product_cat?post=18911"},{"taxonomy":"product_tag","embeddable":true,"href":"https:\/\/thebiopool.com\/it\/wp-json\/wp\/v2\/product_tag?post=18911"}],"curies":[{"name":"wp","href":"https:\/\/api.w.org\/{rel}","templated":true}]}}